{"id":1045,"date":"2023-09-19T07:16:26","date_gmt":"2023-09-19T07:16:26","guid":{"rendered":"https:\/\/portana.artkvisual.com\/?page_id=1045"},"modified":"2026-03-23T15:32:32","modified_gmt":"2026-03-23T15:32:32","slug":"valores-y-responsabilidad","status":"publish","type":"page","link":"https:\/\/www.portanaviajes.com\/en\/valores-y-responsabilidad\/","title":{"rendered":"Valores y Responsabilidad"},"content":{"rendered":"<div data-elementor-type=\"wp-page\" data-elementor-id=\"1045\" class=\"elementor elementor-1045\">\n\t\t\t\t\t\t<section class=\"elementor-section elementor-top-section elementor-element elementor-element-3b9c4928 elementor-section-boxed elementor-section-height-default elementor-section-height-default\" data-id=\"3b9c4928\" data-element_type=\"section\" data-e-type=\"section\">\n\t\t\t\t\t\t<div class=\"elementor-container elementor-column-gap-narrow\">\n\t\t\t\t\t<div class=\"elementor-column elementor-col-100 elementor-top-column elementor-element elementor-element-2895e317\" data-id=\"2895e317\" data-element_type=\"column\" data-e-type=\"column\">\n\t\t\t<div class=\"elementor-widget-wrap elementor-element-populated\">\n\t\t\t\t\t\t<div class=\"elementor-section elementor-inner-section elementor-element elementor-element-689fa4f7 elementor-section-full_width elementor-section-height-default elementor-section-height-default\" data-id=\"689fa4f7\" data-element_type=\"section\" data-e-type=\"section\">\n\t\t\t\t\t\t<div class=\"elementor-container elementor-column-gap-default\">\n\t\t\t\t\t<div class=\"elementor-column elementor-col-100 elementor-inner-column elementor-element elementor-element-de22d15\" data-id=\"de22d15\" data-element_type=\"column\" data-e-type=\"column\" data-settings=\"{&quot;animation&quot;:&quot;none&quot;}\">\n\t\t\t<div class=\"elementor-widget-wrap elementor-element-populated\">\n\t\t\t\t\t\t<div class=\"elementor-element elementor-element-5e69a5c elementor-widget elementor-widget-heading\" data-id=\"5e69a5c\" data-element_type=\"widget\" data-e-type=\"widget\" data-widget_type=\"heading.default\">\n\t\t\t\t<div class=\"elementor-widget-container\">\n\t\t\t\t\t<h2 class=\"elementor-heading-title elementor-size-default\">NUESTROS OBJETIVOS: CREAR UN NEGOCIO FUERTE Y AYUDAR A  CONSTRUIR UN MUNDO MEJOR<\/h2>\t\t\t\t<\/div>\n\t\t\t\t<\/div>\n\t\t\t\t<div class=\"elementor-element elementor-element-a067cd5 elementor-widget elementor-widget-spacer\" data-id=\"a067cd5\" data-element_type=\"widget\" data-e-type=\"widget\" data-widget_type=\"spacer.default\">\n\t\t\t\t<div class=\"elementor-widget-container\">\n\t\t\t\t\t\t\t<div class=\"elementor-spacer\">\n\t\t\t<div class=\"elementor-spacer-inner\"><\/div>\n\t\t<\/div>\n\t\t\t\t\t\t<\/div>\n\t\t\t\t<\/div>\n\t\t\t\t<div class=\"elementor-element elementor-element-4b641bee elementor-widget elementor-widget-text-editor\" data-id=\"4b641bee\" data-element_type=\"widget\" data-e-type=\"widget\" data-settings=\"{&quot;_animation&quot;:&quot;none&quot;}\" data-widget_type=\"text-editor.default\">\n\t\t\t\t<div class=\"elementor-widget-container\">\n\t\t\t\t\t\t\t\t\t<h3 style=\"text-align: justify;\">\u200bValores:<\/h3><p class=\"font_8 wixui-rich-text__text\" style=\"text-align: justify;\">Nuestro compromiso como empresa legalmente constituida se fundamenta en los siguientes valores:<\/p><p>\u00a0<\/p>\t\t\t\t\t\t\t\t<\/div>\n\t\t\t\t<\/div>\n\t\t\t\t<div class=\"elementor-element elementor-element-529e943 elementor-widget elementor-widget-travol-list-icon\" data-id=\"529e943\" data-element_type=\"widget\" data-e-type=\"widget\" data-widget_type=\"travol-list-icon.default\">\n\t\t\t\t<div class=\"elementor-widget-container\">\n\t\t\t\t\t\t\t\n         <div class=\"about\">\t\n         <ul class=\"list-unstyled about-list mb-30\">\t\n\t\t\t\t\t\t\t<li>\n                    \t\t\t\t\t<div class=\"about-list-icon\"> \n\t\t\t\t\t\t\t\t\t\t<span class=\"ti-check\"><\/span>\n\t\t\t\t\t\t\t\t\t\t<\/div>\n\t\t\t\t\t                    <div class=\"about-list-text\">\n                        <p>La transparencia, la sinceridad y la franqueza que garanticen la confianza y credibilidad de nuestros clientes viajeros.\n\n<\/p>\n                    <\/div>\n                <\/li>\n\t\t\t\t\t\t\t<li>\n                    \t\t\t\t\t<div class=\"about-list-icon\"> \n\t\t\t\t\t\t\t\t\t\t<span class=\"ti-check\"><\/span>\n\t\t\t\t\t\t\t\t\t\t<\/div>\n\t\t\t\t\t                    <div class=\"about-list-text\">\n                        <p>Nuestro objetivo, no es s\u00f3lo decir que tenemos los mejores productos y servicios tur\u00edsticos, tambi\u00e9n demostrar que cumplen con los par\u00e1metros establecidos y prometidos, lo m\u00e1s cercano a la perfecci\u00f3n posible.\n\n\n<\/p>\n                    <\/div>\n                <\/li>\n\t\t\t\t\t\t\t<li>\n                    \t\t\t\t\t<div class=\"about-list-icon\"> \n\t\t\t\t\t\t\t\t\t\t<span class=\"ti-check\"><\/span>\n\t\t\t\t\t\t\t\t\t\t<\/div>\n\t\t\t\t\t                    <div class=\"about-list-text\">\n                        <p>Le daremos la m\u00e1xima importancia a la puntualidad en todos los horarios de salida y llegada de las rutas o viajes.\n\n\n\n<\/p>\n                    <\/div>\n                <\/li>\n\t\t\t\t\t\t\t<li>\n                    \t\t\t\t\t<div class=\"about-list-icon\"> \n\t\t\t\t\t\t\t\t\t\t<span class=\"ti-check\"><\/span>\n\t\t\t\t\t\t\t\t\t\t<\/div>\n\t\t\t\t\t                    <div class=\"about-list-text\">\n                        <p>Amamos y disfrutamos lo que hacemos, esto nos permite estar siempre altamente motivados, transmitiendo un elevado grado de emoci\u00f3n y pasi\u00f3n en todos los viajes.\n\n\n\n\n<\/p>\n                    <\/div>\n                <\/li>\n\t\t\t\t\t\t\t<li>\n                    \t\t\t\t\t<div class=\"about-list-icon\"> \n\t\t\t\t\t\t\t\t\t\t<span class=\"ti-check\"><\/span>\n\t\t\t\t\t\t\t\t\t\t<\/div>\n\t\t\t\t\t                    <div class=\"about-list-text\">\n                        <p>Intentamos ser los mejores en nuestra actividad y para ello nos exigimos lo m\u00e1ximo, de manera que s\u00f3lo tenemos una finalidad: crecer.\n\n\n\n\n\n<\/p>\n                    <\/div>\n                <\/li>\n\t\t\t\t\t\t\t<li>\n                    \t\t\t\t\t<div class=\"about-list-icon\"> \n\t\t\t\t\t\t\t\t\t\t<span class=\"ti-check\"><\/span>\n\t\t\t\t\t\t\t\t\t\t<\/div>\n\t\t\t\t\t                    <div class=\"about-list-text\">\n                        <p>Somos un equipo donde la tolerancia, respeto, igualdad y admiraci\u00f3n toma la consideraci\u00f3n de prioridad, junto a valores como la libertad, la resiliencia, lealtad y solidaridad con todos los actores implicados, tanto internos como externos a la empresa.\n\n\n\n\n\n\n<\/p>\n                    <\/div>\n                <\/li>\n\t\t\t\t\t\t\t<li>\n                    \t\t\t\t\t<div class=\"about-list-icon\"> \n\t\t\t\t\t\t\t\t\t\t<span class=\"ti-check\"><\/span>\n\t\t\t\t\t\t\t\t\t\t<\/div>\n\t\t\t\t\t                    <div class=\"about-list-text\">\n                        <p>Nuestra propuesta de valor como empresa es, adecuarnos a las necesidades de los clientes, eje principal del futuro \u00e9xito como agencia de viajes, la premisa m\u00e1xima: la orientaci\u00f3n al cliente como pilar b\u00e1sico que sustenta nuestra estructura organizativa y funcional.\n\n\n\n\n\n\n\n<\/p>\n                    <\/div>\n                <\/li>\n\t\t\t\t\t\t\t<li>\n                    \t\t\t\t\t<div class=\"about-list-icon\"> \n\t\t\t\t\t\t\t\t\t\t<span class=\"ti-check\"><\/span>\n\t\t\t\t\t\t\t\t\t\t<\/div>\n\t\t\t\t\t                    <div class=\"about-list-text\">\n                        <p>Nada de esto tendr\u00eda sentido si adem\u00e1s nuestras acciones no generan beneficios a las personas que no necesariamente tengan relaci\u00f3n con nosotros, de manera que debemos causar un amplio y positivo impacto en la sociedad que nos rodea, dando un alta valor a la Responsabilidad Social.\n\n\n\n\n\n\n\n\n<\/p>\n                    <\/div>\n                <\/li>\n\t\t\t\t\t\n\t\t<\/ul>\n\t\t<\/div>\n\t\t\t\n        \t\t\t\t<\/div>\n\t\t\t\t<\/div>\n\t\t\t\t<div class=\"elementor-element elementor-element-f58c5f9 elementor-widget elementor-widget-text-editor\" data-id=\"f58c5f9\" data-element_type=\"widget\" data-e-type=\"widget\" data-settings=\"{&quot;_animation&quot;:&quot;none&quot;}\" data-widget_type=\"text-editor.default\">\n\t\t\t\t<div class=\"elementor-widget-container\">\n\t\t\t\t\t\t\t\t\t<h3 style=\"text-align: justify;\">\u200bRESPONSABILIDAD SOCIAL CORPORATIVA:<\/h3><p class=\"font_8 wixui-rich-text__text\"><span class=\"wixui-rich-text__text\">Nuestras acciones dirigidas a la responsabilidad social corporativa y compensar nuestra Huella de Carbono las concentramos en dos:<\/span><\/p><p>\u00a0<\/p>\t\t\t\t\t\t\t\t<\/div>\n\t\t\t\t<\/div>\n\t\t\t\t<div class=\"elementor-element elementor-element-7435dfc elementor-widget elementor-widget-travol-list-icon\" data-id=\"7435dfc\" data-element_type=\"widget\" data-e-type=\"widget\" data-widget_type=\"travol-list-icon.default\">\n\t\t\t\t<div class=\"elementor-widget-container\">\n\t\t\t\t\t\t\t\n         <div class=\"about\">\t\n         <ul class=\"list-unstyled about-list mb-30\">\t\n\t\t\t\t\t\t\t<li>\n                    \t\t\t\t\t<div class=\"about-list-icon\"> \n\t\t\t\t\t\t\t\t\t\t<span class=\"ti-check\"><\/span>\n\t\t\t\t\t\t\t\t\t\t<\/div>\n\t\t\t\t\t                    <div class=\"about-list-text\">\n                        <p>Para los viajes con destino Marruecos y Argelia, nuestros clientes dispondr\u00e1n de unas bolsas patrocinadas con material escolar y ropa, que entregar\u00e1n de manera altruista en aquellas poblaciones m\u00e1s vulnerables que tienen limitaciones de acceso por su situaci\u00f3n geogr\u00e1fica, apartadas y alejadas de las grandes ciudades o bien pueblos con econom\u00edas m\u00e1s pobres.\n\n\n<\/p>\n                    <\/div>\n                <\/li>\n\t\t\t\t\t\t\t<li>\n                    \t\t\t\t\t<div class=\"about-list-icon\"> \n\t\t\t\t\t\t\t\t\t\t<span class=\"ti-check\"><\/span>\n\t\t\t\t\t\t\t\t\t\t<\/div>\n\t\t\t\t\t                    <div class=\"about-list-text\">\n                        <p>Por otro lado para compensar la huella de CO2 de nuestros viajes plantaremos \u00e1rboles aut\u00f3ctonos bajo estrictos criterios medioambientales y cient\u00edficos, facilitando la recuperaci\u00f3n de terrenos degradados, \u00bfy c\u00f3mo lo haremos? apadrinando un arbol por cada viajero, el cual recibir\u00e1 un certificado en papel reciclado y reciclable  personalizado con la geolocalizaci\u00f3n de su \u00e1rbol que acr\u00e9dite la plantaci\u00f3n, el cual una vez plantado podr\u00e1 visitar siempre que quiera.\n\n\n<\/p>\n                    <\/div>\n                <\/li>\n\t\t\t\t\t\n\t\t<\/ul>\n\t\t<\/div>\n\t\t\t\n        \t\t\t\t<\/div>\n\t\t\t\t<\/div>\n\t\t\t\t<div class=\"elementor-element elementor-element-6566f12 elementor-widget elementor-widget-text-editor\" data-id=\"6566f12\" data-element_type=\"widget\" data-e-type=\"widget\" data-settings=\"{&quot;_animation&quot;:&quot;none&quot;}\" data-widget_type=\"text-editor.default\">\n\t\t\t\t<div class=\"elementor-widget-container\">\n\t\t\t\t\t\t\t\t\t<div id=\"comp-kmp73gws1\" class=\"KcpHeO tz5f0K comp-kmp73gws1 wixui-rich-text\" data-testid=\"richTextElement\"><p class=\"font_8 wixui-rich-text__text\"><span class=\"wixui-rich-text__text\">Por supuesto estaremos abiertos a cualquier propuesta que nos hagan llegar nuestros clientes viajeros que contribuyen a paliar los impactos medioambientales o ayuden a poblaciones con menos recursos.<\/span><\/p><\/div>\t\t\t\t\t\t\t\t<\/div>\n\t\t\t\t<\/div>\n\t\t\t\t\t<\/div>\n\t\t<\/div>\n\t\t\t\t\t<\/div>\n\t\t<\/div>\n\t\t\t\t\t<\/div>\n\t\t<\/div>\n\t\t\t\t\t<\/div>\n\t\t<\/section>\n\t\t\t\t<\/div>","protected":false},"excerpt":{"rendered":"<p>NUESTROS OBJETIVOS: CREAR UN NEGOCIO FUERTE Y AYUDAR A CONSTRUIR UN MUNDO MEJOR \u200bValores: Nuestro compromiso como empresa legalmente constituida se fundamenta en los siguientes valores: \u00a0 La transparencia, la sinceridad y la franqueza que garanticen la confianza y credibilidad de nuestros clientes viajeros&#8230;.<\/p>","protected":false},"author":2,"featured_media":0,"parent":0,"menu_order":0,"comment_status":"closed","ping_status":"closed","template":"","meta":{"footnotes":""},"class_list":["post-1045","page","type-page","status-publish","hentry"],"meta_box":[],"_links":{"self":[{"href":"https:\/\/www.portanaviajes.com\/en\/wp-json\/wp\/v2\/pages\/1045","targetHints":{"allow":["GET"]}}],"collection":[{"href":"https:\/\/www.portanaviajes.com\/en\/wp-json\/wp\/v2\/pages"}],"about":[{"href":"https:\/\/www.portanaviajes.com\/en\/wp-json\/wp\/v2\/types\/page"}],"author":[{"embeddable":true,"href":"https:\/\/www.portanaviajes.com\/en\/wp-json\/wp\/v2\/users\/2"}],"replies":[{"embeddable":true,"href":"https:\/\/www.portanaviajes.com\/en\/wp-json\/wp\/v2\/comments?post=1045"}],"version-history":[{"count":12,"href":"https:\/\/www.portanaviajes.com\/en\/wp-json\/wp\/v2\/pages\/1045\/revisions"}],"predecessor-version":[{"id":8724,"href":"https:\/\/www.portanaviajes.com\/en\/wp-json\/wp\/v2\/pages\/1045\/revisions\/8724"}],"wp:attachment":[{"href":"https:\/\/www.portanaviajes.com\/en\/wp-json\/wp\/v2\/media?parent=1045"}],"curies":[{"name":"wp","href":"https:\/\/api.w.org\/{rel}","templated":true}]}}