{"id":1056,"date":"2023-09-26T08:26:08","date_gmt":"2023-09-26T08:26:08","guid":{"rendered":"https:\/\/portana.artkvisual.com\/?page_id=1056"},"modified":"2024-01-03T10:58:40","modified_gmt":"2024-01-03T10:58:40","slug":"geolocalizacion","status":"publish","type":"page","link":"https:\/\/www.portanaviajes.com\/en\/geolocalizacion\/","title":{"rendered":"GEOLOCALIZACI\u00d3N"},"content":{"rendered":"<div data-elementor-type=\"wp-page\" data-elementor-id=\"1056\" class=\"elementor elementor-1056\">\n\t\t\t\t\t\t<section class=\"elementor-section elementor-top-section elementor-element elementor-element-25da393 elementor-section-boxed elementor-section-height-default elementor-section-height-default\" data-id=\"25da393\" data-element_type=\"section\" data-e-type=\"section\">\n\t\t\t\t\t\t<div class=\"elementor-container elementor-column-gap-default\">\n\t\t\t\t\t<div class=\"elementor-column elementor-col-100 elementor-top-column elementor-element elementor-element-4193af1\" data-id=\"4193af1\" data-element_type=\"column\" data-e-type=\"column\">\n\t\t\t<div class=\"elementor-widget-wrap elementor-element-populated\">\n\t\t\t\t\t\t<div class=\"elementor-element elementor-element-9be78de elementor-widget elementor-widget-text-editor\" data-id=\"9be78de\" data-element_type=\"widget\" data-e-type=\"widget\" data-widget_type=\"text-editor.default\">\n\t\t\t\t<div class=\"elementor-widget-container\">\n\t\t\t\t\t\t\t\t\t<p class=\"font_8 wixui-rich-text__text\" style=\"text-align: JUSTIFY;\">Nos preocupa especialmente la seguridad, a lo largo del recorrido atravesamos zonas de poca o nula cobertura m\u00f3vil, para evitar la falta de comunicaci\u00f3n dispondremos de un centro de control y seguimiento del viajero con dispositivos de localizaci\u00f3n v\u00eda sat\u00e9lite, de manera que podremos rastrear en tiempo real y de forma fiable la ubicaci\u00f3n y comunicaci\u00f3n durante todo el trayecto, monitorizando la ruta actuaremos con rapidez ante cualquier incidencia, adem\u00e1s de compartir su ubicaci\u00f3n con amigos y familia.<\/p>\t\t\t\t\t\t\t\t<\/div>\n\t\t\t\t<\/div>\n\t\t\t\t\t<\/div>\n\t\t<\/div>\n\t\t\t\t\t<\/div>\n\t\t<\/section>\n\t\t\t\t<section class=\"elementor-section elementor-top-section elementor-element elementor-element-d790b16 elementor-section-boxed elementor-section-height-default elementor-section-height-default\" data-id=\"d790b16\" data-element_type=\"section\" data-e-type=\"section\" data-settings=\"{&quot;background_background&quot;:&quot;classic&quot;}\">\n\t\t\t\t\t\t\t<div class=\"elementor-background-overlay\"><\/div>\n\t\t\t\t\t\t\t<div class=\"elementor-container elementor-column-gap-default\">\n\t\t\t\t\t<div class=\"elementor-column elementor-col-100 elementor-top-column elementor-element elementor-element-3430d48\" data-id=\"3430d48\" data-element_type=\"column\" data-e-type=\"column\">\n\t\t\t<div class=\"elementor-widget-wrap elementor-element-populated\">\n\t\t\t\t\t\t<div class=\"elementor-element elementor-element-304bf88 elementor-widget elementor-widget-heading\" data-id=\"304bf88\" data-element_type=\"widget\" data-e-type=\"widget\" data-widget_type=\"heading.default\">\n\t\t\t\t<div class=\"elementor-widget-container\">\n\t\t\t\t\t<h2 class=\"elementor-heading-title elementor-size-default\">\"ES EL VIAJE Y NO LA LLEGADA A DESTINO LO QUE IMPORTA\" (Penelope Riley)<\/h2>\t\t\t\t<\/div>\n\t\t\t\t<\/div>\n\t\t\t\t\t<\/div>\n\t\t<\/div>\n\t\t\t\t\t<\/div>\n\t\t<\/section>\n\t\t\t\t<section class=\"elementor-section elementor-top-section elementor-element elementor-element-2d6561e elementor-section-boxed elementor-section-height-default elementor-section-height-default\" data-id=\"2d6561e\" data-element_type=\"section\" data-e-type=\"section\">\n\t\t\t\t\t\t<div class=\"elementor-container elementor-column-gap-default\">\n\t\t\t\t\t<div class=\"elementor-column elementor-col-100 elementor-top-column elementor-element elementor-element-b449ca0\" data-id=\"b449ca0\" data-element_type=\"column\" data-e-type=\"column\">\n\t\t\t<div class=\"elementor-widget-wrap elementor-element-populated\">\n\t\t\t\t\t\t<div class=\"elementor-element elementor-element-307dee6 elementor-widget elementor-widget-text-editor\" data-id=\"307dee6\" data-element_type=\"widget\" data-e-type=\"widget\" data-widget_type=\"text-editor.default\">\n\t\t\t\t<div class=\"elementor-widget-container\">\n\t\t\t\t\t\t\t\t\t<p>En caso de emergencia se podr\u00e1 enviar una alerta a nuestro centro de control, enviando un SMS y un Email con al posici\u00f3n exacta para que podamos iniciar nuestro protocolo de auxilio y rescate.<\/p><p>Queremos que nuestros viajeros y ruteros sientan que en todo momento est\u00e1n protegidos, nuestro objetivo es que disfruten sin estr\u00e9s y tranquilos.<\/p>\t\t\t\t\t\t\t\t<\/div>\n\t\t\t\t<\/div>\n\t\t\t\t\t<\/div>\n\t\t<\/div>\n\t\t\t\t\t<\/div>\n\t\t<\/section>\n\t\t\t\t<\/div>","protected":false},"excerpt":{"rendered":"<p>Nos preocupa especialmente la seguridad, a lo largo del recorrido atravesamos zonas de poca o nula cobertura m\u00f3vil, para evitar la falta de comunicaci\u00f3n dispondremos de un centro de control y seguimiento del viajero con dispositivos de localizaci\u00f3n v\u00eda sat\u00e9lite, de manera que podremos&#8230;<\/p>","protected":false},"author":2,"featured_media":3016,"parent":0,"menu_order":0,"comment_status":"closed","ping_status":"closed","template":"","meta":{"footnotes":""},"class_list":["post-1056","page","type-page","status-publish","has-post-thumbnail","hentry"],"meta_box":[],"_links":{"self":[{"href":"https:\/\/www.portanaviajes.com\/en\/wp-json\/wp\/v2\/pages\/1056","targetHints":{"allow":["GET"]}}],"collection":[{"href":"https:\/\/www.portanaviajes.com\/en\/wp-json\/wp\/v2\/pages"}],"about":[{"href":"https:\/\/www.portanaviajes.com\/en\/wp-json\/wp\/v2\/types\/page"}],"author":[{"embeddable":true,"href":"https:\/\/www.portanaviajes.com\/en\/wp-json\/wp\/v2\/users\/2"}],"replies":[{"embeddable":true,"href":"https:\/\/www.portanaviajes.com\/en\/wp-json\/wp\/v2\/comments?post=1056"}],"version-history":[{"count":21,"href":"https:\/\/www.portanaviajes.com\/en\/wp-json\/wp\/v2\/pages\/1056\/revisions"}],"predecessor-version":[{"id":3365,"href":"https:\/\/www.portanaviajes.com\/en\/wp-json\/wp\/v2\/pages\/1056\/revisions\/3365"}],"wp:featuredmedia":[{"embeddable":true,"href":"https:\/\/www.portanaviajes.com\/en\/wp-json\/wp\/v2\/media\/3016"}],"wp:attachment":[{"href":"https:\/\/www.portanaviajes.com\/en\/wp-json\/wp\/v2\/media?parent=1056"}],"curies":[{"name":"wp","href":"https:\/\/api.w.org\/{rel}","templated":true}]}}