{"id":1088,"date":"2023-09-26T09:03:35","date_gmt":"2023-09-26T09:03:35","guid":{"rendered":"https:\/\/portana.artkvisual.com\/?page_id=1088"},"modified":"2024-08-31T09:23:20","modified_gmt":"2024-08-31T09:23:20","slug":"rutas-en-moto","status":"publish","type":"page","link":"https:\/\/www.portanaviajes.com\/en\/rutas-en-moto\/","title":{"rendered":"RUTAS EN MOTO"},"content":{"rendered":"<div data-elementor-type=\"wp-page\" data-elementor-id=\"1088\" class=\"elementor elementor-1088\">\n\t\t\t\t\t\t<section class=\"elementor-section elementor-top-section elementor-element elementor-element-62e0431 elementor-section-boxed elementor-section-height-default elementor-section-height-default\" data-id=\"62e0431\" data-element_type=\"section\" data-e-type=\"section\">\n\t\t\t\t\t\t<div class=\"elementor-container elementor-column-gap-default\">\n\t\t\t\t\t<div class=\"elementor-column elementor-col-33 elementor-top-column elementor-element elementor-element-31f02d6\" data-id=\"31f02d6\" data-element_type=\"column\" data-e-type=\"column\">\n\t\t\t<div class=\"elementor-widget-wrap elementor-element-populated\">\n\t\t\t\t\t\t<div class=\"elementor-element elementor-element-7daac65 elementor-widget__width-initial elementor-view-default elementor-widget elementor-widget-icon\" data-id=\"7daac65\" data-element_type=\"widget\" data-e-type=\"widget\" data-widget_type=\"icon.default\">\n\t\t\t\t<div class=\"elementor-widget-container\">\n\t\t\t\t\t\t\t<div class=\"elementor-icon-wrapper\">\n\t\t\t<div class=\"elementor-icon\">\n\t\t\t<i aria-hidden=\"true\" class=\"fas fa-motorcycle\"><\/i>\t\t\t<\/div>\n\t\t<\/div>\n\t\t\t\t\t\t<\/div>\n\t\t\t\t<\/div>\n\t\t\t\t\t<\/div>\n\t\t<\/div>\n\t\t\t\t<div class=\"elementor-column elementor-col-66 elementor-top-column elementor-element elementor-element-1e8d90a\" data-id=\"1e8d90a\" data-element_type=\"column\" data-e-type=\"column\">\n\t\t\t<div class=\"elementor-widget-wrap elementor-element-populated\">\n\t\t\t\t\t\t<div class=\"elementor-element elementor-element-393018d elementor-align-left elementor-widget elementor-widget-button\" data-id=\"393018d\" data-element_type=\"widget\" data-e-type=\"widget\" data-widget_type=\"button.default\">\n\t\t\t\t<div class=\"elementor-widget-container\">\n\t\t\t\t\t\t\t\t\t<div class=\"elementor-button-wrapper\">\n\t\t\t\t\t<a class=\"elementor-button elementor-button-link elementor-size-sm\" href=\"https:\/\/www.portanaviajes.com\/en\/portana-series\/\">\n\t\t\t\t\t\t<span class=\"elementor-button-content-wrapper\">\n\t\t\t\t\t\t\t\t\t<span class=\"elementor-button-text\">PORTANA SERIES<\/span>\n\t\t\t\t\t<\/span>\n\t\t\t\t\t<\/a>\n\t\t\t\t<\/div>\n\t\t\t\t\t\t\t\t<\/div>\n\t\t\t\t<\/div>\n\t\t\t\t<div class=\"elementor-element elementor-element-c7cd040 elementor-align-left elementor-widget elementor-widget-button\" data-id=\"c7cd040\" data-element_type=\"widget\" data-e-type=\"widget\" data-widget_type=\"button.default\">\n\t\t\t\t<div class=\"elementor-widget-container\">\n\t\t\t\t\t\t\t\t\t<div class=\"elementor-button-wrapper\">\n\t\t\t\t\t<a class=\"elementor-button elementor-button-link elementor-size-sm\" href=\"https:\/\/www.portanaviajes.com\/en\/fin-de-semana\/\">\n\t\t\t\t\t\t<span class=\"elementor-button-content-wrapper\">\n\t\t\t\t\t\t\t\t\t<span class=\"elementor-button-text\">PORTANA FIN DE SEMANA<\/span>\n\t\t\t\t\t<\/span>\n\t\t\t\t\t<\/a>\n\t\t\t\t<\/div>\n\t\t\t\t\t\t\t\t<\/div>\n\t\t\t\t<\/div>\n\t\t\t\t<div class=\"elementor-element elementor-element-74ee571 elementor-align-left elementor-widget elementor-widget-button\" data-id=\"74ee571\" data-element_type=\"widget\" data-e-type=\"widget\" data-widget_type=\"button.default\">\n\t\t\t\t<div class=\"elementor-widget-container\">\n\t\t\t\t\t\t\t\t\t<div class=\"elementor-button-wrapper\">\n\t\t\t\t\t<a class=\"elementor-button elementor-button-link elementor-size-sm\" href=\"https:\/\/www.portanaviajes.com\/en\/portana-marruecos\/\">\n\t\t\t\t\t\t<span class=\"elementor-button-content-wrapper\">\n\t\t\t\t\t\t\t\t\t<span class=\"elementor-button-text\">PORTANA MARRUECOS<\/span>\n\t\t\t\t\t<\/span>\n\t\t\t\t\t<\/a>\n\t\t\t\t<\/div>\n\t\t\t\t\t\t\t\t<\/div>\n\t\t\t\t<\/div>\n\t\t\t\t<div class=\"elementor-element elementor-element-a886603 elementor-widget elementor-widget-button\" data-id=\"a886603\" data-element_type=\"widget\" data-e-type=\"widget\" data-widget_type=\"button.default\">\n\t\t\t\t<div class=\"elementor-widget-container\">\n\t\t\t\t\t\t\t\t\t<div class=\"elementor-button-wrapper\">\n\t\t\t\t\t<a class=\"elementor-button elementor-button-link elementor-size-sm\" href=\"https:\/\/www.portanaviajes.com\/en\/portana-etapas\/\">\n\t\t\t\t\t\t<span class=\"elementor-button-content-wrapper\">\n\t\t\t\t\t\t\t\t\t<span class=\"elementor-button-text\">PORTANA ETAPAS<\/span>\n\t\t\t\t\t<\/span>\n\t\t\t\t\t<\/a>\n\t\t\t\t<\/div>\n\t\t\t\t\t\t\t\t<\/div>\n\t\t\t\t<\/div>\n\t\t\t\t\t<\/div>\n\t\t<\/div>\n\t\t\t\t\t<\/div>\n\t\t<\/section>\n\t\t\t\t<section class=\"elementor-section elementor-top-section elementor-element elementor-element-94a436f elementor-section-boxed elementor-section-height-default elementor-section-height-default\" data-id=\"94a436f\" data-element_type=\"section\" data-e-type=\"section\">\n\t\t\t\t\t\t<div class=\"elementor-container elementor-column-gap-default\">\n\t\t\t\t\t<div class=\"elementor-column elementor-col-100 elementor-top-column elementor-element elementor-element-75c6a11\" data-id=\"75c6a11\" data-element_type=\"column\" data-e-type=\"column\">\n\t\t\t<div class=\"elementor-widget-wrap elementor-element-populated\">\n\t\t\t\t\t\t<div class=\"elementor-element elementor-element-2355cbf elementor-widget__width-initial elementor-widget elementor-widget-travol-simple-title\" data-id=\"2355cbf\" data-element_type=\"widget\" data-e-type=\"widget\" data-widget_type=\"travol-simple-title.default\">\n\t\t\t\t<div class=\"elementor-widget-container\">\n\t\t\t\t\t\t\t<div class=\"tour-page clear text-left\">\n\t\t\t            <h6 class=\"tl-simple-title\"> &quot;Si piensas que la aventura es peligrosa, prueba la rutina, es mortal&quot;  \n(Paolo Coelho)<\/h6>\n\t\t\t\t\t<\/div>\n\t\t\t\t\t\t<\/div>\n\t\t\t\t<\/div>\n\t\t\t\t\t<\/div>\n\t\t<\/div>\n\t\t\t\t\t<\/div>\n\t\t<\/section>\n\t\t\t\t<section class=\"elementor-section elementor-top-section elementor-element elementor-element-3b9c4928 elementor-section-boxed elementor-section-height-default elementor-section-height-default\" data-id=\"3b9c4928\" data-element_type=\"section\" data-e-type=\"section\">\n\t\t\t\t\t\t<div class=\"elementor-container elementor-column-gap-narrow\">\n\t\t\t\t\t<div class=\"elementor-column elementor-col-50 elementor-top-column elementor-element elementor-element-2895e317\" data-id=\"2895e317\" data-element_type=\"column\" data-e-type=\"column\">\n\t\t\t<div class=\"elementor-widget-wrap elementor-element-populated\">\n\t\t\t\t\t\t<div class=\"elementor-section elementor-inner-section elementor-element elementor-element-689fa4f7 elementor-section-full_width elementor-section-height-default elementor-section-height-default\" data-id=\"689fa4f7\" data-element_type=\"section\" data-e-type=\"section\">\n\t\t\t\t\t\t<div class=\"elementor-container elementor-column-gap-default\">\n\t\t\t\t\t<div class=\"elementor-column elementor-col-100 elementor-inner-column elementor-element elementor-element-de22d15\" data-id=\"de22d15\" data-element_type=\"column\" data-e-type=\"column\" data-settings=\"{&quot;animation&quot;:&quot;none&quot;}\">\n\t\t\t<div class=\"elementor-widget-wrap elementor-element-populated\">\n\t\t\t\t\t\t<div class=\"elementor-element elementor-element-0b4aa74 elementor-widget elementor-widget-text-editor\" data-id=\"0b4aa74\" data-element_type=\"widget\" data-e-type=\"widget\" data-widget_type=\"text-editor.default\">\n\t\t\t\t<div class=\"elementor-widget-container\">\n\t\t\t\t\t\t\t\t\t<ul class=\"list-unstyled about-list mb-30\"><li><div class=\"about-list-text\"><p>Si tienes ganas de explorar caminos, de renunciar a la rutina, de estar decidido a llegar m\u00e1s all\u00e1, a lo desconocido, <b>Portana<\/b> representa una verdadera prueba de tus propios l\u00edmites, no es una aventura para todos, s\u00f3lo para aquellos que se quieren arriesgar y exponerse a ella sin fronteras, sin fin\u2026 no existe un camino sin transitar o un destino lo suficientemente lejano que no podamos descubrir.<\/p><\/div><\/li><li><div class=\"about-list-text\"><p>No es necesario ser un piloto del Dakar o un explorador profesional o haber dedicado varios a\u00f1os de tu vida a recorrer el mundo en moto para poder desconectar del estr\u00e9s, el ajetreo diario y <b>vivir experiencias \u00fanicas<\/b>, cruzar r\u00edos, atravesar terrenos de todo tipo, admirar paisajes incre\u00edbles y al mismo tiempo disfrutar de la conducci\u00f3n de tu moto.<\/p><\/div><\/li><li><div class=\"about-list-text\"><p>Nuestras rutas est\u00e1n dise\u00f1adas <u><b>por moteros para moteros<\/b><\/u>, ponemos toda nuestra experiencia y formaci\u00f3n para que puedas divertirte con la tranquilidad de estar <b>haciendo las cosas bien hechas<\/b> y adem\u00e1s sentirte acompa\u00f1ado en todo momento.<\/p><\/div><\/li><li><div class=\"about-list-text\"><p>Con nuestros <b>rut\u00f3metros<\/b> podr\u00e1s explorar de manera individual o en grupo, con la seguridad de llevar un equipo detr\u00e1s para ofrecerte la <b>asistencia experta<\/b> que garantice un alto grado de <b><u>diversi\u00f3n y aventura.<\/u><\/b><\/p><\/div><\/li><li><div class=\"about-list-text\"><p>Las rutas se pueden realizar con motos <b>Trail<\/b>, con diferentes niveles de conducci\u00f3n, tu siempre puedes elegir realizar los tramos m\u00e1s \u201cpicantes\u201d o por una alternativa menos t\u00e9cnica, los recorridos han sido <u>confirmados presencialmente<\/u>,\u00a0 no obstante siempre puede producirse una modificaci\u00f3n o cambio de \u00faltima hora motivado por elementos externos de naturaleza clim\u00e1tica o humana.<\/p><\/div><\/li><li><div class=\"about-list-text\"><p>A la hora de realizar una ruta establecemos cuatro categor\u00edas en funci\u00f3n del tipo de datos que vayamos a usar y por consiguiente el nivel de dificultad en la navegaci\u00f3n:<\/p><\/div><\/li><\/ul>\t\t\t\t\t\t\t\t<\/div>\n\t\t\t\t<\/div>\n\t\t\t\t\t<\/div>\n\t\t<\/div>\n\t\t\t\t\t<\/div>\n\t\t<\/div>\n\t\t\t\t\t<\/div>\n\t\t<\/div>\n\t\t\t\t<div class=\"elementor-column elementor-col-50 elementor-top-column elementor-element elementor-element-0663eba\" data-id=\"0663eba\" data-element_type=\"column\" data-e-type=\"column\">\n\t\t\t<div class=\"elementor-widget-wrap elementor-element-populated\">\n\t\t\t\t\t\t<div class=\"elementor-element elementor-element-bb38161 elementor-widget elementor-widget-travol-image\" data-id=\"bb38161\" data-element_type=\"widget\" data-e-type=\"widget\" data-widget_type=\"travol-image.default\">\n\t\t\t\t<div class=\"elementor-widget-container\">\n\t\t\t\t\t\t\t<div class=\"about\">\r\n\t\t\t<div class=\"img-exp\">\r\n\t\t\t\t<div class=\"about-img\">\r\n\t\t\t\t\t<div class=\"img\"> <img decoding=\"async\" src=\"https:\/\/www.portanaviajes.com\/wp-content\/uploads\/2023\/12\/juanfe-moto-2.jpg\" class=\"img-fluid\" alt=\"\"> <\/div>\r\n\t\t\t\t<\/div>\r\n\t\t\t\t\t\t\t\t<div id=\"circle\">\r\n\t\t\t\t\t<svg version=\"1.1\" xmlns=\"http:\/\/www.w3.org\/2000\/svg\" xmlns:xlink=\"http:\/\/www.w3.org\/1999\/xlink\" x=\"0px\" y=\"0px\" width=\"300px\" height=\"300px\" viewbox=\"0 0 300 300\" enable-background=\"new 0 0 300 300\" xml:space=\"preserve\">\r\n\t\t\t\t\t\t<defs>\r\n\t\t\t\t\t\t\t<path id=\"circlePath\" d=\" M 150, 150 m -60, 0 a 60,60 0 0,1 120,0 a 60,60 0 0,1 -120,0 \" \/>\r\n\t\t\t\t\t\t<\/defs>\r\n\t\t\t\t\t\t<circle cx=\"150\" cy=\"100\" r=\"75\" fill=\"none\" \/>\r\n\t\t\t\t\t\t\t<g>\r\n\t\t\t\t\t\t\t\t<use xlink:href=\"#circlePath\" fill=\"none\" \/>\r\n\t\t\t\t\t\t\t\t<text fill=\"#0f2454\">\r\n\t\t\t\t\t\t\t\t\t<textpath xlink:href=\"#circlePath\"> . Rutas Ecotur\u00edsticas . Rutas Ecotur\u00edsticas <\/textpath>\r\n\t\t\t\t\t\t\t\t<\/text>\r\n\t\t\t\t\t\t\t<\/g>\r\n\t\t\t\t\t<\/svg>\r\n\t\t\t\t<\/div>\r\n\t\t\t\t\t\t\t<\/div>\r\n        <\/div>\r\n\t\t\r\n\t\t\r\n        \t\t\t\t<\/div>\n\t\t\t\t<\/div>\n\t\t\t\t\t<\/div>\n\t\t<\/div>\n\t\t\t\t\t<\/div>\n\t\t<\/section>\n\t\t\t\t<section class=\"elementor-section elementor-top-section elementor-element elementor-element-16c5a7d elementor-section-boxed elementor-section-height-default elementor-section-height-default\" data-id=\"16c5a7d\" data-element_type=\"section\" data-e-type=\"section\">\n\t\t\t\t\t\t<div class=\"elementor-container elementor-column-gap-default\">\n\t\t\t\t\t<div class=\"elementor-column elementor-col-25 elementor-top-column elementor-element elementor-element-8c930a1\" data-id=\"8c930a1\" data-element_type=\"column\" data-e-type=\"column\">\n\t\t\t<div class=\"elementor-widget-wrap elementor-element-populated\">\n\t\t\t\t\t\t<div class=\"elementor-element elementor-element-e6c119b elementor-widget elementor-widget-text-editor\" data-id=\"e6c119b\" data-element_type=\"widget\" data-e-type=\"widget\" data-widget_type=\"text-editor.default\">\n\t\t\t\t<div class=\"elementor-widget-container\">\n\t\t\t\t\t\t\t\t\t<ol><li class=\"font_8 wixui-rich-text__text\"><span class=\"wixui-rich-text__text\"><b>Categor\u00eda 1<\/b> (m\u00e1ximo nivel de dificultad): S\u00f3lo rut\u00f3metro (f\u00edsico o digital)\u00a0 y confirmaci\u00f3n de paso a trav\u00e9s de wpt obligatorios (GPS). Tipo Dakar.<\/span><\/li><\/ol>\t\t\t\t\t\t\t\t<\/div>\n\t\t\t\t<\/div>\n\t\t\t\t\t<\/div>\n\t\t<\/div>\n\t\t\t\t<div class=\"elementor-column elementor-col-25 elementor-top-column elementor-element elementor-element-d20039d\" data-id=\"d20039d\" data-element_type=\"column\" data-e-type=\"column\">\n\t\t\t<div class=\"elementor-widget-wrap elementor-element-populated\">\n\t\t\t\t\t\t<div class=\"elementor-element elementor-element-0a08bad elementor-widget elementor-widget-text-editor\" data-id=\"0a08bad\" data-element_type=\"widget\" data-e-type=\"widget\" data-widget_type=\"text-editor.default\">\n\t\t\t\t<div class=\"elementor-widget-container\">\n\t\t\t\t\t\t\t\t\t<ol><li class=\"font_8 wixui-rich-text__text\"><span class=\"wixui-rich-text__text\"><b>Categor\u00eda 2\u00a0<\/b>(nivel medio de dificultad): Rut\u00f3metro (f\u00edsico o digital) con visualizaci\u00f3n de la ruta (GPS). Este es el ideal para nosotros.<\/span><\/li><\/ol>\t\t\t\t\t\t\t\t<\/div>\n\t\t\t\t<\/div>\n\t\t\t\t\t<\/div>\n\t\t<\/div>\n\t\t\t\t<div class=\"elementor-column elementor-col-25 elementor-top-column elementor-element elementor-element-9e0f9e7\" data-id=\"9e0f9e7\" data-element_type=\"column\" data-e-type=\"column\">\n\t\t\t<div class=\"elementor-widget-wrap elementor-element-populated\">\n\t\t\t\t\t\t<div class=\"elementor-element elementor-element-5a66ead elementor-widget__width-initial elementor-widget elementor-widget-text-editor\" data-id=\"5a66ead\" data-element_type=\"widget\" data-e-type=\"widget\" data-widget_type=\"text-editor.default\">\n\t\t\t\t<div class=\"elementor-widget-container\">\n\t\t\t\t\t\t\t\t\t<ol><li class=\"font_8 wixui-rich-text__text\"><span class=\"wixui-rich-text__text\"><b>Categor\u00eda 3<\/b>\u00a0(nivel bajo de dificultad): Seguimiento del track con GPS o aplicaciones en m\u00f3vil o tablet (google maps, etc\u2026). Para \u00e9l que no lleve rut\u00f3metro.<\/span><\/li><\/ol>\t\t\t\t\t\t\t\t<\/div>\n\t\t\t\t<\/div>\n\t\t\t\t\t<\/div>\n\t\t<\/div>\n\t\t\t\t<div class=\"elementor-column elementor-col-25 elementor-top-column elementor-element elementor-element-27cc341\" data-id=\"27cc341\" data-element_type=\"column\" data-e-type=\"column\">\n\t\t\t<div class=\"elementor-widget-wrap elementor-element-populated\">\n\t\t\t\t\t\t<div class=\"elementor-element elementor-element-85eb7ba elementor-widget elementor-widget-text-editor\" data-id=\"85eb7ba\" data-element_type=\"widget\" data-e-type=\"widget\" data-widget_type=\"text-editor.default\">\n\t\t\t\t<div class=\"elementor-widget-container\">\n\t\t\t\t\t\t\t\t\t<div id=\"comp-kxenpczj\" class=\"KcpHeO tz5f0K comp-kxenpczj wixui-rich-text\" data-testid=\"richTextElement\"><ol><li class=\"font_8 wixui-rich-text__text\"><span class=\"wixui-rich-text__text\"><b>Categor\u00eda 4<\/b>\u00a0(nivel m\u00ednimo, s\u00f3lo pendiente de la conducci\u00f3n) &#8220;sigo al compa\u00f1ero que llevo delante&#8221;. En este caso siempre se navegar\u00e1 en grupo, de manera que \u00e9l que va delante controla al que va detr\u00e1s, siempre encabezado por un gu\u00eda o monitor.<\/span><\/li><\/ol><\/div>\t\t\t\t\t\t\t\t<\/div>\n\t\t\t\t<\/div>\n\t\t\t\t\t<\/div>\n\t\t<\/div>\n\t\t\t\t\t<\/div>\n\t\t<\/section>\n\t\t\t\t<section class=\"elementor-section elementor-top-section elementor-element elementor-element-0545891 elementor-section-boxed elementor-section-height-default elementor-section-height-default\" data-id=\"0545891\" data-element_type=\"section\" data-e-type=\"section\">\n\t\t\t\t\t\t<div class=\"elementor-container elementor-column-gap-default\">\n\t\t\t\t\t<div class=\"elementor-column elementor-col-100 elementor-top-column elementor-element elementor-element-fb0b99b\" data-id=\"fb0b99b\" data-element_type=\"column\" data-e-type=\"column\">\n\t\t\t<div class=\"elementor-widget-wrap\">\n\t\t\t\t\t\t\t<\/div>\n\t\t<\/div>\n\t\t\t\t\t<\/div>\n\t\t<\/section>\n\t\t\t\t<\/div>","protected":false},"excerpt":{"rendered":"<p>PORTANA SERIES PORTANA FIN DE SEMANA PORTANA MARRUECOS PORTANA ETAPAS &quot;Si piensas que la aventura es peligrosa, prueba la rutina, es mortal&quot; (Paolo Coelho) Si tienes ganas de explorar caminos, de renunciar a la rutina, de estar decidido a llegar m\u00e1s all\u00e1, a lo&#8230;<\/p>","protected":false},"author":2,"featured_media":3019,"parent":0,"menu_order":0,"comment_status":"closed","ping_status":"closed","template":"","meta":{"footnotes":""},"class_list":["post-1088","page","type-page","status-publish","has-post-thumbnail","hentry"],"meta_box":[],"_links":{"self":[{"href":"https:\/\/www.portanaviajes.com\/en\/wp-json\/wp\/v2\/pages\/1088","targetHints":{"allow":["GET"]}}],"collection":[{"href":"https:\/\/www.portanaviajes.com\/en\/wp-json\/wp\/v2\/pages"}],"about":[{"href":"https:\/\/www.portanaviajes.com\/en\/wp-json\/wp\/v2\/types\/page"}],"author":[{"embeddable":true,"href":"https:\/\/www.portanaviajes.com\/en\/wp-json\/wp\/v2\/users\/2"}],"replies":[{"embeddable":true,"href":"https:\/\/www.portanaviajes.com\/en\/wp-json\/wp\/v2\/comments?post=1088"}],"version-history":[{"count":76,"href":"https:\/\/www.portanaviajes.com\/en\/wp-json\/wp\/v2\/pages\/1088\/revisions"}],"predecessor-version":[{"id":5851,"href":"https:\/\/www.portanaviajes.com\/en\/wp-json\/wp\/v2\/pages\/1088\/revisions\/5851"}],"wp:featuredmedia":[{"embeddable":true,"href":"https:\/\/www.portanaviajes.com\/en\/wp-json\/wp\/v2\/media\/3019"}],"wp:attachment":[{"href":"https:\/\/www.portanaviajes.com\/en\/wp-json\/wp\/v2\/media?parent=1088"}],"curies":[{"name":"wp","href":"https:\/\/api.w.org\/{rel}","templated":true}]}}