{"id":1101,"date":"2023-09-26T09:23:33","date_gmt":"2023-09-26T09:23:33","guid":{"rendered":"https:\/\/portana.artkvisual.com\/?page_id=1101"},"modified":"2025-01-15T20:05:26","modified_gmt":"2025-01-15T20:05:26","slug":"rutas-en-coche","status":"publish","type":"page","link":"https:\/\/www.portanaviajes.com\/en\/rutas-en-coche\/","title":{"rendered":"Rutas en Coche"},"content":{"rendered":"<div data-elementor-type=\"wp-page\" data-elementor-id=\"1101\" class=\"elementor elementor-1101\">\n\t\t\t\t\t\t<section class=\"elementor-section elementor-top-section elementor-element elementor-element-17aa761 elementor-section-boxed elementor-section-height-default elementor-section-height-default\" data-id=\"17aa761\" data-element_type=\"section\" data-e-type=\"section\">\n\t\t\t\t\t\t<div class=\"elementor-container elementor-column-gap-default\">\n\t\t\t\t\t<div class=\"elementor-column elementor-col-33 elementor-top-column elementor-element elementor-element-e9a35d0\" data-id=\"e9a35d0\" data-element_type=\"column\" data-e-type=\"column\">\n\t\t\t<div class=\"elementor-widget-wrap elementor-element-populated\">\n\t\t\t\t\t\t<div class=\"elementor-element elementor-element-33b3f39 elementor-widget__width-initial elementor-view-default elementor-widget elementor-widget-icon\" data-id=\"33b3f39\" data-element_type=\"widget\" data-e-type=\"widget\" data-widget_type=\"icon.default\">\n\t\t\t\t<div class=\"elementor-widget-container\">\n\t\t\t\t\t\t\t<div class=\"elementor-icon-wrapper\">\n\t\t\t<div class=\"elementor-icon\">\n\t\t\t<i aria-hidden=\"true\" class=\"fas fa-car-side\"><\/i>\t\t\t<\/div>\n\t\t<\/div>\n\t\t\t\t\t\t<\/div>\n\t\t\t\t<\/div>\n\t\t\t\t\t<\/div>\n\t\t<\/div>\n\t\t\t\t<div class=\"elementor-column elementor-col-66 elementor-top-column elementor-element elementor-element-3c5fadc\" data-id=\"3c5fadc\" data-element_type=\"column\" data-e-type=\"column\">\n\t\t\t<div class=\"elementor-widget-wrap elementor-element-populated\">\n\t\t\t\t\t\t<div class=\"elementor-element elementor-element-06588c2 elementor-align-left elementor-widget elementor-widget-button\" data-id=\"06588c2\" data-element_type=\"widget\" data-e-type=\"widget\" data-widget_type=\"button.default\">\n\t\t\t\t<div class=\"elementor-widget-container\">\n\t\t\t\t\t\t\t\t\t<div class=\"elementor-button-wrapper\">\n\t\t\t\t\t<a class=\"elementor-button elementor-button-link elementor-size-sm\" href=\"https:\/\/www.portanaviajes.com\/en\/fin-de-semana\/\">\n\t\t\t\t\t\t<span class=\"elementor-button-content-wrapper\">\n\t\t\t\t\t\t\t\t\t<span class=\"elementor-button-text\">PORTANA FIN DE SEMANA<\/span>\n\t\t\t\t\t<\/span>\n\t\t\t\t\t<\/a>\n\t\t\t\t<\/div>\n\t\t\t\t\t\t\t\t<\/div>\n\t\t\t\t<\/div>\n\t\t\t\t<div class=\"elementor-element elementor-element-29a20e4 elementor-align-left elementor-widget elementor-widget-button\" data-id=\"29a20e4\" data-element_type=\"widget\" data-e-type=\"widget\" data-widget_type=\"button.default\">\n\t\t\t\t<div class=\"elementor-widget-container\">\n\t\t\t\t\t\t\t\t\t<div class=\"elementor-button-wrapper\">\n\t\t\t\t\t<a class=\"elementor-button elementor-button-link elementor-size-sm\" href=\"https:\/\/www.portanaviajes.com\/en\/portana-series\/\">\n\t\t\t\t\t\t<span class=\"elementor-button-content-wrapper\">\n\t\t\t\t\t\t\t\t\t<span class=\"elementor-button-text\">PORTANA SERIES<\/span>\n\t\t\t\t\t<\/span>\n\t\t\t\t\t<\/a>\n\t\t\t\t<\/div>\n\t\t\t\t\t\t\t\t<\/div>\n\t\t\t\t<\/div>\n\t\t\t\t<div class=\"elementor-element elementor-element-9f96936 elementor-align-left elementor-widget elementor-widget-button\" data-id=\"9f96936\" data-element_type=\"widget\" data-e-type=\"widget\" data-widget_type=\"button.default\">\n\t\t\t\t<div class=\"elementor-widget-container\">\n\t\t\t\t\t\t\t\t\t<div class=\"elementor-button-wrapper\">\n\t\t\t\t\t<a class=\"elementor-button elementor-button-link elementor-size-sm\" href=\"https:\/\/www.portanaviajes.com\/en\/portana-marruecos\/\">\n\t\t\t\t\t\t<span class=\"elementor-button-content-wrapper\">\n\t\t\t\t\t\t\t\t\t<span class=\"elementor-button-text\">PORTANA MARRUECOS<\/span>\n\t\t\t\t\t<\/span>\n\t\t\t\t\t<\/a>\n\t\t\t\t<\/div>\n\t\t\t\t\t\t\t\t<\/div>\n\t\t\t\t<\/div>\n\t\t\t\t<div class=\"elementor-element elementor-element-55bbc39 elementor-widget elementor-widget-button\" data-id=\"55bbc39\" data-element_type=\"widget\" data-e-type=\"widget\" data-widget_type=\"button.default\">\n\t\t\t\t<div class=\"elementor-widget-container\">\n\t\t\t\t\t\t\t\t\t<div class=\"elementor-button-wrapper\">\n\t\t\t\t\t<a class=\"elementor-button elementor-button-link elementor-size-sm\" href=\"https:\/\/www.portanaviajes.com\/en\/portana-etapas\/\">\n\t\t\t\t\t\t<span class=\"elementor-button-content-wrapper\">\n\t\t\t\t\t\t\t\t\t<span class=\"elementor-button-text\">PORTANA ETAPAS<\/span>\n\t\t\t\t\t<\/span>\n\t\t\t\t\t<\/a>\n\t\t\t\t<\/div>\n\t\t\t\t\t\t\t\t<\/div>\n\t\t\t\t<\/div>\n\t\t\t\t\t<\/div>\n\t\t<\/div>\n\t\t\t\t\t<\/div>\n\t\t<\/section>\n\t\t\t\t<section class=\"elementor-section elementor-top-section elementor-element elementor-element-802c371 elementor-section-boxed elementor-section-height-default elementor-section-height-default\" data-id=\"802c371\" data-element_type=\"section\" data-e-type=\"section\">\n\t\t\t\t\t\t<div class=\"elementor-container elementor-column-gap-default\">\n\t\t\t\t\t<div class=\"elementor-column elementor-col-100 elementor-top-column elementor-element elementor-element-9ada261\" data-id=\"9ada261\" data-element_type=\"column\" data-e-type=\"column\">\n\t\t\t<div class=\"elementor-widget-wrap elementor-element-populated\">\n\t\t\t\t\t\t<div class=\"elementor-element elementor-element-0ff9e77 elementor-widget__width-initial elementor-widget elementor-widget-travol-simple-title\" data-id=\"0ff9e77\" data-element_type=\"widget\" data-e-type=\"widget\" data-widget_type=\"travol-simple-title.default\">\n\t\t\t\t<div class=\"elementor-widget-container\">\n\t\t\t\t\t\t\t<div class=\"tour-page clear text-left\">\n\t\t\t            <h6 class=\"tl-simple-title\"> &quot;Si no escalas la monta\u00f1a, jam\u00e1s podr\u00e1s disfrutar del paisaje&quot;  \n(Pablo Neruda)<\/h6>\n\t\t\t\t\t<\/div>\n\t\t\t\t\t\t<\/div>\n\t\t\t\t<\/div>\n\t\t\t\t\t<\/div>\n\t\t<\/div>\n\t\t\t\t\t<\/div>\n\t\t<\/section>\n\t\t\t\t<section class=\"elementor-section elementor-top-section elementor-element elementor-element-0c70a58 elementor-section-boxed elementor-section-height-default elementor-section-height-default\" data-id=\"0c70a58\" data-element_type=\"section\" data-e-type=\"section\">\n\t\t\t\t\t\t<div class=\"elementor-container elementor-column-gap-default\">\n\t\t\t\t\t<div class=\"elementor-column elementor-col-50 elementor-top-column elementor-element elementor-element-e5f3a73\" data-id=\"e5f3a73\" data-element_type=\"column\" data-e-type=\"column\">\n\t\t\t<div class=\"elementor-widget-wrap elementor-element-populated\">\n\t\t\t\t\t\t<div class=\"elementor-element elementor-element-28663d0 elementor-widget__width-initial elementor-widget elementor-widget-travol-image\" data-id=\"28663d0\" data-element_type=\"widget\" data-e-type=\"widget\" data-widget_type=\"travol-image.default\">\n\t\t\t\t<div class=\"elementor-widget-container\">\n\t\t\t\t\t\t\t<div class=\"about\">\r\n\t\t\t<div class=\"img-exp\">\r\n\t\t\t\t<div class=\"about-img\">\r\n\t\t\t\t\t<div class=\"img\"> <img decoding=\"async\" src=\"https:\/\/www.portanaviajes.com\/wp-content\/uploads\/2023\/11\/R4E2-12.jpeg\" class=\"img-fluid\" alt=\"\"> <\/div>\r\n\t\t\t\t<\/div>\r\n\t\t\t\t\t\t\t\t<div id=\"circle\">\r\n\t\t\t\t\t<svg version=\"1.1\" xmlns=\"http:\/\/www.w3.org\/2000\/svg\" xmlns:xlink=\"http:\/\/www.w3.org\/1999\/xlink\" x=\"0px\" y=\"0px\" width=\"300px\" height=\"300px\" viewbox=\"0 0 300 300\" enable-background=\"new 0 0 300 300\" xml:space=\"preserve\">\r\n\t\t\t\t\t\t<defs>\r\n\t\t\t\t\t\t\t<path id=\"circlePath\" d=\" M 150, 150 m -60, 0 a 60,60 0 0,1 120,0 a 60,60 0 0,1 -120,0 \" \/>\r\n\t\t\t\t\t\t<\/defs>\r\n\t\t\t\t\t\t<circle cx=\"150\" cy=\"100\" r=\"75\" fill=\"none\" \/>\r\n\t\t\t\t\t\t\t<g>\r\n\t\t\t\t\t\t\t\t<use xlink:href=\"#circlePath\" fill=\"none\" \/>\r\n\t\t\t\t\t\t\t\t<text fill=\"#0f2454\">\r\n\t\t\t\t\t\t\t\t\t<textpath xlink:href=\"#circlePath\"> . Rutas Ecotur\u00edsticas . Rutas Ecotur\u00edsticas <\/textpath>\r\n\t\t\t\t\t\t\t\t<\/text>\r\n\t\t\t\t\t\t\t<\/g>\r\n\t\t\t\t\t<\/svg>\r\n\t\t\t\t<\/div>\r\n\t\t\t\t\t\t\t<\/div>\r\n        <\/div>\r\n\t\t\r\n\t\t\r\n        \t\t\t\t<\/div>\n\t\t\t\t<\/div>\n\t\t\t\t\t<\/div>\n\t\t<\/div>\n\t\t\t\t<div class=\"elementor-column elementor-col-50 elementor-top-column elementor-element elementor-element-11e87b1\" data-id=\"11e87b1\" data-element_type=\"column\" data-e-type=\"column\">\n\t\t\t<div class=\"elementor-widget-wrap elementor-element-populated\">\n\t\t\t\t\t\t<div class=\"elementor-element elementor-element-5bf207b elementor-widget__width-initial elementor-widget elementor-widget-text-editor\" data-id=\"5bf207b\" data-element_type=\"widget\" data-e-type=\"widget\" data-widget_type=\"text-editor.default\">\n\t\t\t\t<div class=\"elementor-widget-container\">\n\t\t\t\t\t\t\t\t\t<p>Disfrutar con el coche en la naturaleza ya no se limita s\u00f3lo y exclusivamente a los 4&#215;4, la tecnolog\u00eda y la evoluci\u00f3n de los suv (todocaminos) nos permite llegar mucho m\u00e1s lejos de lo que pensamos, todo es posible con un esp\u00edritu activo y libre, aprovechemos la oportunidad que nos ofrece <strong>Portana<\/strong> para vivir <strong>aventuras seguras y protegidas.<\/strong><\/p><p>Interpretar un <strong>rut\u00f3metro<\/strong>, <span style=\"text-decoration: underline;\"><strong>perderte para despu\u00e9s encontrarte<\/strong><\/span>, descubrir espacios naturales, historias de nuestra tierra, paisajes incre\u00edbles y sentirte como un explorador est\u00e1 al alcance de todos y adem\u00e1s hacerlo sabiendo que lo est\u00e1s haciendo bien es a\u00fan m\u00e1s gratificante.<\/p><p>Al igual que con las motos, puedes elegir realizar los tramos m\u00e1s \u201cpicantes\u201d o decidirte por la alternativa menos t\u00e9cnica.\u00a0<\/p><p>Todos los recorridos en coche transcurren por <strong>pistas transitables<\/strong>, con las autorizaciones correspondientes, seg\u00fan el nivel de protecci\u00f3n de cada espacio natural, y con el apoyo y seguimiento del equipo <strong>Portana<\/strong> para tu mayor tranquilidad.<\/p><p>En todo los casos siempre intentamos encontrar el equilibrio perfecto entre aventura y actividades de turismo activo, seleccionando <strong>la mejor gastronom\u00eda, recursos tur\u00edsticos y alojamientos con encanto.<\/strong><\/p><p>Todas las rutas han sido confirmadas presencialmente y en todas puedes desarrollar tus habilidades como navegante en la siguientes categor\u00edas:<\/p>\t\t\t\t\t\t\t\t<\/div>\n\t\t\t\t<\/div>\n\t\t\t\t\t<\/div>\n\t\t<\/div>\n\t\t\t\t\t<\/div>\n\t\t<\/section>\n\t\t\t\t<section class=\"elementor-section elementor-top-section elementor-element elementor-element-1e60071 elementor-section-boxed elementor-section-height-default elementor-section-height-default\" data-id=\"1e60071\" data-element_type=\"section\" data-e-type=\"section\">\n\t\t\t\t\t\t<div class=\"elementor-container elementor-column-gap-default\">\n\t\t\t\t\t<div class=\"elementor-column elementor-col-25 elementor-top-column elementor-element elementor-element-cc7f3d6\" data-id=\"cc7f3d6\" data-element_type=\"column\" data-e-type=\"column\">\n\t\t\t<div class=\"elementor-widget-wrap elementor-element-populated\">\n\t\t\t\t\t\t<div class=\"elementor-element elementor-element-2f459df elementor-widget elementor-widget-text-editor\" data-id=\"2f459df\" data-element_type=\"widget\" data-e-type=\"widget\" data-widget_type=\"text-editor.default\">\n\t\t\t\t<div class=\"elementor-widget-container\">\n\t\t\t\t\t\t\t\t\t<ol><li class=\"font_8 wixui-rich-text__text\"><span class=\"wixui-rich-text__text\"><b>Categor\u00eda 1<\/b> (m\u00e1ximo nivel de dificultad): S\u00f3lo rut\u00f3metro (f\u00edsico o digital)\u00a0 y confirmaci\u00f3n de paso a trav\u00e9s de wpt obligatorios (GPS). Tipo Dakar.<\/span><\/li><\/ol>\t\t\t\t\t\t\t\t<\/div>\n\t\t\t\t<\/div>\n\t\t\t\t\t<\/div>\n\t\t<\/div>\n\t\t\t\t<div class=\"elementor-column elementor-col-25 elementor-top-column elementor-element elementor-element-eedbe01\" data-id=\"eedbe01\" data-element_type=\"column\" data-e-type=\"column\">\n\t\t\t<div class=\"elementor-widget-wrap elementor-element-populated\">\n\t\t\t\t\t\t<div class=\"elementor-element elementor-element-26855bc elementor-widget elementor-widget-text-editor\" data-id=\"26855bc\" data-element_type=\"widget\" data-e-type=\"widget\" data-widget_type=\"text-editor.default\">\n\t\t\t\t<div class=\"elementor-widget-container\">\n\t\t\t\t\t\t\t\t\t<ol><li class=\"font_8 wixui-rich-text__text\"><span class=\"wixui-rich-text__text\"><b>Categor\u00eda 2\u00a0<\/b>(nivel medio de dificultad): Rut\u00f3metro (f\u00edsico o digital) con visualizaci\u00f3n de la ruta (GPS). Este es el ideal para nosotros.<\/span><\/li><\/ol>\t\t\t\t\t\t\t\t<\/div>\n\t\t\t\t<\/div>\n\t\t\t\t\t<\/div>\n\t\t<\/div>\n\t\t\t\t<div class=\"elementor-column elementor-col-25 elementor-top-column elementor-element elementor-element-0f61ff8\" data-id=\"0f61ff8\" data-element_type=\"column\" data-e-type=\"column\">\n\t\t\t<div class=\"elementor-widget-wrap elementor-element-populated\">\n\t\t\t\t\t\t<div class=\"elementor-element elementor-element-e3a4c59 elementor-widget__width-initial elementor-widget elementor-widget-text-editor\" data-id=\"e3a4c59\" data-element_type=\"widget\" data-e-type=\"widget\" data-widget_type=\"text-editor.default\">\n\t\t\t\t<div class=\"elementor-widget-container\">\n\t\t\t\t\t\t\t\t\t<ol><li class=\"font_8 wixui-rich-text__text\"><span class=\"wixui-rich-text__text\"><b>Categor\u00eda 3<\/b>\u00a0(nivel bajo de dificultad): Seguimiento del track con GPS o aplicaciones en m\u00f3vil o tablet (google maps, etc\u2026). Para \u00e9l que no lleve rut\u00f3metro.<\/span><\/li><\/ol>\t\t\t\t\t\t\t\t<\/div>\n\t\t\t\t<\/div>\n\t\t\t\t\t<\/div>\n\t\t<\/div>\n\t\t\t\t<div class=\"elementor-column elementor-col-25 elementor-top-column elementor-element elementor-element-2fe4d18\" data-id=\"2fe4d18\" data-element_type=\"column\" data-e-type=\"column\">\n\t\t\t<div class=\"elementor-widget-wrap elementor-element-populated\">\n\t\t\t\t\t\t<div class=\"elementor-element elementor-element-9907cea elementor-widget elementor-widget-text-editor\" data-id=\"9907cea\" data-element_type=\"widget\" data-e-type=\"widget\" data-widget_type=\"text-editor.default\">\n\t\t\t\t<div class=\"elementor-widget-container\">\n\t\t\t\t\t\t\t\t\t<div id=\"comp-kxenpczj\" class=\"KcpHeO tz5f0K comp-kxenpczj wixui-rich-text\" data-testid=\"richTextElement\"><ol><li class=\"font_8 wixui-rich-text__text\"><span class=\"wixui-rich-text__text\"><b>Categor\u00eda 4<\/b>\u00a0(nivel m\u00ednimo, s\u00f3lo pendiente de la conducci\u00f3n) &#8220;sigo al compa\u00f1ero que llevo delante&#8221;. En este caso siempre se navegar\u00e1 en grupo, de manera que \u00e9l que va delante controla al que va detr\u00e1s, siempre encabezado por un gu\u00eda o monitor.<\/span><\/li><\/ol><\/div>\t\t\t\t\t\t\t\t<\/div>\n\t\t\t\t<\/div>\n\t\t\t\t\t<\/div>\n\t\t<\/div>\n\t\t\t\t\t<\/div>\n\t\t<\/section>\n\t\t\t\t<\/div>","protected":false},"excerpt":{"rendered":"<p>PORTANA FIN DE SEMANA PORTANA SERIES PORTANA MARRUECOS PORTANA ETAPAS &quot;Si no escalas la monta\u00f1a, jam\u00e1s podr\u00e1s disfrutar del paisaje&quot; (Pablo Neruda) . Rutas Ecotur\u00edsticas . Rutas Ecotur\u00edsticas Disfrutar con el coche en la naturaleza ya no se limita s\u00f3lo y exclusivamente a los&#8230;<\/p>","protected":false},"author":2,"featured_media":3182,"parent":0,"menu_order":0,"comment_status":"closed","ping_status":"closed","template":"","meta":{"footnotes":""},"class_list":["post-1101","page","type-page","status-publish","has-post-thumbnail","hentry"],"meta_box":[],"_links":{"self":[{"href":"https:\/\/www.portanaviajes.com\/en\/wp-json\/wp\/v2\/pages\/1101","targetHints":{"allow":["GET"]}}],"collection":[{"href":"https:\/\/www.portanaviajes.com\/en\/wp-json\/wp\/v2\/pages"}],"about":[{"href":"https:\/\/www.portanaviajes.com\/en\/wp-json\/wp\/v2\/types\/page"}],"author":[{"embeddable":true,"href":"https:\/\/www.portanaviajes.com\/en\/wp-json\/wp\/v2\/users\/2"}],"replies":[{"embeddable":true,"href":"https:\/\/www.portanaviajes.com\/en\/wp-json\/wp\/v2\/comments?post=1101"}],"version-history":[{"count":46,"href":"https:\/\/www.portanaviajes.com\/en\/wp-json\/wp\/v2\/pages\/1101\/revisions"}],"predecessor-version":[{"id":7324,"href":"https:\/\/www.portanaviajes.com\/en\/wp-json\/wp\/v2\/pages\/1101\/revisions\/7324"}],"wp:featuredmedia":[{"embeddable":true,"href":"https:\/\/www.portanaviajes.com\/en\/wp-json\/wp\/v2\/media\/3182"}],"wp:attachment":[{"href":"https:\/\/www.portanaviajes.com\/en\/wp-json\/wp\/v2\/media?parent=1101"}],"curies":[{"name":"wp","href":"https:\/\/api.w.org\/{rel}","templated":true}]}}