{"id":1110,"date":"2023-09-26T09:26:41","date_gmt":"2023-09-26T09:26:41","guid":{"rendered":"https:\/\/portana.artkvisual.com\/?page_id=1110"},"modified":"2024-01-02T18:38:34","modified_gmt":"2024-01-02T18:38:34","slug":"rutas-en-bicicleta","status":"publish","type":"page","link":"https:\/\/www.portanaviajes.com\/en\/rutas-en-bicicleta\/","title":{"rendered":"Rutas en Bicicleta"},"content":{"rendered":"<div data-elementor-type=\"wp-page\" data-elementor-id=\"1110\" class=\"elementor elementor-1110\">\n\t\t\t\t\t\t<section class=\"elementor-section elementor-top-section elementor-element elementor-element-53935a2 elementor-section-boxed elementor-section-height-default elementor-section-height-default\" data-id=\"53935a2\" data-element_type=\"section\" data-e-type=\"section\">\n\t\t\t\t\t\t<div class=\"elementor-container elementor-column-gap-narrow\">\n\t\t\t\t\t<div class=\"elementor-column elementor-col-50 elementor-top-column elementor-element elementor-element-54a6946\" data-id=\"54a6946\" data-element_type=\"column\" data-e-type=\"column\">\n\t\t\t<div class=\"elementor-widget-wrap elementor-element-populated\">\n\t\t\t\t\t\t<div class=\"elementor-section elementor-inner-section elementor-element elementor-element-c195e98 elementor-section-full_width elementor-section-height-default elementor-section-height-default\" data-id=\"c195e98\" data-element_type=\"section\" data-e-type=\"section\">\n\t\t\t\t\t\t<div class=\"elementor-container elementor-column-gap-default\">\n\t\t\t\t\t<div class=\"elementor-column elementor-col-100 elementor-inner-column elementor-element elementor-element-51a9cb8\" data-id=\"51a9cb8\" data-element_type=\"column\" data-e-type=\"column\" data-settings=\"{&quot;animation&quot;:&quot;none&quot;}\">\n\t\t\t<div class=\"elementor-widget-wrap elementor-element-populated\">\n\t\t\t\t\t\t<div class=\"elementor-element elementor-element-a8b0487 elementor-widget elementor-widget-text-editor\" data-id=\"a8b0487\" data-element_type=\"widget\" data-e-type=\"widget\" data-widget_type=\"text-editor.default\">\n\t\t\t\t<div class=\"elementor-widget-container\">\n\t\t\t\t\t\t\t\t\t<p>Como amantes de la naturaleza y del campo, nuestras rutas est\u00e1n dise\u00f1adas para realizarlas con bicicletas de monta\u00f1a y a ser posible el\u00e9ctricas. El pedaleo asistido te permite llevar a cabo grandes recorridos sin tener que realizar un extraordinario esfuerzo, permitiendo agrupar a personas de distinto nivel f\u00edsico.<\/p><p><strong>Portana<\/strong> pone toda su infraestructura para que s\u00f3lo tengas que disfrutar de los mejores momentos con la bici, <span style=\"text-decoration: underline;\"><strong>TU eres el protagonista<\/strong><\/span>.<\/p><p>Las rutas son <strong>lineales<\/strong>, los tramos de enlace por carretera se realizan a trav\u00e9s del veh\u00edculo de asistencia, el cual nos dejar\u00e1 al inicio de la ruta, nos dar\u00e1 apoyo durante todo el recorrido y al finalizar nos llevar\u00e1 de nuevo al hotel, o a la actividad complementaria reservada para ese d\u00eda.<\/p><p>A lo largo del todo el tramo se establecen puntos de asistencia, donde puedes elegir <strong>continuar o descansar<\/strong> para incorporarse m\u00e1s adelante, siempre estaremos asistidos con personal profesional sanitario para una primera intervenci\u00f3n b\u00e1sica y por mec\u00e1nicos que nos puedan solucionar una aver\u00eda r\u00e1pida.<\/p><p>Nuestro objetivo es centrarnos en la aventura aut\u00e9ntica, descubriendo pistas, caminos y recursos naturales de singular belleza, evitando el peligro de la bici en las carreteras asfaltadas y poder movernos con mayor soltura, <strong>seguridad y rapidez.<\/strong><\/p><p>Al igual que con la moto y los coches todas nuestras rutas han sido confirmadas presencialmente y en todas puedes desarrollar tus habilidades como navegante en la siguientes categor\u00edas:<\/p>\t\t\t\t\t\t\t\t<\/div>\n\t\t\t\t<\/div>\n\t\t\t\t\t<\/div>\n\t\t<\/div>\n\t\t\t\t\t<\/div>\n\t\t<\/div>\n\t\t\t\t\t<\/div>\n\t\t<\/div>\n\t\t\t\t<div class=\"elementor-column elementor-col-50 elementor-top-column elementor-element elementor-element-52a9ff5\" data-id=\"52a9ff5\" data-element_type=\"column\" data-e-type=\"column\">\n\t\t\t<div class=\"elementor-widget-wrap elementor-element-populated\">\n\t\t\t\t\t\t<div class=\"elementor-element elementor-element-edc6982 elementor-widget elementor-widget-travol-image\" data-id=\"edc6982\" data-element_type=\"widget\" data-e-type=\"widget\" data-widget_type=\"travol-image.default\">\n\t\t\t\t<div class=\"elementor-widget-container\">\n\t\t\t\t\t\t\t<div class=\"about\">\r\n\t\t\t<div class=\"img-exp\">\r\n\t\t\t\t<div class=\"about-img\">\r\n\t\t\t\t\t<div class=\"img\"> <img decoding=\"async\" src=\"https:\/\/www.portanaviajes.com\/wp-content\/uploads\/2024\/01\/12.jpeg\" class=\"img-fluid\" alt=\"\"> <\/div>\r\n\t\t\t\t<\/div>\r\n\t\t\t\t\t\t\t\t<div id=\"circle\">\r\n\t\t\t\t\t<svg version=\"1.1\" xmlns=\"http:\/\/www.w3.org\/2000\/svg\" xmlns:xlink=\"http:\/\/www.w3.org\/1999\/xlink\" x=\"0px\" y=\"0px\" width=\"300px\" height=\"300px\" viewbox=\"0 0 300 300\" enable-background=\"new 0 0 300 300\" xml:space=\"preserve\">\r\n\t\t\t\t\t\t<defs>\r\n\t\t\t\t\t\t\t<path id=\"circlePath\" d=\" M 150, 150 m -60, 0 a 60,60 0 0,1 120,0 a 60,60 0 0,1 -120,0 \" \/>\r\n\t\t\t\t\t\t<\/defs>\r\n\t\t\t\t\t\t<circle cx=\"150\" cy=\"100\" r=\"75\" fill=\"none\" \/>\r\n\t\t\t\t\t\t\t<g>\r\n\t\t\t\t\t\t\t\t<use xlink:href=\"#circlePath\" fill=\"none\" \/>\r\n\t\t\t\t\t\t\t\t<text fill=\"#0f2454\">\r\n\t\t\t\t\t\t\t\t\t<textpath xlink:href=\"#circlePath\"> . Rutas Ecotur\u00edsticas . Rutas Ecotur\u00edsticas <\/textpath>\r\n\t\t\t\t\t\t\t\t<\/text>\r\n\t\t\t\t\t\t\t<\/g>\r\n\t\t\t\t\t<\/svg>\r\n\t\t\t\t<\/div>\r\n\t\t\t\t\t\t\t<\/div>\r\n        <\/div>\r\n\t\t\r\n\t\t\r\n        \t\t\t\t<\/div>\n\t\t\t\t<\/div>\n\t\t\t\t\t<\/div>\n\t\t<\/div>\n\t\t\t\t\t<\/div>\n\t\t<\/section>\n\t\t\t\t<section class=\"elementor-section elementor-top-section elementor-element elementor-element-23d239c elementor-section-boxed elementor-section-height-default elementor-section-height-default\" data-id=\"23d239c\" data-element_type=\"section\" data-e-type=\"section\">\n\t\t\t\t\t\t<div class=\"elementor-container elementor-column-gap-default\">\n\t\t\t\t\t<div class=\"elementor-column elementor-col-25 elementor-top-column elementor-element elementor-element-e7987c5\" data-id=\"e7987c5\" data-element_type=\"column\" data-e-type=\"column\">\n\t\t\t<div class=\"elementor-widget-wrap elementor-element-populated\">\n\t\t\t\t\t\t<div class=\"elementor-element elementor-element-588efd3 elementor-widget elementor-widget-text-editor\" data-id=\"588efd3\" data-element_type=\"widget\" data-e-type=\"widget\" data-widget_type=\"text-editor.default\">\n\t\t\t\t<div class=\"elementor-widget-container\">\n\t\t\t\t\t\t\t\t\t<ol><li class=\"font_8 wixui-rich-text__text\"><span class=\"wixui-rich-text__text\"><b>Categor\u00eda 1<\/b> (m\u00e1ximo nivel de dificultad): S\u00f3lo rut\u00f3metro (f\u00edsico o digital)\u00a0 y confirmaci\u00f3n de paso a trav\u00e9s de wpt obligatorios (GPS).\u00a0<\/span><\/li><\/ol>\t\t\t\t\t\t\t\t<\/div>\n\t\t\t\t<\/div>\n\t\t\t\t\t<\/div>\n\t\t<\/div>\n\t\t\t\t<div class=\"elementor-column elementor-col-25 elementor-top-column elementor-element elementor-element-f223889\" data-id=\"f223889\" data-element_type=\"column\" data-e-type=\"column\">\n\t\t\t<div class=\"elementor-widget-wrap elementor-element-populated\">\n\t\t\t\t\t\t<div class=\"elementor-element elementor-element-17276f7 elementor-widget elementor-widget-text-editor\" data-id=\"17276f7\" data-element_type=\"widget\" data-e-type=\"widget\" data-widget_type=\"text-editor.default\">\n\t\t\t\t<div class=\"elementor-widget-container\">\n\t\t\t\t\t\t\t\t\t<ol><li class=\"font_8 wixui-rich-text__text\"><span class=\"wixui-rich-text__text\"><b>Categor\u00eda 2\u00a0<\/b>(nivel medio de dificultad): Rut\u00f3metro (f\u00edsico o digital) con visualizaci\u00f3n de la ruta (GPS). Este es el ideal para nosotros.<\/span><\/li><\/ol>\t\t\t\t\t\t\t\t<\/div>\n\t\t\t\t<\/div>\n\t\t\t\t\t<\/div>\n\t\t<\/div>\n\t\t\t\t<div class=\"elementor-column elementor-col-25 elementor-top-column elementor-element elementor-element-975cb8e\" data-id=\"975cb8e\" data-element_type=\"column\" data-e-type=\"column\">\n\t\t\t<div class=\"elementor-widget-wrap elementor-element-populated\">\n\t\t\t\t\t\t<div class=\"elementor-element elementor-element-22b8834 elementor-widget__width-initial elementor-widget elementor-widget-text-editor\" data-id=\"22b8834\" data-element_type=\"widget\" data-e-type=\"widget\" data-widget_type=\"text-editor.default\">\n\t\t\t\t<div class=\"elementor-widget-container\">\n\t\t\t\t\t\t\t\t\t<ol><li class=\"font_8 wixui-rich-text__text\"><span class=\"wixui-rich-text__text\"><b>Categor\u00eda 3<\/b>\u00a0(nivel bajo de dificultad): Seguimiento del track con GPS o aplicaciones en m\u00f3vil o tablet (google maps, etc\u2026). Para \u00e9l que no lleve rut\u00f3metro.<\/span><\/li><\/ol>\t\t\t\t\t\t\t\t<\/div>\n\t\t\t\t<\/div>\n\t\t\t\t\t<\/div>\n\t\t<\/div>\n\t\t\t\t<div class=\"elementor-column elementor-col-25 elementor-top-column elementor-element elementor-element-f94e1e9\" data-id=\"f94e1e9\" data-element_type=\"column\" data-e-type=\"column\">\n\t\t\t<div class=\"elementor-widget-wrap elementor-element-populated\">\n\t\t\t\t\t\t<div class=\"elementor-element elementor-element-81d59eb elementor-widget elementor-widget-text-editor\" data-id=\"81d59eb\" data-element_type=\"widget\" data-e-type=\"widget\" data-widget_type=\"text-editor.default\">\n\t\t\t\t<div class=\"elementor-widget-container\">\n\t\t\t\t\t\t\t\t\t<div id=\"comp-kxenpczj\" class=\"KcpHeO tz5f0K comp-kxenpczj wixui-rich-text\" data-testid=\"richTextElement\"><ol><li class=\"font_8 wixui-rich-text__text\"><span class=\"wixui-rich-text__text\"><b>Categor\u00eda 4<\/b>\u00a0(nivel m\u00ednimo, s\u00f3lo pendiente de la conducci\u00f3n) &#8220;sigo al compa\u00f1ero que llevo delante&#8221;. En este caso siempre se navegar\u00e1 en grupo, de manera que \u00e9l que va delante controla al que va detr\u00e1s, siempre encabezado por un gu\u00eda o monitor.<\/span><\/li><\/ol><\/div>\t\t\t\t\t\t\t\t<\/div>\n\t\t\t\t<\/div>\n\t\t\t\t\t<\/div>\n\t\t<\/div>\n\t\t\t\t\t<\/div>\n\t\t<\/section>\n\t\t\t\t<section class=\"elementor-section elementor-top-section elementor-element elementor-element-e95b739 elementor-section-boxed elementor-section-height-default elementor-section-height-default\" data-id=\"e95b739\" data-element_type=\"section\" data-e-type=\"section\">\n\t\t\t\t\t\t<div class=\"elementor-container elementor-column-gap-default\">\n\t\t\t\t\t<div class=\"elementor-column elementor-col-50 elementor-top-column elementor-element elementor-element-e3c055e\" data-id=\"e3c055e\" data-element_type=\"column\" data-e-type=\"column\">\n\t\t\t<div class=\"elementor-widget-wrap elementor-element-populated\">\n\t\t\t\t\t\t<div class=\"elementor-element elementor-element-d229cac elementor-widget__width-initial elementor-view-default elementor-widget elementor-widget-icon\" data-id=\"d229cac\" data-element_type=\"widget\" data-e-type=\"widget\" data-widget_type=\"icon.default\">\n\t\t\t\t<div class=\"elementor-widget-container\">\n\t\t\t\t\t\t\t<div class=\"elementor-icon-wrapper\">\n\t\t\t<div class=\"elementor-icon\">\n\t\t\t<i aria-hidden=\"true\" class=\"fas fa-bicycle\"><\/i>\t\t\t<\/div>\n\t\t<\/div>\n\t\t\t\t\t\t<\/div>\n\t\t\t\t<\/div>\n\t\t\t\t\t<\/div>\n\t\t<\/div>\n\t\t\t\t<div class=\"elementor-column elementor-col-50 elementor-top-column elementor-element elementor-element-61bc960\" data-id=\"61bc960\" data-element_type=\"column\" data-e-type=\"column\">\n\t\t\t<div class=\"elementor-widget-wrap elementor-element-populated\">\n\t\t\t\t\t\t<div class=\"elementor-element elementor-element-c887d6b elementor-widget__width-initial elementor-widget elementor-widget-text-editor\" data-id=\"c887d6b\" data-element_type=\"widget\" data-e-type=\"widget\" data-widget_type=\"text-editor.default\">\n\t\t\t\t<div class=\"elementor-widget-container\">\n\t\t\t\t\t\t\t\t\t<h5>Estamos trabajando en ofrecer las mejores rutas en bici, en breve publicaremos m\u00e1s informaci\u00f3n<\/h5>\t\t\t\t\t\t\t\t<\/div>\n\t\t\t\t<\/div>\n\t\t\t\t\t<\/div>\n\t\t<\/div>\n\t\t\t\t\t<\/div>\n\t\t<\/section>\n\t\t\t\t<\/div>","protected":false},"excerpt":{"rendered":"<p>Como amantes de la naturaleza y del campo, nuestras rutas est\u00e1n dise\u00f1adas para realizarlas con bicicletas de monta\u00f1a y a ser posible el\u00e9ctricas. El pedaleo asistido te permite llevar a cabo grandes recorridos sin tener que realizar un extraordinario esfuerzo, permitiendo agrupar a personas&#8230;<\/p>","protected":false},"author":2,"featured_media":3244,"parent":0,"menu_order":0,"comment_status":"closed","ping_status":"closed","template":"","meta":{"footnotes":""},"class_list":["post-1110","page","type-page","status-publish","has-post-thumbnail","hentry"],"meta_box":[],"_links":{"self":[{"href":"https:\/\/www.portanaviajes.com\/en\/wp-json\/wp\/v2\/pages\/1110","targetHints":{"allow":["GET"]}}],"collection":[{"href":"https:\/\/www.portanaviajes.com\/en\/wp-json\/wp\/v2\/pages"}],"about":[{"href":"https:\/\/www.portanaviajes.com\/en\/wp-json\/wp\/v2\/types\/page"}],"author":[{"embeddable":true,"href":"https:\/\/www.portanaviajes.com\/en\/wp-json\/wp\/v2\/users\/2"}],"replies":[{"embeddable":true,"href":"https:\/\/www.portanaviajes.com\/en\/wp-json\/wp\/v2\/comments?post=1110"}],"version-history":[{"count":37,"href":"https:\/\/www.portanaviajes.com\/en\/wp-json\/wp\/v2\/pages\/1110\/revisions"}],"predecessor-version":[{"id":3292,"href":"https:\/\/www.portanaviajes.com\/en\/wp-json\/wp\/v2\/pages\/1110\/revisions\/3292"}],"wp:featuredmedia":[{"embeddable":true,"href":"https:\/\/www.portanaviajes.com\/en\/wp-json\/wp\/v2\/media\/3244"}],"wp:attachment":[{"href":"https:\/\/www.portanaviajes.com\/en\/wp-json\/wp\/v2\/media?parent=1110"}],"curies":[{"name":"wp","href":"https:\/\/api.w.org\/{rel}","templated":true}]}}