{"id":1116,"date":"2023-09-26T09:31:25","date_gmt":"2023-09-26T09:31:25","guid":{"rendered":"https:\/\/portana.artkvisual.com\/?page_id=1116"},"modified":"2024-01-02T17:53:25","modified_gmt":"2024-01-02T17:53:25","slug":"rutas-en-familia","status":"publish","type":"page","link":"https:\/\/www.portanaviajes.com\/en\/rutas-en-familia\/","title":{"rendered":"Rutas en Familia"},"content":{"rendered":"<div data-elementor-type=\"wp-page\" data-elementor-id=\"1116\" class=\"elementor elementor-1116\">\n\t\t\t\t\t\t<section class=\"elementor-section elementor-top-section elementor-element elementor-element-d7fe538 elementor-section-boxed elementor-section-height-default elementor-section-height-default\" data-id=\"d7fe538\" data-element_type=\"section\" data-e-type=\"section\">\n\t\t\t\t\t\t<div class=\"elementor-container elementor-column-gap-default\">\n\t\t\t\t\t<div class=\"elementor-column elementor-col-100 elementor-top-column elementor-element elementor-element-a0e7568\" data-id=\"a0e7568\" data-element_type=\"column\" data-e-type=\"column\">\n\t\t\t<div class=\"elementor-widget-wrap elementor-element-populated\">\n\t\t\t\t\t\t<div class=\"elementor-element elementor-element-f42cd10 elementor-widget__width-initial elementor-widget elementor-widget-travol-simple-title\" data-id=\"f42cd10\" data-element_type=\"widget\" data-e-type=\"widget\" data-widget_type=\"travol-simple-title.default\">\n\t\t\t\t<div class=\"elementor-widget-container\">\n\t\t\t\t\t\t\t<div class=\"tour-page clear text-left\">\n\t\t\t            <h6 class=\"tl-simple-title\"> &quot;Viajar te deja sin palabras y despu\u00e9s te convierte en un narrador de historias&quot;  \n(Ibn Battuta)<\/h6>\n\t\t\t\t\t<\/div>\n\t\t\t\t\t\t<\/div>\n\t\t\t\t<\/div>\n\t\t\t\t\t<\/div>\n\t\t<\/div>\n\t\t\t\t\t<\/div>\n\t\t<\/section>\n\t\t\t\t<section class=\"elementor-section elementor-top-section elementor-element elementor-element-11b531e elementor-section-boxed elementor-section-height-default elementor-section-height-default\" data-id=\"11b531e\" data-element_type=\"section\" data-e-type=\"section\">\n\t\t\t\t\t\t<div class=\"elementor-container elementor-column-gap-narrow\">\n\t\t\t\t\t<div class=\"elementor-column elementor-col-50 elementor-top-column elementor-element elementor-element-dc4f98a\" data-id=\"dc4f98a\" data-element_type=\"column\" data-e-type=\"column\">\n\t\t\t<div class=\"elementor-widget-wrap elementor-element-populated\">\n\t\t\t\t\t\t<div class=\"elementor-element elementor-element-39cc385 elementor-widget__width-initial elementor-widget elementor-widget-travol-image\" data-id=\"39cc385\" data-element_type=\"widget\" data-e-type=\"widget\" data-widget_type=\"travol-image.default\">\n\t\t\t\t<div class=\"elementor-widget-container\">\n\t\t\t\t\t\t\t<div class=\"about\">\r\n\t\t\t<div class=\"img-exp\">\r\n\t\t\t\t<div class=\"about-img\">\r\n\t\t\t\t\t<div class=\"img\"> <img decoding=\"async\" src=\"https:\/\/www.portanaviajes.com\/wp-content\/uploads\/2024\/01\/Imagen-de-WhatsApp-2024-01-02-a-las-17.39.25_07fdd823.jpg\" class=\"img-fluid\" alt=\"\"> <\/div>\r\n\t\t\t\t<\/div>\r\n\t\t\t\t\t\t\t\t<div id=\"circle\">\r\n\t\t\t\t\t<svg version=\"1.1\" xmlns=\"http:\/\/www.w3.org\/2000\/svg\" xmlns:xlink=\"http:\/\/www.w3.org\/1999\/xlink\" x=\"0px\" y=\"0px\" width=\"300px\" height=\"300px\" viewbox=\"0 0 300 300\" enable-background=\"new 0 0 300 300\" xml:space=\"preserve\">\r\n\t\t\t\t\t\t<defs>\r\n\t\t\t\t\t\t\t<path id=\"circlePath\" d=\" M 150, 150 m -60, 0 a 60,60 0 0,1 120,0 a 60,60 0 0,1 -120,0 \" \/>\r\n\t\t\t\t\t\t<\/defs>\r\n\t\t\t\t\t\t<circle cx=\"150\" cy=\"100\" r=\"75\" fill=\"none\" \/>\r\n\t\t\t\t\t\t\t<g>\r\n\t\t\t\t\t\t\t\t<use xlink:href=\"#circlePath\" fill=\"none\" \/>\r\n\t\t\t\t\t\t\t\t<text fill=\"#0f2454\">\r\n\t\t\t\t\t\t\t\t\t<textpath xlink:href=\"#circlePath\"> . Rutas Ecotur\u00edsticas . Rutas Ecotur\u00edsticas <\/textpath>\r\n\t\t\t\t\t\t\t\t<\/text>\r\n\t\t\t\t\t\t\t<\/g>\r\n\t\t\t\t\t<\/svg>\r\n\t\t\t\t<\/div>\r\n\t\t\t\t\t\t\t<\/div>\r\n        <\/div>\r\n\t\t\r\n\t\t\r\n        \t\t\t\t<\/div>\n\t\t\t\t<\/div>\n\t\t\t\t\t<\/div>\n\t\t<\/div>\n\t\t\t\t<div class=\"elementor-column elementor-col-50 elementor-top-column elementor-element elementor-element-a7fdc33\" data-id=\"a7fdc33\" data-element_type=\"column\" data-e-type=\"column\">\n\t\t\t<div class=\"elementor-widget-wrap elementor-element-populated\">\n\t\t\t\t\t\t<div class=\"elementor-element elementor-element-410516e elementor-widget__width-initial elementor-widget elementor-widget-text-editor\" data-id=\"410516e\" data-element_type=\"widget\" data-e-type=\"widget\" data-widget_type=\"text-editor.default\">\n\t\t\t\t<div class=\"elementor-widget-container\">\n\t\t\t\t\t\t\t\t\t<p><strong>Viajes familiares<\/strong> de aventuras, con actividades donde tendr\u00e1n que superar retos de forma conjunta, como un equipo totalmente coordinado, de manera que todos vivan <strong>experiencias inolvidables y emocionantes.<\/strong><\/p><p>Adem\u00e1s de las actividades de turismo activo complementarias, que nuestros proveedores previamente seleccionados nos pueden ofrecer, desde el descenso de barrancos, escalada, kayak, tirolina, etc., en nuestros viajes y rutas los participantes tendr\u00e1n que resolver <strong>acertijos y pistas<\/strong> en diferentes ubicaciones marcados en los rut\u00f3metros de <strong>PORTANA<\/strong>.<\/p><p>\u200bA trav\u00e9s de fotos, v\u00eddeos o aplicaciones web cada familia tiene que encontrar su tesoro, en una ciudad, en un pueblo o en la propia naturaleza.<\/p><p>A lo largo del recorrido esconderemos peque\u00f1as <strong>recompensas<\/strong> que har\u00e1n m\u00e1s felices a aquellos que las encuentren, en determinadas coordenadas se les pedir\u00e1 que realicen una foto y a trav\u00e9s de nuestro <strong>sistema de geolocalizaci\u00f3n<\/strong> gratificaremos aquellos equipos que mejor hayan realizado el track del recorrido.\u200b<\/p><p>\u200bLas rutas solo son aptas para <strong>personas activas,<\/strong> <span style=\"text-decoration: underline;\"><strong>con ganas de explorar, navegar, disfrutar<\/strong><\/span> y siempre apoyadas con un equipo cualificado que garantice su <strong>seguridad y apoyo.<\/strong><\/p>\t\t\t\t\t\t\t\t<\/div>\n\t\t\t\t<\/div>\n\t\t\t\t\t<\/div>\n\t\t<\/div>\n\t\t\t\t\t<\/div>\n\t\t<\/section>\n\t\t\t\t<section class=\"elementor-section elementor-top-section elementor-element elementor-element-2c75c17 elementor-section-boxed elementor-section-height-default elementor-section-height-default\" data-id=\"2c75c17\" data-element_type=\"section\" data-e-type=\"section\">\n\t\t\t\t\t\t<div class=\"elementor-container elementor-column-gap-default\">\n\t\t\t\t\t<div class=\"elementor-column elementor-col-100 elementor-top-column elementor-element elementor-element-3de1a22\" data-id=\"3de1a22\" data-element_type=\"column\" data-e-type=\"column\">\n\t\t\t<div class=\"elementor-widget-wrap elementor-element-populated\">\n\t\t\t\t\t\t<div class=\"elementor-element elementor-element-661b458 elementor-widget__width-initial elementor-widget elementor-widget-text-editor\" data-id=\"661b458\" data-element_type=\"widget\" data-e-type=\"widget\" data-widget_type=\"text-editor.default\">\n\t\t\t\t<div class=\"elementor-widget-container\">\n\t\t\t\t\t\t\t\t\t<h5>Estamos trabajando en ofrecer los mejores retos y aventuras.<\/h5>\t\t\t\t\t\t\t\t<\/div>\n\t\t\t\t<\/div>\n\t\t\t\t\t<\/div>\n\t\t<\/div>\n\t\t\t\t\t<\/div>\n\t\t<\/section>\n\t\t\t\t<\/div>","protected":false},"excerpt":{"rendered":"<p>&quot;Viajar te deja sin palabras y despu\u00e9s te convierte en un narrador de historias&quot; (Ibn Battuta) . Rutas Ecotur\u00edsticas . Rutas Ecotur\u00edsticas Viajes familiares de aventuras, con actividades donde tendr\u00e1n que superar retos de forma conjunta, como un equipo totalmente coordinado, de manera que&#8230;<\/p>","protected":false},"author":2,"featured_media":3207,"parent":0,"menu_order":0,"comment_status":"closed","ping_status":"closed","template":"","meta":{"footnotes":""},"class_list":["post-1116","page","type-page","status-publish","has-post-thumbnail","hentry"],"meta_box":[],"_links":{"self":[{"href":"https:\/\/www.portanaviajes.com\/en\/wp-json\/wp\/v2\/pages\/1116","targetHints":{"allow":["GET"]}}],"collection":[{"href":"https:\/\/www.portanaviajes.com\/en\/wp-json\/wp\/v2\/pages"}],"about":[{"href":"https:\/\/www.portanaviajes.com\/en\/wp-json\/wp\/v2\/types\/page"}],"author":[{"embeddable":true,"href":"https:\/\/www.portanaviajes.com\/en\/wp-json\/wp\/v2\/users\/2"}],"replies":[{"embeddable":true,"href":"https:\/\/www.portanaviajes.com\/en\/wp-json\/wp\/v2\/comments?post=1116"}],"version-history":[{"count":19,"href":"https:\/\/www.portanaviajes.com\/en\/wp-json\/wp\/v2\/pages\/1116\/revisions"}],"predecessor-version":[{"id":3266,"href":"https:\/\/www.portanaviajes.com\/en\/wp-json\/wp\/v2\/pages\/1116\/revisions\/3266"}],"wp:featuredmedia":[{"embeddable":true,"href":"https:\/\/www.portanaviajes.com\/en\/wp-json\/wp\/v2\/media\/3207"}],"wp:attachment":[{"href":"https:\/\/www.portanaviajes.com\/en\/wp-json\/wp\/v2\/media?parent=1116"}],"curies":[{"name":"wp","href":"https:\/\/api.w.org\/{rel}","templated":true}]}}