{"id":1579,"date":"2023-11-13T06:57:06","date_gmt":"2023-11-13T06:57:06","guid":{"rendered":"https:\/\/portana.artkvisual.com\/?page_id=1579"},"modified":"2024-07-29T18:57:28","modified_gmt":"2024-07-29T18:57:28","slug":"seguridad-y-transparencia","status":"publish","type":"page","link":"https:\/\/www.portanaviajes.com\/en\/seguridad-y-transparencia\/","title":{"rendered":"SEGURIDAD Y TRANSPARENCIA"},"content":{"rendered":"<div data-elementor-type=\"wp-page\" data-elementor-id=\"1579\" class=\"elementor elementor-1579\">\n\t\t\t\t\t\t<section class=\"elementor-section elementor-top-section elementor-element elementor-element-3b9c4928 elementor-section-boxed elementor-section-height-default elementor-section-height-default\" data-id=\"3b9c4928\" data-element_type=\"section\" data-e-type=\"section\">\n\t\t\t\t\t\t<div class=\"elementor-container elementor-column-gap-narrow\">\n\t\t\t\t\t<div class=\"elementor-column elementor-col-100 elementor-top-column elementor-element elementor-element-2895e317\" data-id=\"2895e317\" data-element_type=\"column\" data-e-type=\"column\">\n\t\t\t<div class=\"elementor-widget-wrap elementor-element-populated\">\n\t\t\t\t\t\t<div class=\"elementor-element elementor-element-c32b9a7 elementor-widget elementor-widget-heading\" data-id=\"c32b9a7\" data-element_type=\"widget\" data-e-type=\"widget\" data-widget_type=\"heading.default\">\n\t\t\t\t<div class=\"elementor-widget-container\">\n\t\t\t\t\t<h2 class=\"elementor-heading-title elementor-size-default\">\"Es tiempo de Aventuras Seguras y Protegidas\"<\/h2>\t\t\t\t<\/div>\n\t\t\t\t<\/div>\n\t\t\t\t<div class=\"elementor-element elementor-element-e83b897 elementor-widget elementor-widget-text-editor\" data-id=\"e83b897\" data-element_type=\"widget\" data-e-type=\"widget\" data-widget_type=\"text-editor.default\">\n\t\t\t\t<div class=\"elementor-widget-container\">\n\t\t\t\t\t\t\t\t\t<p style=\"text-align: center;\"><strong>El principal motivo por el que cumplimos con todos los requisitos legales es para garantizar la SEGURIDAD de nuestro equipo, nuestros clientes viajeros y asumir nuestra responsabilidad.<\/strong><\/p>\t\t\t\t\t\t\t\t<\/div>\n\t\t\t\t<\/div>\n\t\t\t\t<div class=\"elementor-element elementor-element-d9255e2 elementor-widget elementor-widget-spacer\" data-id=\"d9255e2\" data-element_type=\"widget\" data-e-type=\"widget\" data-widget_type=\"spacer.default\">\n\t\t\t\t<div class=\"elementor-widget-container\">\n\t\t\t\t\t\t\t<div class=\"elementor-spacer\">\n\t\t\t<div class=\"elementor-spacer-inner\"><\/div>\n\t\t<\/div>\n\t\t\t\t\t\t<\/div>\n\t\t\t\t<\/div>\n\t\t\t\t<div class=\"elementor-element elementor-element-7ead2bf elementor-widget elementor-widget-text-editor\" data-id=\"7ead2bf\" data-element_type=\"widget\" data-e-type=\"widget\" data-widget_type=\"text-editor.default\">\n\t\t\t\t<div class=\"elementor-widget-container\">\n\t\t\t\t\t\t\t\t\t<h5><span style=\"color: #000000;\">Legislaci\u00f3n Aplicable:<\/span><\/h5><ul><li><strong>Portana<\/strong> <strong>es una agencia legalmente constituida<\/strong>, donde ofrecemos m\u00e1s de un servicio tur\u00edstico, en m\u00e1s de 24 horas y por un precio global, seg\u00fan la legislaci\u00f3n vigente este tipo de paquete previamente establecido es definido como <strong>\u201cviaje combinado\u201d<\/strong> y s\u00f3lo es posible organizar y comercializar, seg\u00fan decreto de la Comunidad Aut\u00f3noma de Andaluc\u00eda, a trav\u00e9s de la figura de la <strong><u>Agencia de Viajes<\/u><\/strong>, debiendo a estos efectos cumplir los t\u00e9rminos establecidos reglamentariamente, exigiendo: <strong>una garant\u00eda de responsabilidad contractual y un Seguro de Responsabilidad civil<\/strong> para afianzar el normal desarrollo de su actividad que garantice los posibles riesgos de su responsabilidad.<\/li><li>\u00a0<\/li><li>Como empresa organizadora de actividades deportivas que se practican sirvi\u00e9ndose b\u00e1sicamente de los recursos que ofrece la naturaleza en las que es inherente el factor riesgo y\/o cierto grado de esfuerzo f\u00edsico actuamos como agencia de Turismo Activo disponiendo de un <strong>seguro de responsabilidad civil<\/strong> y profesional para cubrir las responsabilidades potenciales por los riesgos para las personas destinatarias o para terceras personas, <strong>incluido el rescate, traslado y asistencia, derivados de un accidente en el desarrollo de la actividad.<\/strong><\/li><\/ul><h5><span style=\"color: #000000;\">Nuestras Coberturas<\/span><\/h5><ul><li><strong>Garant\u00eda por 100.000 \u20ac<\/strong> para responder con car\u00e1cter general del cumplimiento de las obligaciones derivadas de la prestaci\u00f3n de sus servicios frente a las personas contratantes y, especialmente, en caso de insolvencia, del reembolso efectivo de todos los pagos realizados por las personas viajeras o por una tercera persona en su nombre, en la medida en que no se hayan prestado los servicios correspondientes y, en el caso de que se incluya el transporte, de la repatriaci\u00f3n efectiva de las personas viajeras.<\/li><li>\u00a0<\/li><li><strong>Seguro de responsabilidad civil y profesional<\/strong>, explotaci\u00f3n, accidentes de trabajo y responsabilidad civil cruzada por un capital de <strong>900.000 \u20ac<\/strong> que garantice los posibles riesgos de nuestra responsabilidad por los servicios prestados como Agencia de Viajes.<\/li><li>\u00a0<\/li><li><strong>Seguro de accidentes y rescate<\/strong>. Accidentes que sufran los participantes durante el desarrollo de su actividad. Capital asegurado:<\/li><li>\u00a0<ul><li style=\"list-style-type: none;\"><ul><li><strong>Asistencia sanitaria: 6.000 \u20ac<\/strong><\/li><li><strong>Gastos odontol\u00f3gicos: 600 \u20ac<\/strong><\/li><li><strong>Fallecimiento por accidente: 10.000 \u20ac<\/strong><\/li><li><strong>Invalidez total por accidente: 10.000 \u20ac<\/strong><\/li><li><strong>Rescate (Helic\u00f3ptero incluido): 10.000 \u20ac<\/strong><\/li><li><strong>Asistencia en viaje: 40.000 \u20ac<\/strong><\/li><li><strong>Transporte sanitario hasta un centro sanitario o su residencia habitual en Espa\u00f1a: ilimitado.<\/strong><\/li><li><strong>Transporte de los Asegurados acompa\u00f1antes hasta su lugar de residencia habitual o hasta d\u00f3nde el Asegurado se encuentre hospitalizado: ilimitado.<\/strong><\/li><li><strong>Desplazamiento o alojamiento del Asegurado hospitalizado: ilimitado.<\/strong><\/li><li><strong>Desplazamiento al lugar de hospitalizaci\u00f3n: ilimitado.<\/strong><\/li><li><strong>Alojamiento: hasta 42,07 \u20ac\/d\u00eda con un m\u00e1ximo de 420,71 \u20ac<\/strong><\/li><\/ul><\/li><\/ul><\/li><\/ul><p style=\"text-align: center;\"><span style=\"color: #000000;\"><strong>Estas son las coberturas que creemos m\u00e1s destacables, si quiere ampliar informaci\u00f3n solic\u00edtenos una copia de las p\u00f3lizas de seguros, estaremos encantados de ense\u00f1arselas.<\/strong><\/span><\/p>\t\t\t\t\t\t\t\t<\/div>\n\t\t\t\t<\/div>\n\t\t\t\t\t<\/div>\n\t\t<\/div>\n\t\t\t\t\t<\/div>\n\t\t<\/section>\n\t\t\t\t<\/div>","protected":false},"excerpt":{"rendered":"<p>&#8220;Es tiempo de Aventuras Seguras y Protegidas&#8221; El principal motivo por el que cumplimos con todos los requisitos legales es para garantizar la SEGURIDAD de nuestro equipo, nuestros clientes viajeros y asumir nuestra responsabilidad. Legislaci\u00f3n Aplicable: Portana es una agencia legalmente constituida, donde ofrecemos&#8230;<\/p>","protected":false},"author":2,"featured_media":5118,"parent":0,"menu_order":0,"comment_status":"closed","ping_status":"closed","template":"","meta":{"footnotes":""},"class_list":["post-1579","page","type-page","status-publish","has-post-thumbnail","hentry"],"meta_box":[],"_links":{"self":[{"href":"https:\/\/www.portanaviajes.com\/en\/wp-json\/wp\/v2\/pages\/1579","targetHints":{"allow":["GET"]}}],"collection":[{"href":"https:\/\/www.portanaviajes.com\/en\/wp-json\/wp\/v2\/pages"}],"about":[{"href":"https:\/\/www.portanaviajes.com\/en\/wp-json\/wp\/v2\/types\/page"}],"author":[{"embeddable":true,"href":"https:\/\/www.portanaviajes.com\/en\/wp-json\/wp\/v2\/users\/2"}],"replies":[{"embeddable":true,"href":"https:\/\/www.portanaviajes.com\/en\/wp-json\/wp\/v2\/comments?post=1579"}],"version-history":[{"count":13,"href":"https:\/\/www.portanaviajes.com\/en\/wp-json\/wp\/v2\/pages\/1579\/revisions"}],"predecessor-version":[{"id":5113,"href":"https:\/\/www.portanaviajes.com\/en\/wp-json\/wp\/v2\/pages\/1579\/revisions\/5113"}],"wp:featuredmedia":[{"embeddable":true,"href":"https:\/\/www.portanaviajes.com\/en\/wp-json\/wp\/v2\/media\/5118"}],"wp:attachment":[{"href":"https:\/\/www.portanaviajes.com\/en\/wp-json\/wp\/v2\/media?parent=1579"}],"curies":[{"name":"wp","href":"https:\/\/api.w.org\/{rel}","templated":true}]}}