{"id":3,"date":"2023-09-08T06:39:00","date_gmt":"2023-09-08T06:39:00","guid":{"rendered":"https:\/\/portana.artkvisual.com\/?page_id=3"},"modified":"2024-08-23T08:13:49","modified_gmt":"2024-08-23T08:13:49","slug":"aviso-legal","status":"publish","type":"page","link":"https:\/\/www.portanaviajes.com\/en\/aviso-legal\/","title":{"rendered":"Aviso Legal (T\u00e9rminos y Condiciones)"},"content":{"rendered":"<div data-elementor-type=\"wp-page\" data-elementor-id=\"3\" class=\"elementor elementor-3\">\n\t\t\t\t\t\t<section class=\"elementor-section elementor-top-section elementor-element elementor-element-19cccd77 elementor-section-boxed elementor-section-height-default elementor-section-height-default\" data-id=\"19cccd77\" data-element_type=\"section\" data-e-type=\"section\">\n\t\t\t\t\t\t<div class=\"elementor-container elementor-column-gap-default\">\n\t\t\t\t\t<div class=\"elementor-column elementor-col-100 elementor-top-column elementor-element elementor-element-29f43118\" data-id=\"29f43118\" data-element_type=\"column\" data-e-type=\"column\">\n\t\t\t<div class=\"elementor-widget-wrap elementor-element-populated\">\n\t\t\t\t\t\t<div class=\"elementor-element elementor-element-1607a4b5 elementor-widget elementor-widget-text-editor\" data-id=\"1607a4b5\" data-element_type=\"widget\" data-e-type=\"widget\" data-widget_type=\"text-editor.default\">\n\t\t\t\t<div class=\"elementor-widget-container\">\n\t\t\t\t\t\t\t\t\t<ul class=\"font_8\"><li><p class=\"font_8\"><strong>Titularidad del Portal<\/strong><\/p><\/li><\/ul><p class=\"font_8\">En cumplimiento con el art\u00edculo 10 de la Ley 34\/2002, de 11 de julio, de Servicios de la Sociedad de la Informaci\u00f3n y de Comercio Electr\u00f3nico (LSSI) se le informa de los siguientes datos:<\/p><p class=\"font_8\">El sitio Web www.portanaviajes.com (en adelante PORTANA VIAJES y\/o la Web), al que est\u00e1 Vd. accediendo es propiedad de Juan Fernando Orta G\u00f3mez cuyos datos son:<\/p><ul><li class=\"font_8\"><strong>Juan Fernando Orta G\u00f3mez.\u00a0<\/strong>Domicilio: <strong>C\/ Las Encinas, 9 &#8211; Urb. La Envia-Golf &#8211;<\/strong> 04727 &#8211; Vicar (Almer\u00eda).\u00a0<\/li><\/ul><p class=\"font_8\">E-mail: <strong>info@portanaviajes.com. <\/strong>Esta direcci\u00f3n de correo electr\u00f3nico est\u00e1 siendo protegida contra los robots de spam. Necesita tener JavaScript habilitado para poder verlo.<\/p><p class=\"font_8\">Juan Fernando Orta G\u00f3mez pone este portal a disposici\u00f3n de los usuarios de Internet con el fin de ofrecer un conjunto de servicios tur\u00edsticos, que permiten a los interesados poder adquirir a trav\u00e9s de su sitio web www.portanaviajes.com.<\/p><ul><li class=\"font_8\"><strong>Aceptaci\u00f3n de las condiciones de uso<\/strong><\/li><\/ul><p class=\"font_8\">Las siguientes condiciones generales van dirigidas a los \u201cusuarios\u201d de esta p\u00e1gina Web, entendi\u00e9ndose por usuarios tanto las personas que acceden a la misma en busca de la informaci\u00f3n contenida en www.portanaviajes.com, as\u00ed como aquellas que se han registrado para acceder a los servicios que se ofrecen en ella.\u00a0<\/p><p class=\"font_8\">En consecuencia, la utilizaci\u00f3n de este sitio Web atribuye la condici\u00f3n de Usuario. Los usuarios deber\u00e1n leer atentamente las presentes Condiciones Generales de Uso de esta p\u00e1gina Web. El uso o acceso al Sitio Web www.portanaviajes.com, obligatoriamente implica el conocimiento y la aceptaci\u00f3n completa, plena y sin reservas de todas y cada una de las cl\u00e1usulas y condiciones generales incluidas en el Aviso Legal, as\u00ed como las Condiciones Generales o Particulares de Uso, vigentes en cada momento en que el Usuario acceda al mismo. Si el usuario no estuviera conforme con las condiciones aqu\u00ed establecidas, se abstendr\u00e1 de utilizar la p\u00e1gina.<\/p><ul class=\"font_8\"><li><p class=\"font_8\"><strong>Condiciones Generales de Uso del sitio Web<\/strong><\/p><\/li><\/ul><p class=\"font_8\">Este Aviso Legal est\u00e1 sujeto a cambios y actualizaciones por lo que la versi\u00f3n publicada en el sitio Web www.portanaviajes.com, puede ser diferente en cada momento en que el usuario acceda al portal.<\/p><p class=\"font_8\">PORTANA VIAJES se reserva el derecho de modificar o actualizar, sin previo aviso, la informaci\u00f3n contenida en su sitio Web, as\u00ed como su configuraci\u00f3n, presentaci\u00f3n y condiciones de acceso. En consecuencia, PORTANA VIAJES\u00a0recomienda leer peri\u00f3dicamente las presentes Condiciones.\u00a0<\/p><p class=\"font_8\">Igualmente, PORTANA VIAJES se reserva el derecho de suspender, interrumpir o dejar de operar el sitio Web en cualquier momento. Por tanto, dado que el presente sitio Web puede sufrir modificaciones, el usuario debe leer atentamente el presente documento en su totalidad, en todas aquellas ocasiones que se proponga el uso o utilizaci\u00f3n del presente sitio Web.<\/p><p class=\"font_8\">El Usuario puede acceder, imprimir, descargar y guardar esta Condiciones Generales las cuales estar\u00e1n permanentemente accesibles en el Sitio Web a trav\u00e9s del enlace Aviso legal de www.portanaviajes.com<\/p><p class=\"font_8\">En todo caso se informa que los menores de catorce a\u00f1os que accedan a este sitio Web sin avisar a sus padres, no deben registrarse como usuario, ya que en este caso, se requiere el consentimiento de los padres o tutores para el tratamiento de sus datos personales.<\/p><ul class=\"font_8\"><li><p class=\"font_8\"><strong>Responsabilidad de PORTANA<\/strong><\/p><\/li><\/ul><p class=\"font_8\">PORTANA VIAJES, \u00fanicamente responder\u00e1 de los da\u00f1os que el Usuario pueda sufrir como consecuencia de la utilizaci\u00f3n de la Web cuando dichos da\u00f1os sean imputables a una actuaci\u00f3n dolosa del mismo.<\/p><p class=\"font_8\">PORTANA VIAJES no garantiza la disponibilidad y continuidad del sitio Web o de aquellos otros sitios Web con los que se haya establecido o pudiera establecerse un Link.<\/p><p class=\"font_8\">El Usuario reconoce y acepta que la utilizaci\u00f3n de la Web, se realiza bajo su entero riesgo y su entera responsabilidad.<\/p><p class=\"font_8\">Tanto el acceso a este portal, como el uso que pueda hacerse de la informaci\u00f3n contenida en el mismo, es de exclusiva responsabilidad de quien lo realiza. A tal efecto, el Usuario se obliga y compromete a no utilizar cualquiera de los contenidos con fines o efectos il\u00edcitos, prohibidos en estas Condiciones de Uso o por la legislaci\u00f3n vigente. PORTANA VIAJES no responder\u00e1 de ninguna consecuencia, da\u00f1o o perjuicio que pudieran derivarse de dicho acceso o uso de la informaci\u00f3n. De igual forma, PORTANA VIAJES no se hace responsable de los posibles errores de seguridad que se puedan producir ni de los posibles da\u00f1os que puedan causarse al sistema inform\u00e1tico del usuario (hardware y software), los ficheros o documentos almacenados en el mismo, como consecuencia de la presencia de virus en el ordenador del usuario utilizado para la conexi\u00f3n a los servicios y contenidos de la Web, de un mal funcionamiento del navegador o del uso de versiones no actualizadas. PORTANA VIAJES se hace responsable de las divergencias de la informaci\u00f3n, documentaci\u00f3n y\/o dem\u00e1s contenido de la Web que pudieren existir entre la versi\u00f3n electr\u00f3nica y la versi\u00f3n impresa.<\/p><p class=\"font_8\">PORTANA no controla, con car\u00e1cter general, la utilizaci\u00f3n que los Usuarios hacen de la Web. En particular PORTANA no garantiza bajo ning\u00fan extremo que los Usuarios utilicen el Servicio de conformidad con la ley, las presentes Condiciones Generales, la moral y buenas costumbres generalmente aceptadas y el orden p\u00fablico, ni tampoco que lo hagan de forma diligente y prudente, reserv\u00e1ndose PORTANA VIAJES el derecho a dar de baja y cancelar el registro de usuario sin previo consentimiento del mismo.<\/p><p class=\"font_8\">Es posible que el sitio Web ponga a disposici\u00f3n de los Usuarios dispositivos t\u00e9cnicos de enlace, directorios y herramientas de b\u00fasqueda que permiten a los Usuarios acceder a p\u00e1ginas y\/o sitios sitio Web pertenecientes a y\/o gestionados por terceros.<\/p><p class=\"font_8\">No obstante, en ning\u00fan caso, PORTANA VIAJES se hace responsable, aprueba, ni hace propios los productos, servicios, contenidos, informaci\u00f3n y cualquier clase de material existente en tales p\u00e1ginas Web ni las posibles modificaciones del mismo.<\/p><p class=\"font_8\">PORTANA VIAJES no garantiza ni asume ning\u00fan tipo de responsabilidad por los da\u00f1os y perjuicios de toda clase que puedan deberse a:<\/p><ol class=\"font_8\"><li><p class=\"font_8\">El funcionamiento, disponibilidad, accesibilidad o continuidad de los sitios enlazados.<\/p><\/li><li><p class=\"font_8\">La prestaci\u00f3n o transmisi\u00f3n de la informaci\u00f3n, contenidos y servicios existentes en los sitios enlazados.<\/p><\/li><li><p class=\"font_8\">La calidad, licitud, fiabilidad y utilidad de la informaci\u00f3n contenidos y servicios existentes en los sitios enlazados, en los mismos t\u00e9rminos y con el mismo alcance dispuesto respecto de los contenidos y de los servicios prestados por terceros a trav\u00e9s del portal.<\/p><\/li><li><p class=\"font_8\">El mantenimiento de la informaci\u00f3n, contenidos y servicios existentes en los sitios que por alg\u00fan medio se encontraren enlazados.<\/p><\/li><\/ol><p class=\"font_8\">El Usuario reconoce y acepta que cualquier relaci\u00f3n contractual o extracontractual que, en su caso, formalice con terceras personas contactadas a trav\u00e9s de los enlaces del Portal, se entienden realizados \u00fanica y exclusivamente entre el Usuario y el tercero. Como consecuencia de ello, el Usuario reconoce y acepta que PORTANA VIAJES, no tiene ning\u00fan tipo de responsabilidad sobre los da\u00f1os o perjuicios de cualquier naturaleza derivados de sus negociaciones, conversaciones y\/o relaciones contractuales o extracontractuales con terceras personas, f\u00edsicas o jur\u00eddicas, contactadas a trav\u00e9s del Portal.<\/p><ul class=\"font_8\"><li><p class=\"font_8\"><strong>\u00a0Obligaciones del usuario<\/strong><\/p><\/li><\/ul><p class=\"font_8\">El Usuario se obliga con car\u00e1cter general al cumplimiento de las presentes Condiciones Generales, en su caso las Condiciones Particulares que fueran de aplicaci\u00f3n, as\u00ed como cumplir las especiales advertencias o instrucciones de uso contenidas en las mismas o en la Web y obrar siempre conforme a la ley, a las buenas costumbres y a las exigencias de la buena fe, empleando la diligencia adecuada a la naturaleza del servicio del que disfruta, absteni\u00e9ndose de utilizar la Web de cualquier forma que pueda impedir, da\u00f1ar o deteriorar el normal funcionamiento del mismo, los bienes o derechos de PORTANA VIAJES, sus proveedores, el resto de Usuarios o en general de cualquier tercero.<\/p><p class=\"font_8\">Concretamente, y sin que ello implique restricci\u00f3n alguna a la obligaci\u00f3n asumida por el Usuario con car\u00e1cter general de conformidad con el apartado anterior, \u00e9ste se obliga, en la utilizaci\u00f3n de la Web, a:<\/p><ul class=\"font_8\"><li><p class=\"font_8\">(a) Proporcionar verazmente los datos proporcionados para el registro y a mantenerlos actualizados, de forma que responda, en cada momento a su situaci\u00f3n real. El Usuario ser\u00e1, en todo caso, el \u00fanico responsable de las manifestaciones falsas o inexactas que realice y de los posibles perjuicios que pudiera causar por la informaci\u00f3n que facilite.<\/p><\/li><li><p class=\"font_8\">(b) No llevar a cabo un registro con informaci\u00f3n de otra persona o suplantar la personalidad de un tercero. A tal fin, PORTANA VIAJES podr\u00e1 llevar las comprobaciones que considere oportunas, de manera que en caso de verificar la realizaci\u00f3n de cualquiera de las acciones descritas, proceder\u00e1 a dar de baja con car\u00e1cter inmediato al Usuario, reserv\u00e1ndose PORTANA VIAJES el derecho a ejercer las acciones legales oportunas o a denunciar, en su caso, las mismas ante las autoridades competentes en la materia.<\/p><\/li><li><p class=\"font_8\">(c) No introducir, almacenar o difundir en o desde la Web, cualquier informaci\u00f3n o material que fuera difamatorio, injurioso, obsceno, amenazador, xen\u00f3fobo, incite a la violencia a la discriminaci\u00f3n por raz\u00f3n de raza, sexo, ideolog\u00eda, religi\u00f3n o que de cualquier forma atente contra la moral, el orden p\u00fablico, los derechos fundamentales, las libertas p\u00fablicas, el honor, la intimidad o la imagen de terceros y no publicar o difundir cualquier tipo de contenido ya sea texto, imagen o cualquier tipo de archivo que vulnere las leyes de propiedad intelectual y en general la normativa vigente.<\/p><\/li><li><p class=\"font_8\">(d) No introducir, almacenar o difundir mediante la Web ning\u00fan programa de ordenador, datos, virus, c\u00f3digo, equipo de hardware o de telecomunicaciones o cualquier otro instrumento o dispositivo electr\u00f3nico o f\u00edsico que sea susceptible de causar da\u00f1os en la Web, en cualquiera de los Servicios, o en cualquiera de los equipos, sistemas o redes de PORTANA VIAJES, de cualquier Usuario, de los proveedores de PORTANA VIAJES o en general de cualquier tercero, o que de cualquier otra forma sea capaz de causarles cualquier tipo de alteraci\u00f3n o impedir el normal funcionamiento de los mismos;<\/p><\/li><li><p class=\"font_8\">(e) a custodiar adecuadamente el &#8220;Nombre de Usuario&#8221; y la &#8220;Contrase\u00f1a&#8221; que le sea facilitada por PORTANA a los Usuarios, como elementos identificadores y habilitadores para el acceso a los Servicios, comprometi\u00e9ndose a no ceder su uso ni a permitir el acceso a ellos de terceros, asumiendo la responsabilidad por los da\u00f1os y perjuicios que pudieran derivarse de un uso indebido de los mismos. Igualmente el usuario se compromete a comunicar a PORTANA VIAJES mediante email a info@portanaviajes.com. Esta direcci\u00f3n de correo electr\u00f3nico est\u00e1 siendo protegida contra los robots de spam. Necesita tener JavaScript habilitado para poder verlo. , con la mayor rapidez, su p\u00e9rdida o robo as\u00ed como cualquier riesgo de acceso al &#8220;Nombre de Usuario&#8221; y\/o la &#8220;Contrase\u00f1a&#8221; por un tercero; En estos casos, el Usuario tiene a su disposici\u00f3n un servicio inmediato de recuperaci\u00f3n de su contrase\u00f1a.<\/p><\/li><li><p class=\"font_8\">(f) No utilizar los contenidos y en particular la informaci\u00f3n obtenida a trav\u00e9s de la Web para remitir publicidad, enviar mensajes con fines de venta directa o con cualquier otro fin comercial, ni para recoger o almacenar datos personales de terceros;<\/p><\/li><li><p class=\"font_8\">(g) No utilizar identidades falsas, ni suplantar la identidad de otros en la utilizaci\u00f3n de la Web o en la utilizaci\u00f3n de cualquiera de los servicios de la Web, incluyendo la utilizaci\u00f3n en su caso de contrase\u00f1as o claves de acceso de terceros o de cualquier otra forma;<\/p><\/li><li><p class=\"font_8\">(h) No destruir, alterar, utilizar para su uso, inutilizar o da\u00f1ar los datos, informaciones, programas o documentos electr\u00f3nicos de PORTANA VIAJES, sus proveedores o terceros;<\/p><\/li><li><p class=\"font_8\">(i) No introducir, almacenar o difundir mediante la Web cualquier contenido que infrinja derechos de propiedad intelectual, industrial o secretos empresariales de terceros, ni en general ning\u00fan contenido del cual no ostentara, de conformidad con la ley, el derecho a ponerlo a disposici\u00f3n de tercero;<\/p><\/li><li><p class=\"font_8\">(j) No vender art\u00edculos, servicios o publicar anuncios que sean ilegales seg\u00fan las leyes locales, como por ejemplo replicas, falsificaciones, drogas, explosivos, armas, material obsceno, fotograf\u00edas de terceras personas, medicamentos, multinivel o piramidales, propiedades robadas, trabajos milagrosos, tabaco o alcohol, copias o grabaciones y\/o cualquier otro articulo que este prohibida su venta o distribuci\u00f3n sin permiso previo;<\/p><\/li><li><p class=\"font_8\">(k) No guardar o recopilar de alg\u00fan modo informaci\u00f3n o datos personales de terceros sin su consentimiento, incluidos email y\/o tel\u00e9fonos.\u00a0<\/p><\/li><\/ul><p class=\"font_8\">\u00a0<\/p><ul class=\"font_8\"><li><p class=\"font_8\"><strong>Propiedad intelectual e industrial<\/strong><\/p><\/li><\/ul><p class=\"font_8\">Este Sitio Web se rige por las leyes espa\u00f1olas y se encuentra protegido por la legislaci\u00f3n nacional e internacional sobre propiedad intelectual e industrial.<\/p><p class=\"font_8\">Todos los contenidos que se muestran en la Web y en especial, dise\u00f1os, textos, audio, gr\u00e1ficos, logos, bases de datos, nombres comerciales, marcas, o cualesquiera otros signos susceptibles de utilizaci\u00f3n industrial y comercial est\u00e1n sujetos a derechos de propiedad intelectual e industrial de PORTANA VIAJES o de terceros titulares de los mismos que han autorizado debidamente su inclusi\u00f3n en el Sistema On-Line. Su sola menci\u00f3n no comporta respaldo, patrocinio, o recomendaci\u00f3n, derecho o responsabilidad alguna de la Web sobre los mismos.<\/p><p class=\"font_8\">PORTANA VIAJES autoriza a los Usuarios a utilizar, visualizar, imprimir los Contenidos y\/o los elementos insertados en el sitio Web exclusivamente para su uso particular y no lucrativo, resultando imprescindible el consentimiento del titular de los derechos de que se trate, para cualquier uso distinto de los permitidos expresamente.<\/p><p class=\"font_8\">En ning\u00fan caso se entender\u00e1 que se concede licencia alguna o se efect\u00faa renuncia, transmisi\u00f3n, cesi\u00f3n total o parcial de dichos derechos ni se confiere ning\u00fan derecho ni expectativa de derecho, y en especial, de alteraci\u00f3n, explotaci\u00f3n, reproducci\u00f3n, distribuci\u00f3n o comunicaci\u00f3n p\u00fablica sobre dichos contenidos sin la previa autorizaci\u00f3n expresa de PORTANA VIAJES o de los titulares correspondientes.<\/p><p class=\"font_8\">Cualquier infracci\u00f3n de estos derechos puede dar lugar a procedimientos extrajudiciales o judiciales civiles o penales que correspondan.<\/p><p class=\"font_8\">El sitio Web www.portanaviajes.com respeta los derechos de propiedad intelectual, de propiedad industrial y derechos de imagen de terceras personas; si usted considera que sus leg\u00edtimos derechos est\u00e1n siendo vulnerados en la presente p\u00e1gina, le rogamos que lo comunique al Administrador en info@portanaviajes.es Esta direcci\u00f3n de correo electr\u00f3nico est\u00e1 siendo protegida contra los robots de spam. Necesita tener JavaScript habilitado para poder verlo. , haciendo referencia en el asunto: \u201cInfracci\u00f3n de derechos\u201d, o bien remiti\u00e9ndonos una carta postal a la direcci\u00f3n indicada al inicio de las presentes condiciones de uso con un remitente del mismo asunto.<\/p><ul class=\"font_8\"><li><p class=\"font_8\"><strong>Servicio m\u00f3vil<\/strong><\/p><\/li><\/ul><p class=\"font_8\">El sitio Web www.portanaviajes.com, se puede visitar a trav\u00e9s de la red m\u00f3vil, igual que cualquier otra p\u00e1gina, si bien se le informa que no se ha procedido a la adaptaci\u00f3n de la p\u00e1gina para su correcta visualizaci\u00f3n mediante este soporte, por lo que \u00e9sta depender\u00e1 de las caracter\u00edsticas del dispositivo m\u00f3vil mediante el cual se acceda, as\u00ed como del servidor de red u operador. Las presentes condiciones de uso ser\u00e1n igualmente aplicables a los accesos a este sitio Web mediante red m\u00f3vil. En ning\u00fan caso, PORTANA VIAJES cobra por acceder a trav\u00e9s de la red m\u00f3vil, por lo que todos los gastos que deriven de ello, depender\u00e1 del servidor del servicio u operador del usuario. PORTANA VIAJES no se hace responsable de cualquier incidencia que pueda derivar del acceso a trav\u00e9s de la red m\u00f3vil. Estas condiciones se aplicar\u00e1n independientemente del soporte por el que el usuario acceda a www.portanaviajes.com (m\u00f3vil, ordenadores, mp4\u2026)<\/p><ul class=\"font_8\"><li><p class=\"font_8\"><strong>Baja del servicio<\/strong><\/p><\/li><\/ul><p class=\"font_8\">El usuario puede proceder a la baja de su perfil desde su propio perfil o bien, indic\u00e1rnoslo a trav\u00e9s de un email a info@portanaviajes.com Esta direcci\u00f3n de correo electr\u00f3nico est\u00e1 siendo protegida contra los robots de spam. Necesita tener JavaScript habilitado para poder verlo. o por correo postal a la direcci\u00f3n indicada al inicio del presente documento. En cualquier caso, se le solicitar\u00e1 el DNI o cualquier documento legal y en vigencia, que certifique la persona que solicita la baja.<\/p><p class=\"font_8\">\u00a0Pol\u00edtica de privacidad y protecci\u00f3n de datos personales<\/p><p class=\"font_8\">El usuario deber\u00e1 leer y aceptar la Pol\u00edtica de Protecci\u00f3n de Datos Personales de esta Web.<\/p><ul class=\"font_8\"><li><p class=\"font_8\"><strong>Resoluci\u00f3n<\/strong><\/p><\/li><\/ul><p class=\"font_8\">El Usuario responder\u00e1 de los da\u00f1os y perjuicios de toda naturaleza que PORTANA VIAJES pueda sufrir directa o indirectamente, como consecuencia del incumplimiento de cualquiera de las obligaciones derivadas de las condiciones generales o particulares en relaci\u00f3n con la utilizaci\u00f3n del Portal o de cualquiera de los servicios vinculados al mismo.<\/p><p class=\"font_8\">PORTANA VIAJES\u00a0se reserva el derecho a denegar o retirar el acceso al portal y\/o los servicios ofrecidos, sin necesidad de preaviso a instancia propia o de un tercero, a aquellos usuarios que incumplan las presentes Condiciones Generales de Uso y\/o las condiciones Particulares que, en su caso, resulten de aplicaci\u00f3n, sin perjuicio de la responsabilidad por da\u00f1os y perjuicios que se pudiera derivar.<\/p><p class=\"font_8\">Igualmente, el Usuario mantendr\u00e1 a PORTANA VIAJES indemne frente a cualquier reclamaci\u00f3n, demanda o sanci\u00f3n, que pudiera interponerse por un tercero, as\u00ed como por cualquier organismos p\u00fablicos, contra derechos de terceros por parte de dicho Usuario mediante la utilizaci\u00f3n del Portal o de los servicios vinculados al mismo en una forma contraria a lo previsto en las condiciones generales o particulares que fueran de aplicaci\u00f3n.<\/p><ul class=\"font_8\"><li><p class=\"font_8\"><strong>Nulidad parcial<\/strong><\/p><\/li><\/ul><p class=\"font_8\">La declaraci\u00f3n de cualquiera de estas condiciones generales, como nula, inv\u00e1lida o ineficaz no afectar\u00e1 a la validez o eficacia de las restantes, que seguir\u00e1n siendo vinculantes entre las partes.<\/p><p class=\"font_8\">La renuncia por cualquiera de las partes a exigir en un momento determinado el cumplimiento de una cualquiera de las condiciones generales aqu\u00ed estipuladas no implicar\u00e1 una renuncia con car\u00e1cter general al cumplimiento de otra condici\u00f3n o condiciones, ni crear\u00e1 un derecho adquirido para la otra parte.<\/p><ul class=\"font_8\"><li><p class=\"font_8\"><strong>Comunicaciones<\/strong><\/p><\/li><\/ul><p class=\"font_8\">A los efectos de las presentes Condiciones Generales, y para cualquier comunicaci\u00f3n que sea precisa entre PORTANA y el Usuario, \u00e9stos deber\u00e1n dirigirse a PORTANA VIAJES mediante correo electr\u00f3nico, enviado un mensaje a info@portanaviajes.com Esta direcci\u00f3n de correo electr\u00f3nico est\u00e1 siendo protegida contra los robots de spam. Necesita tener JavaScript habilitado para poder verlo. .<\/p><p class=\"font_8\">Las comunicaciones de PORTANA VIAJES al Usuario se realizar\u00e1n conforme a los datos aportados por \u00e9ste al registrarse en la Web. El Usuario acepta expresamente la utilizaci\u00f3n del correo electr\u00f3nico como procedimiento v\u00e1lido para la remisi\u00f3n de todas las comunicaciones relacionadas con la utilizaci\u00f3n de la Web.<\/p><ul class=\"font_8\"><li><p class=\"font_8\"><strong>Legislaci\u00f3n aplicable. Sumisi\u00f3n a fuero<\/strong><\/p><\/li><\/ul><p class=\"font_8\">Para toda cuesti\u00f3n litigiosa o que incumba al Sitio Web www.portanaviajes.com, ser\u00e1 de aplicaci\u00f3n la legislaci\u00f3n espa\u00f1ola, siendo competentes para la resoluci\u00f3n de todos los conflictos derivados o relacionados con el uso del presente sitio Web, los Juzgados y Tribunales de Almer\u00eda (Espa\u00f1a).<\/p>\t\t\t\t\t\t\t\t<\/div>\n\t\t\t\t<\/div>\n\t\t\t\t\t<\/div>\n\t\t<\/div>\n\t\t\t\t\t<\/div>\n\t\t<\/section>\n\t\t\t\t<\/div>","protected":false},"excerpt":{"rendered":"<p>Titularidad del Portal En cumplimiento con el art\u00edculo 10 de la Ley 34\/2002, de 11 de julio, de Servicios de la Sociedad de la Informaci\u00f3n y de Comercio Electr\u00f3nico (LSSI) se le informa de los siguientes datos: El sitio Web www.portanaviajes.com (en adelante PORTANA&#8230;<\/p>","protected":false},"author":2,"featured_media":0,"parent":0,"menu_order":0,"comment_status":"closed","ping_status":"closed","template":"","meta":{"footnotes":""},"class_list":["post-3","page","type-page","status-publish","hentry"],"meta_box":[],"_links":{"self":[{"href":"https:\/\/www.portanaviajes.com\/en\/wp-json\/wp\/v2\/pages\/3","targetHints":{"allow":["GET"]}}],"collection":[{"href":"https:\/\/www.portanaviajes.com\/en\/wp-json\/wp\/v2\/pages"}],"about":[{"href":"https:\/\/www.portanaviajes.com\/en\/wp-json\/wp\/v2\/types\/page"}],"author":[{"embeddable":true,"href":"https:\/\/www.portanaviajes.com\/en\/wp-json\/wp\/v2\/users\/2"}],"replies":[{"embeddable":true,"href":"https:\/\/www.portanaviajes.com\/en\/wp-json\/wp\/v2\/comments?post=3"}],"version-history":[{"count":13,"href":"https:\/\/www.portanaviajes.com\/en\/wp-json\/wp\/v2\/pages\/3\/revisions"}],"predecessor-version":[{"id":5542,"href":"https:\/\/www.portanaviajes.com\/en\/wp-json\/wp\/v2\/pages\/3\/revisions\/5542"}],"wp:attachment":[{"href":"https:\/\/www.portanaviajes.com\/en\/wp-json\/wp\/v2\/media?parent=3"}],"curies":[{"name":"wp","href":"https:\/\/api.w.org\/{rel}","templated":true}]}}