{"id":5804,"date":"2024-08-30T09:02:01","date_gmt":"2024-08-30T09:02:01","guid":{"rendered":"https:\/\/www.portanaviajes.com\/?page_id=5804"},"modified":"2026-03-23T15:39:56","modified_gmt":"2026-03-23T15:39:56","slug":"fin-de-semana","status":"publish","type":"page","link":"https:\/\/www.portanaviajes.com\/en\/fin-de-semana\/","title":{"rendered":"PORTANA FIN DE SEMANA"},"content":{"rendered":"<div data-elementor-type=\"wp-page\" data-elementor-id=\"5804\" class=\"elementor elementor-5804\">\n\t\t\t\t\t\t<section class=\"elementor-section elementor-top-section elementor-element elementor-element-782908d elementor-section-boxed elementor-section-height-default elementor-section-height-default\" data-id=\"782908d\" data-element_type=\"section\" data-e-type=\"section\">\n\t\t\t\t\t\t<div class=\"elementor-container elementor-column-gap-default\">\n\t\t\t\t\t<div class=\"elementor-column elementor-col-100 elementor-top-column elementor-element elementor-element-5252594\" data-id=\"5252594\" data-element_type=\"column\" data-e-type=\"column\">\n\t\t\t<div class=\"elementor-widget-wrap elementor-element-populated\">\n\t\t\t\t\t\t<div class=\"elementor-element elementor-element-6f242c8 elementor-widget__width-initial elementor-widget elementor-widget-text-editor\" data-id=\"6f242c8\" data-element_type=\"widget\" data-e-type=\"widget\" data-widget_type=\"text-editor.default\">\n\t\t\t\t<div class=\"elementor-widget-container\">\n\t\t\t\t\t\t\t\t\t<p><strong><b>PORTANA FIN DE SEMANA<\/b><\/strong><b>, <\/b>rutas ecotur\u00edsticas ideales de 1, 2 o 3 d\u00edas, con todo incluido. Estas rutas, autorizadas por la Consejer\u00eda de Sostenibilidad, Medio Ambiente y Econom\u00eda Azul, cuentan con la <a href=\"https:\/\/www.portanaviajes.com\/en\/compromiso-y-confianza\/\"><u><b>protecci\u00f3n<\/b>\u00a0<b>PORTANA<\/b><\/u><\/a>,<b>\u00a0<\/b>\u00a0que incluye todos los seguros obligatorios de asistencia, rescate y responsabilidad civil.<\/p><p>\u00a0<\/p><p>Puedes realizar etapas de un d\u00eda y elegir cu\u00e1ntas deseas completar, disponibles durante todo el a\u00f1o, incluso en la \u00e9poca de alto riesgo de incendios, del 1 de junio al 15 de octubre. \u00a1Vive la naturaleza con total seguridad y tranquilidad!<\/p><p>\u00a0<\/p>\t\t\t\t\t\t\t\t<\/div>\n\t\t\t\t<\/div>\n\t\t\t\t<div class=\"elementor-element elementor-element-7f39948 elementor-widget elementor-widget-travol-sec-title\" data-id=\"7f39948\" data-element_type=\"widget\" data-e-type=\"widget\" data-widget_type=\"travol-sec-title.default\">\n\t\t\t\t<div class=\"elementor-widget-container\">\n\t\t\t\t\t\t\t<div class=\"about text-left\">\n\t\t\t\t\t\t<h3 class=\"section-subtitle\">RUTAS ECOTUR\u00cdSTICAS DE 1-2-3 D\u00cdAS POR ANDALUC\u00cdA (TODO INCLUIDO)<\/h3>\n\t\t\t\t\t\t            <h2 class=\"section-title\">PORTANA<span> FIN DE SEMANA<\/span><\/h2>\n\t\t\t\t\t<\/div>\n\t\t\t\t\t\t<\/div>\n\t\t\t\t<\/div>\n\t\t\t\t\t<\/div>\n\t\t<\/div>\n\t\t\t\t\t<\/div>\n\t\t<\/section>\n\t\t\t\t<section class=\"elementor-section elementor-top-section elementor-element elementor-element-f3fbc31 elementor-section-boxed elementor-section-height-default elementor-section-height-default\" data-id=\"f3fbc31\" data-element_type=\"section\" data-e-type=\"section\" data-settings=\"{&quot;background_background&quot;:&quot;classic&quot;}\">\n\t\t\t\t\t\t<div class=\"elementor-container elementor-column-gap-wide\">\n\t\t\t\t\t<div class=\"elementor-column elementor-col-100 elementor-top-column elementor-element elementor-element-9f3eaaf\" data-id=\"9f3eaaf\" data-element_type=\"column\" data-e-type=\"column\">\n\t\t\t<div class=\"elementor-widget-wrap elementor-element-populated\">\n\t\t\t\t\t\t<div class=\"elementor-section elementor-inner-section elementor-element elementor-element-d840b1f elementor-section-boxed elementor-section-height-default elementor-section-height-default\" data-id=\"d840b1f\" data-element_type=\"section\" data-e-type=\"section\">\n\t\t\t\t\t\t<div class=\"elementor-container elementor-column-gap-default\">\n\t\t\t\t\t<div class=\"elementor-column elementor-col-100 elementor-inner-column elementor-element elementor-element-ec5b231\" data-id=\"ec5b231\" data-element_type=\"column\" data-e-type=\"column\">\n\t\t\t<div class=\"elementor-widget-wrap elementor-element-populated\">\n\t\t\t\t\t\t<div class=\"elementor-element elementor-element-4e8bb2f e-transform elementor-widget elementor-widget-travol-tour-grid\" data-id=\"4e8bb2f\" data-element_type=\"widget\" data-e-type=\"widget\" data-settings=\"{&quot;_transform_rotateZ_effect&quot;:{&quot;unit&quot;:&quot;px&quot;,&quot;size&quot;:&quot;&quot;,&quot;sizes&quot;:[]},&quot;_transform_rotateZ_effect_tablet&quot;:{&quot;unit&quot;:&quot;deg&quot;,&quot;size&quot;:&quot;&quot;,&quot;sizes&quot;:[]},&quot;_transform_rotateZ_effect_mobile&quot;:{&quot;unit&quot;:&quot;deg&quot;,&quot;size&quot;:&quot;&quot;,&quot;sizes&quot;:[]}}\" data-widget_type=\"travol-tour-grid.default\">\n\t\t\t\t<div class=\"elementor-widget-container\">\n\t\t\t\t\t\t\t<div class=\"tours1\">\n\t\t<div class=\"container-after\">\n\t\t\t\t\t\t<div class=\"row isotope-items-wrap  no-hide-last loadmore-wrapper travol-project-items\" data-load-item=\"10000000\" data-button-text=\"Load More\">\n\t\t\t\t\t\t\t\t\n\t\t\t\t<div class=\"col-md-8 isotope-item  fin-de-semana\">\n                    <div class=\"item\">\n                        <div class=\"position-re o-hidden\t\t\t\t\t\t\t\t\t\t\t\t\t\t\t\t\t\tposition-re-order-tour\">\n\t\t\t\t\t\t\t\t\t\t\t\t\t\t\t\t\t\t\t\t\t<div class=\"cd-pt-ab-tour\"><img decoding=\"async\" src=\"https:\/\/www.portanaviajes.com\/wp-content\/uploads\/2025\/02\/200A7472-730x496.jpg\" alt=\"RUTA 1882 \u00b7 CORTIJO BEL\u00c9N\"><\/div>\n\t\t\t\t\t\t\t\t\t\t\t\t\t\t\t\t\t\t\t<\/div> \n\t\t\t\t\t\t\t\t\t\t\t\t<span class=\"category\"><a href=\"https:\/\/www.portanaviajes.com\/en\/tour\/1882-%c2%b7-cortijo-belen-del-29-30-nov\/\">\u20ac90<\/a><\/span>\n\t\t\t\t\t\t                        <div class=\"con\">\n\t\t\t\t\t\t\t<h5 class=\"tl-tour-el-title\"><a href=\"https:\/\/www.portanaviajes.com\/en\/tour\/1882-%c2%b7-cortijo-belen-del-29-30-nov\/\">RUTA 1882 \u00b7 CORTIJO BEL\u00c9N<\/a> <\/h5>\n                            <div class=\"line\"><\/div>\n                            <div class=\"row facilities\">\n                                <div class=\"col col-md-12\">\n                                    <ul>\n\t\t\t\t\t\t\t\t\t\t                                        <li><i class=\"ti-time\"><\/i> 1-2 D\u00edas<\/li>\n\t\t\t\t\t\t\t\t\t\t\t\t\t\t\t\t\t\t\t\t                                        <li><i class=\"ti-user\"><\/i> 10+<\/li>\n\t\t\t\t\t\t\t\t\t\t                                        <li><i class=\"ti-location-pin\"><\/i> Fin de semana  <\/li>\n                                    <\/ul>\n                                <\/div>\n                            <\/div>\n                        <\/div>\n                    <\/div>\n                <\/div>\n\t\t\t\t\t\t\t\t\n\t\t\t\t<div class=\"col-md-4 isotope-item  fin-de-semana\">\n                    <div class=\"item\">\n                        <div class=\"position-re o-hidden\t\t\t\t\t\t\t\t\t\t\t\t\t\t\t\t\t\tposition-re-order-tour-alt\">\n\t\t\t\t\t\t\t\t\t\t\t\t\t\t\t\t\t\t\t\t\t<div class=\"cd-pt-ab-tour\"><img decoding=\"async\" src=\"https:\/\/www.portanaviajes.com\/wp-content\/uploads\/2025\/05\/LA-LEYENDA-DE-LOS-TRES-VELEZ-scaled.jpg\" alt=\"LA LEYENDA DE LOS TRES V\u00c9LEZ\"><\/div>\n\t\t\t\t\t\t\t\t\t\t\t\t\t\t\t\t\t\t\t<\/div> \n\t\t\t\t\t\t\t\t\t\t\t\t<span class=\"category\"><a href=\"https:\/\/www.portanaviajes.com\/en\/tour\/la-leyenda-de-los-tres-velez\/\">\u20ac75<\/a><\/span>\n\t\t\t\t\t\t                        <div class=\"con\">\n\t\t\t\t\t\t\t<h5 class=\"tl-tour-el-title\"><a href=\"https:\/\/www.portanaviajes.com\/en\/tour\/la-leyenda-de-los-tres-velez\/\">LA LEYENDA DE LOS TRES V\u00c9LEZ<\/a> <\/h5>\n                            <div class=\"line\"><\/div>\n                            <div class=\"row facilities\">\n                                <div class=\"col col-md-12\">\n                                    <ul>\n\t\t\t\t\t\t\t\t\t\t                                        <li><i class=\"ti-time\"><\/i> 1-2 D\u00edas<\/li>\n\t\t\t\t\t\t\t\t\t\t\t\t\t\t\t\t\t\t\t\t                                        <li><i class=\"ti-user\"><\/i> 10+<\/li>\n\t\t\t\t\t\t\t\t\t\t                                        <li><i class=\"ti-location-pin\"><\/i> Fin de semana  <\/li>\n                                    <\/ul>\n                                <\/div>\n                            <\/div>\n                        <\/div>\n                    <\/div>\n                <\/div>\n\t\t\t\t\t\t\t\t\n\t\t\t\t<div class=\"col-md-4 isotope-item  fin-de-semana\">\n                    <div class=\"item\">\n                        <div class=\"position-re o-hidden\">\n\t\t\t\t\t\t\t\t\t\t\t\t\t\t\t\t\t\t\t\t\t<img decoding=\"async\" src=\"https:\/\/www.portanaviajes.com\/wp-content\/uploads\/2025\/02\/Diseno-sin-titulo-2025-02-18T173455.182-scaled.jpg\" alt=\"RUTA ENOL\u00d3GICA &#8220;CAMINO DE RONDA&#8221;\">\n\t\t\t\t\t\t\t\t\t\t\t\t\t\t\t\t\t\t\t<\/div> \n\t\t\t\t\t\t\t\t\t\t\t\t<span class=\"category\"><a href=\"https:\/\/www.portanaviajes.com\/en\/tour\/ruta-ecoturistica-enologica-camino-de-ronda\/\">\u20ac350<\/a><\/span>\n\t\t\t\t\t\t                        <div class=\"con\">\n\t\t\t\t\t\t\t<h5 class=\"tl-tour-el-title\"><a href=\"https:\/\/www.portanaviajes.com\/en\/tour\/ruta-ecoturistica-enologica-camino-de-ronda\/\">RUTA ENOL\u00d3GICA &#8220;CAMINO DE RONDA&#8221;<\/a> <\/h5>\n                            <div class=\"line\"><\/div>\n                            <div class=\"row facilities\">\n                                <div class=\"col col-md-12\">\n                                    <ul>\n\t\t\t\t\t\t\t\t\t\t                                        <li><i class=\"ti-time\"><\/i> 1-3 D\u00edas<\/li>\n\t\t\t\t\t\t\t\t\t\t\t\t\t\t\t\t\t\t\t\t                                        <li><i class=\"ti-user\"><\/i> 10+<\/li>\n\t\t\t\t\t\t\t\t\t\t                                        <li><i class=\"ti-location-pin\"><\/i> Fin de semana  <\/li>\n                                    <\/ul>\n                                <\/div>\n                            <\/div>\n                        <\/div>\n                    <\/div>\n                <\/div>\n\t\t\t\t\t\t\t\t\n\t\t\t\t<div class=\"col-md-4 isotope-item  fin-de-semana\">\n                    <div class=\"item\">\n                        <div class=\"position-re o-hidden\">\n\t\t\t\t\t\t\t\t\t\t\t\t\t\t\t\t\t\t\t\t\t<img decoding=\"async\" src=\"https:\/\/www.portanaviajes.com\/wp-content\/uploads\/2023\/12\/DESAFIO-ALMANZORA-3-e1703623018209.png\" alt=\"DESAF\u00cdO ALMANZORA\">\n\t\t\t\t\t\t\t\t\t\t\t\t\t\t\t\t\t\t\t<\/div> \n\t\t\t\t\t\t\t\t\t\t\t\t<span class=\"category\"><a href=\"https:\/\/www.portanaviajes.com\/en\/tour\/desafio-almanzora\/\">\u20ac75<\/a><\/span>\n\t\t\t\t\t\t                        <div class=\"con\">\n\t\t\t\t\t\t\t<h5 class=\"tl-tour-el-title\"><a href=\"https:\/\/www.portanaviajes.com\/en\/tour\/desafio-almanzora\/\">DESAF\u00cdO ALMANZORA<\/a> <\/h5>\n                            <div class=\"line\"><\/div>\n                            <div class=\"row facilities\">\n                                <div class=\"col col-md-12\">\n                                    <ul>\n\t\t\t\t\t\t\t\t\t\t                                        <li><i class=\"ti-time\"><\/i> 1-2 D\u00edas<\/li>\n\t\t\t\t\t\t\t\t\t\t\t\t\t\t\t\t\t\t\t\t                                        <li><i class=\"ti-user\"><\/i> 10+<\/li>\n\t\t\t\t\t\t\t\t\t\t                                        <li><i class=\"ti-location-pin\"><\/i> Fin de semana  <\/li>\n                                    <\/ul>\n                                <\/div>\n                            <\/div>\n                        <\/div>\n                    <\/div>\n                <\/div>\n\t\t\t\t\t\t\t\t\n\t\t\t\t<div class=\"col-md-4 isotope-item  fin-de-semana\">\n                    <div class=\"item\">\n                        <div class=\"position-re o-hidden\">\n\t\t\t\t\t\t\t\t\t\t\t\t\t\t\t\t\t\t\t\t\t<img decoding=\"async\" src=\"https:\/\/www.portanaviajes.com\/wp-content\/uploads\/2023\/11\/JOSE1-scaled.jpg\" alt=\"RUTA EL ALMIREZ\">\n\t\t\t\t\t\t\t\t\t\t\t\t\t\t\t\t\t\t\t<\/div> \n\t\t\t\t\t\t\t\t\t\t\t\t<span class=\"category\"><a href=\"https:\/\/www.portanaviajes.com\/en\/tour\/ruta-el-almirez\/\">\u20ac75<\/a><\/span>\n\t\t\t\t\t\t                        <div class=\"con\">\n\t\t\t\t\t\t\t<h5 class=\"tl-tour-el-title\"><a href=\"https:\/\/www.portanaviajes.com\/en\/tour\/ruta-el-almirez\/\">RUTA EL ALMIREZ<\/a> <\/h5>\n                            <div class=\"line\"><\/div>\n                            <div class=\"row facilities\">\n                                <div class=\"col col-md-12\">\n                                    <ul>\n\t\t\t\t\t\t\t\t\t\t                                        <li><i class=\"ti-time\"><\/i> 1-2 D\u00edas<\/li>\n\t\t\t\t\t\t\t\t\t\t\t\t\t\t\t\t\t\t\t\t                                        <li><i class=\"ti-user\"><\/i> 10+<\/li>\n\t\t\t\t\t\t\t\t\t\t                                        <li><i class=\"ti-location-pin\"><\/i> Fin de semana  <\/li>\n                                    <\/ul>\n                                <\/div>\n                            <\/div>\n                        <\/div>\n                    <\/div>\n                <\/div>\n\t\t\t\t\t\n\t\t\t<\/div>\n\t\t<\/div>\n\t\t<\/div>\n\t\t\n\t\t\t\t\t\t<\/div>\n\t\t\t\t<\/div>\n\t\t\t\t\t<\/div>\n\t\t<\/div>\n\t\t\t\t\t<\/div>\n\t\t<\/div>\n\t\t\t\t\t<\/div>\n\t\t<\/div>\n\t\t\t\t\t<\/div>\n\t\t<\/section>\n\t\t\t\t<section class=\"elementor-section elementor-top-section elementor-element elementor-element-dce16ce elementor-section-content-middle elementor-section-height-min-height elementor-section-boxed elementor-section-height-default elementor-section-items-middle\" data-id=\"dce16ce\" data-element_type=\"section\" data-e-type=\"section\" data-settings=\"{&quot;background_background&quot;:&quot;video&quot;,&quot;background_video_link&quot;:&quot;https:\\\/\\\/portana.artkvisual.com\\\/wp-content\\\/uploads\\\/2023\\\/09\\\/production_id_5053058-2160p.mp4&quot;,&quot;background_video_start&quot;:10,&quot;background_play_on_mobile&quot;:&quot;yes&quot;}\">\n\t\t\t\t\t\t\t\t<div class=\"elementor-background-video-container\">\n\t\t\t\t\t\t\t\t\t\t\t\t\t<video class=\"elementor-background-video-hosted\" role=\"presentation\" autoplay muted playsinline loop><\/video>\n\t\t\t\t\t\t\t\t\t\t\t<\/div>\n\t\t\t\t\t\t\t\t\t<div class=\"elementor-background-overlay\"><\/div>\n\t\t\t\t\t\t\t<div class=\"elementor-container elementor-column-gap-narrow\">\n\t\t\t\t\t<div class=\"elementor-column elementor-col-100 elementor-top-column elementor-element elementor-element-d148bcc\" data-id=\"d148bcc\" data-element_type=\"column\" data-e-type=\"column\">\n\t\t\t<div class=\"elementor-widget-wrap elementor-element-populated\">\n\t\t\t\t\t\t<div class=\"elementor-element elementor-element-e386cdd elementor-widget elementor-widget-heading\" data-id=\"e386cdd\" data-element_type=\"widget\" data-e-type=\"widget\" data-widget_type=\"heading.default\">\n\t\t\t\t<div class=\"elementor-widget-container\">\n\t\t\t\t\t<h2 class=\"elementor-heading-title elementor-size-default\">RUTAS CON RUT\u00d3METRO<\/h2>\t\t\t\t<\/div>\n\t\t\t\t<\/div>\n\t\t\t\t<div class=\"elementor-element elementor-element-4c3a7ef elementor-widget elementor-widget-spacer\" data-id=\"4c3a7ef\" data-element_type=\"widget\" data-e-type=\"widget\" data-widget_type=\"spacer.default\">\n\t\t\t\t<div class=\"elementor-widget-container\">\n\t\t\t\t\t\t\t<div class=\"elementor-spacer\">\n\t\t\t<div class=\"elementor-spacer-inner\"><\/div>\n\t\t<\/div>\n\t\t\t\t\t\t<\/div>\n\t\t\t\t<\/div>\n\t\t\t\t<div class=\"elementor-element elementor-element-786b1da elementor-shape-rounded elementor-grid-0 e-grid-align-center elementor-widget elementor-widget-social-icons\" data-id=\"786b1da\" data-element_type=\"widget\" data-e-type=\"widget\" data-widget_type=\"social-icons.default\">\n\t\t\t\t<div class=\"elementor-widget-container\">\n\t\t\t\t\t\t\t<div class=\"elementor-social-icons-wrapper elementor-grid\" role=\"list\">\n\t\t\t\t\t\t\t<span class=\"elementor-grid-item\" role=\"listitem\">\n\t\t\t\t\t<a class=\"elementor-icon elementor-social-icon elementor-social-icon-facebook elementor-repeater-item-9a306d4\" href=\"https:\/\/www.facebook.com\/profile.php?id=100086903967245\" target=\"_blank\">\n\t\t\t\t\t\t<span class=\"elementor-screen-only\">Facebook<\/span>\n\t\t\t\t\t\t<i aria-hidden=\"true\" class=\"fab fa-facebook\"><\/i>\t\t\t\t\t<\/a>\n\t\t\t\t<\/span>\n\t\t\t\t\t\t\t<span class=\"elementor-grid-item\" role=\"listitem\">\n\t\t\t\t\t<a class=\"elementor-icon elementor-social-icon elementor-social-icon-instagram elementor-repeater-item-6a9f27c\" href=\"https:\/\/www.instagram.com\/portanaviajes\/\" target=\"_blank\">\n\t\t\t\t\t\t<span class=\"elementor-screen-only\">Instagram<\/span>\n\t\t\t\t\t\t<i aria-hidden=\"true\" class=\"fab fa-instagram\"><\/i>\t\t\t\t\t<\/a>\n\t\t\t\t<\/span>\n\t\t\t\t\t\t\t<span class=\"elementor-grid-item\" role=\"listitem\">\n\t\t\t\t\t<a class=\"elementor-icon elementor-social-icon elementor-social-icon-youtube elementor-repeater-item-0081f5e\" href=\"https:\/\/www.youtube.com\/@portanaviajes\" target=\"_blank\">\n\t\t\t\t\t\t<span class=\"elementor-screen-only\">Youtube<\/span>\n\t\t\t\t\t\t<i aria-hidden=\"true\" class=\"fab fa-youtube\"><\/i>\t\t\t\t\t<\/a>\n\t\t\t\t<\/span>\n\t\t\t\t\t\t\t<span class=\"elementor-grid-item\" role=\"listitem\">\n\t\t\t\t\t<a class=\"elementor-icon elementor-social-icon elementor-social-icon- elementor-repeater-item-ecc4994\" href=\"https:\/\/www.tiktok.com\/@portanaviajes\" target=\"_blank\">\n\t\t\t\t\t\t<span class=\"elementor-screen-only\"><\/span>\n\t\t\t\t\t\t<svg xmlns=\"http:\/\/www.w3.org\/2000\/svg\" height=\"16\" width=\"14\" viewbox=\"0 0 448 512\"><path opacity=\"1\" fill=\"#1E3050\" d=\"M448 209.9a210.1 210.1 0 0 1 -122.8-39.3V349.4A162.6 162.6 0 1 1 185 188.3V278.2a74.6 74.6 0 1 0 52.2 71.2V0l88 0a121.2 121.2 0 0 0 1.9 22.2h0A122.2 122.2 0 0 0 381 102.4a121.4 121.4 0 0 0 67 20.1z\"><\/path><\/svg>\t\t\t\t\t<\/a>\n\t\t\t\t<\/span>\n\t\t\t\t\t\t\t<span class=\"elementor-grid-item\" role=\"listitem\">\n\t\t\t\t\t<a class=\"elementor-icon elementor-social-icon elementor-social-icon- elementor-repeater-item-ee40049\" href=\"https:\/\/www.relive.cc\/profile\/juanfernandoortagomez\" target=\"_blank\">\n\t\t\t\t\t\t<span class=\"elementor-screen-only\"><\/span>\n\t\t\t\t\t\t<svg xmlns=\"http:\/\/www.w3.org\/2000\/svg\" xmlns:xlink=\"http:\/\/www.w3.org\/1999\/xlink\" width=\"500\" viewbox=\"0 0 375 374.999991\" height=\"500\" preserveaspectratio=\"xMidYMid meet\"><rect x=\"-37.5\" width=\"450\" fill=\"#ffffff\" y=\"-37.499999\" height=\"449.999989\" fill-opacity=\"1\"><\/rect><rect x=\"-37.5\" width=\"450\" fill=\"#ffde59\" y=\"-37.499999\" height=\"449.999989\" fill-opacity=\"1\"><\/rect><path fill=\"#000000\" d=\"M 185.878906 50.03125 C 164.941406 52.832031 145.832031 62.445312 130.128906 77.90625 C 112.84375 94.949219 103.835938 113.574219 100.914062 138.039062 C 99.332031 151.1875 100.792969 156.179688 107 159.828125 C 117.710938 166.160156 129.03125 157.761719 129.03125 143.273438 C 129.03125 130.859375 136.945312 112.113281 147.046875 100.914062 C 153.988281 93.121094 164.578125 85.941406 175.046875 81.800781 C 182.351562 78.878906 184.785156 78.636719 199.027344 78.636719 C 212.417969 78.636719 215.945312 79.003906 222.035156 81.316406 C 245.890625 90.203125 263.300781 110.164062 268.410156 134.511719 C 270.601562 145.222656 270.601562 151.796875 268.410156 162.507812 C 265.613281 175.53125 259.039062 187.949219 249.664062 197.324219 C 242.363281 204.625 230.1875 213.023438 226.902344 213.023438 C 226.171875 213.023438 217.773438 200.121094 208.15625 184.417969 C 198.539062 168.59375 189.410156 154.59375 187.585938 153.257812 C 182.835938 149.359375 173.34375 150.578125 169.445312 155.449219 C 167.863281 157.394531 145.953125 192.941406 120.875 234.449219 C 76.082031 308.582031 75.351562 309.921875 75.835938 315.277344 C 76.6875 322.703125 81.921875 327.449219 89.347656 327.449219 C 92.757812 327.449219 95.679688 326.597656 97.75 325.015625 C 99.453125 323.675781 118.199219 293.730469 139.5 258.671875 C 160.683594 223.492188 178.820312 194.765625 179.671875 194.765625 C 180.523438 194.765625 198.660156 223.617188 219.964844 258.917969 C 259.527344 324.527344 261.714844 327.449219 268.777344 327.449219 C 276.445312 327.449219 283.628906 320.511719 283.628906 313.085938 C 283.628906 310.40625 277.417969 298.964844 262.203125 273.769531 C 250.273438 254.167969 241.144531 237.980469 241.875 237.734375 C 246.136719 236.277344 259.648438 227.023438 266.21875 221.058594 C 279.609375 208.765625 289.59375 192.453125 294.828125 174.4375 C 297.140625 166.402344 297.625 162.265625 297.503906 147.292969 C 297.382812 131.46875 297.019531 128.546875 294.097656 119.292969 C 281.070312 79.125 246.378906 52.101562 204.503906 49.542969 C 198.78125 49.179688 190.382812 49.421875 185.878906 50.03125 Z M 185.878906 50.03125 \" fill-opacity=\"1\" fill-rule=\"nonzero\"><\/path><\/svg>\t\t\t\t\t<\/a>\n\t\t\t\t<\/span>\n\t\t\t\t\t<\/div>\n\t\t\t\t\t\t<\/div>\n\t\t\t\t<\/div>\n\t\t\t\t\t<\/div>\n\t\t<\/div>\n\t\t\t\t\t<\/div>\n\t\t<\/section>\n\t\t\t\t<section class=\"elementor-section elementor-top-section elementor-element elementor-element-c924a5f elementor-section-boxed elementor-section-height-default elementor-section-height-default\" data-id=\"c924a5f\" data-element_type=\"section\" data-e-type=\"section\">\n\t\t\t\t\t\t<div class=\"elementor-container elementor-column-gap-default\">\n\t\t\t\t\t<div class=\"elementor-column elementor-col-100 elementor-top-column elementor-element elementor-element-6bdbebf\" data-id=\"6bdbebf\" data-element_type=\"column\" data-e-type=\"column\">\n\t\t\t<div class=\"elementor-widget-wrap\">\n\t\t\t\t\t\t\t<\/div>\n\t\t<\/div>\n\t\t\t\t\t<\/div>\n\t\t<\/section>\n\t\t\t\t<section class=\"elementor-section elementor-top-section elementor-element elementor-element-e1a28a2 elementor-section-boxed elementor-section-height-default elementor-section-height-default\" data-id=\"e1a28a2\" data-element_type=\"section\" data-e-type=\"section\">\n\t\t\t\t\t\t<div class=\"elementor-container elementor-column-gap-default\">\n\t\t\t\t\t<div class=\"elementor-column elementor-col-100 elementor-top-column elementor-element elementor-element-9d3a387\" data-id=\"9d3a387\" data-element_type=\"column\" data-e-type=\"column\">\n\t\t\t<div class=\"elementor-widget-wrap elementor-element-populated\">\n\t\t\t\t\t\t<div class=\"elementor-section elementor-inner-section elementor-element elementor-element-ab2cd4b elementor-section-full_width elementor-section-height-default elementor-section-height-default\" data-id=\"ab2cd4b\" data-element_type=\"section\" data-e-type=\"section\">\n\t\t\t\t\t\t<div class=\"elementor-container elementor-column-gap-default\">\n\t\t\t\t\t<div class=\"elementor-column elementor-col-100 elementor-inner-column elementor-element elementor-element-7a24a66\" data-id=\"7a24a66\" data-element_type=\"column\" data-e-type=\"column\">\n\t\t\t<div class=\"elementor-widget-wrap elementor-element-populated\">\n\t\t\t\t\t\t<div class=\"elementor-element elementor-element-d1ac6c0 elementor-widget elementor-widget-travol-clients\" data-id=\"d1ac6c0\" data-element_type=\"widget\" data-e-type=\"widget\" data-widget_type=\"travol-clients.default\">\n\t\t\t\t<div class=\"elementor-widget-container\">\n\t\t\t\t\t\n\t\t<div class=\"clients\">\n\t\t\t<div class=\"owl-carousel owl-theme\" data-clients-autoplay=\"true\" data-clients-speed=\"500\" data-rtl=\"false\">\n\t\t\t\t\t\t\t\t<div class=\"clients-logo\">\n\t\t\t\t    \t\t\t\t\t<a href=\"https:\/\/www.portanaviajes.com\/en\/seguridad-y-transparencia\/\" target=\"_self\">\n\t\t\t\t\t\t\t\t\t\t\t\n\t\t\t\t\t<img decoding=\"async\" src=\"https:\/\/www.portanaviajes.com\/wp-content\/uploads\/2024\/01\/VIAJES-7.png\" alt=\"\">\t\t\t\t\n\t\t\t\t\t\t\t\t\t\t<\/a>\n\t\t\t\t\t\t\t\t\n\t\t\t\t<\/div>\t\n\t\t\t\t\t\t\t\t<div class=\"clients-logo\">\n\t\t\t\t    \t\t\t\t\t<a href=\"https:\/\/www.portanaviajes.com\/en\/asistencias\/\" target=\"_self\">\n\t\t\t\t\t\t\t\t\t\t\t\n\t\t\t\t\t<img decoding=\"async\" src=\"https:\/\/www.portanaviajes.com\/wp-content\/uploads\/2024\/01\/VIAJES-4.png\" alt=\"\">\t\t\t\t\n\t\t\t\t\t\t\t\t\t\t<\/a>\n\t\t\t\t\t\t\t\t\n\t\t\t\t<\/div>\t\n\t\t\t\t\t\t\t\t<div class=\"clients-logo\">\n\t\t\t\t    \t\t\t\t\t<a href=\"https:\/\/www.portanaviajes.com\/en\/coportamiento-responsable\/\" target=\"_self\">\n\t\t\t\t\t\t\t\t\t\t\t\n\t\t\t\t\t<img decoding=\"async\" src=\"https:\/\/www.portanaviajes.com\/wp-content\/uploads\/2024\/01\/VIAJES-6.png\" alt=\"\">\t\t\t\t\n\t\t\t\t\t\t\t\t\t\t<\/a>\n\t\t\t\t\t\t\t\t\n\t\t\t\t<\/div>\t\n\t\t\t\t\t\t\t\t<div class=\"clients-logo\">\n\t\t\t\t    \t\t\t\t\t<a href=\"https:\/\/www.portanaviajes.com\/en\/que-necesitas\/\" target=\"_self\">\n\t\t\t\t\t\t\t\t\t\t\t\n\t\t\t\t\t<img decoding=\"async\" src=\"https:\/\/www.portanaviajes.com\/wp-content\/uploads\/2024\/01\/VIAJES-8.png\" alt=\"\">\t\t\t\t\n\t\t\t\t\t\t\t\t\t\t<\/a>\n\t\t\t\t\t\t\t\t\n\t\t\t\t<\/div>\t\n\t\t\t\t\t\t\t<\/div>\t\t\n\t\t<\/div>\t\t\n\n        \t\t\t\t<\/div>\n\t\t\t\t<\/div>\n\t\t\t\t\t<\/div>\n\t\t<\/div>\n\t\t\t\t\t<\/div>\n\t\t<\/div>\n\t\t\t\t\t<\/div>\n\t\t<\/div>\n\t\t\t\t\t<\/div>\n\t\t<\/section>\n\t\t\t\t<\/div>","protected":false},"excerpt":{"rendered":"<p>PORTANA FIN DE SEMANA, rutas ecotur\u00edsticas ideales de 1, 2 o 3 d\u00edas, con todo incluido. Estas rutas, autorizadas por la Consejer\u00eda de Sostenibilidad, Medio Ambiente y Econom\u00eda Azul, cuentan con la protecci\u00f3n\u00a0PORTANA,\u00a0\u00a0que incluye todos los seguros obligatorios de asistencia, rescate y responsabilidad civil&#8230;.<\/p>","protected":false},"author":2,"featured_media":1762,"parent":0,"menu_order":0,"comment_status":"closed","ping_status":"closed","template":"","meta":{"footnotes":""},"class_list":["post-5804","page","type-page","status-publish","has-post-thumbnail","hentry"],"meta_box":[],"_links":{"self":[{"href":"https:\/\/www.portanaviajes.com\/en\/wp-json\/wp\/v2\/pages\/5804","targetHints":{"allow":["GET"]}}],"collection":[{"href":"https:\/\/www.portanaviajes.com\/en\/wp-json\/wp\/v2\/pages"}],"about":[{"href":"https:\/\/www.portanaviajes.com\/en\/wp-json\/wp\/v2\/types\/page"}],"author":[{"embeddable":true,"href":"https:\/\/www.portanaviajes.com\/en\/wp-json\/wp\/v2\/users\/2"}],"replies":[{"embeddable":true,"href":"https:\/\/www.portanaviajes.com\/en\/wp-json\/wp\/v2\/comments?post=5804"}],"version-history":[{"count":21,"href":"https:\/\/www.portanaviajes.com\/en\/wp-json\/wp\/v2\/pages\/5804\/revisions"}],"predecessor-version":[{"id":8733,"href":"https:\/\/www.portanaviajes.com\/en\/wp-json\/wp\/v2\/pages\/5804\/revisions\/8733"}],"wp:featuredmedia":[{"embeddable":true,"href":"https:\/\/www.portanaviajes.com\/en\/wp-json\/wp\/v2\/media\/1762"}],"wp:attachment":[{"href":"https:\/\/www.portanaviajes.com\/en\/wp-json\/wp\/v2\/media?parent=5804"}],"curies":[{"name":"wp","href":"https:\/\/api.w.org\/{rel}","templated":true}]}}