{"id":5845,"date":"2024-08-30T12:50:40","date_gmt":"2024-08-30T12:50:40","guid":{"rendered":"https:\/\/www.portanaviajes.com\/?page_id=5845"},"modified":"2024-08-31T12:31:13","modified_gmt":"2024-08-31T12:31:13","slug":"contacta-con-nosotros","status":"publish","type":"page","link":"https:\/\/www.portanaviajes.com\/en\/contacta-con-nosotros\/","title":{"rendered":"\u00a1CONTACTA CON NOSOTROS!"},"content":{"rendered":"<div data-elementor-type=\"wp-page\" data-elementor-id=\"5845\" class=\"elementor elementor-5845\">\n\t\t\t\t\t\t<section class=\"elementor-section elementor-top-section elementor-element elementor-element-8daed45 elementor-section-boxed elementor-section-height-default elementor-section-height-default\" data-id=\"8daed45\" data-element_type=\"section\" data-e-type=\"section\">\n\t\t\t\t\t\t<div class=\"elementor-container elementor-column-gap-narrow\">\n\t\t\t\t\t<div class=\"elementor-column elementor-col-100 elementor-top-column elementor-element elementor-element-46d03f0\" data-id=\"46d03f0\" data-element_type=\"column\" data-e-type=\"column\">\n\t\t\t<div class=\"elementor-widget-wrap elementor-element-populated\">\n\t\t\t\t\t\t<section class=\"elementor-section elementor-inner-section elementor-element elementor-element-7bd9bd6 elementor-section-full_width elementor-section-height-default elementor-section-height-default\" data-id=\"7bd9bd6\" data-element_type=\"section\" data-e-type=\"section\">\n\t\t\t\t\t\t<div class=\"elementor-container elementor-column-gap-default\">\n\t\t\t\t\t<div class=\"elementor-column elementor-col-33 elementor-inner-column elementor-element elementor-element-a28daf3\" data-id=\"a28daf3\" data-element_type=\"column\" data-e-type=\"column\">\n\t\t\t<div class=\"elementor-widget-wrap elementor-element-populated\">\n\t\t\t\t\t\t<div class=\"elementor-element elementor-element-f26bfc5 elementor-widget elementor-widget-text-editor\" data-id=\"f26bfc5\" data-element_type=\"widget\" data-e-type=\"widget\" data-widget_type=\"text-editor.default\">\n\t\t\t\t<div class=\"elementor-widget-container\">\n\t\t\t\t\t\t\t\t\t<h3>Agencia de Viajes y Turismo Activo<\/h3><ul class=\"color_15 font_9 wixui-rich-text__text\"><li class=\"wixui-rich-text__text\"><p class=\"font_9 wixui-rich-text__text\"><span class=\"wixui-rich-text__text\"><span class=\"color_15 wixui-rich-text__text\">Somos una\u00a0<strong>agencia de viajes y turismo activo<\/strong>, creamos nuestros propios viajes y rutas de aventura ecotur\u00edsticas en veh\u00edculos todo terreno: <strong>motos, coches y bicicletas<\/strong>, por Espa\u00f1a, Portugal y Marruecos.<\/span><\/span><\/p><\/li><\/ul>\t\t\t\t\t\t\t\t<\/div>\n\t\t\t\t<\/div>\n\t\t\t\t<div class=\"elementor-element elementor-element-7d14fc5 elementor-widget elementor-widget-travol-contact\" data-id=\"7d14fc5\" data-element_type=\"widget\" data-e-type=\"widget\" data-widget_type=\"travol-contact.default\">\n\t\t\t\t<div class=\"elementor-widget-container\">\n\t\t\t\t\t        \n\t\t<div class=\"phone-call mb-30\">\n\t\t            <div class=\"icon\">\n\t\t\t\t\t\t\t<span class=\"flaticon-phone-call\"><\/span>\n\t\t\t\t\t\t<\/div>\n\t\t            <div class=\"text\">\n\t\t\t\t                <p>Tel\u00e9fono<\/p>\n\t\t\t\t\t\t\t\t\t\t\n\t\t\t\t\t<a href=\"tel:634 57 88 80\">634 57 88 80<\/a>\n\t\t\t\t            <\/div>\n        <\/div>\n\t\t\n        \t\t\t\t<\/div>\n\t\t\t\t<\/div>\n\t\t\t\t<div class=\"elementor-element elementor-element-c82b368 elementor-widget elementor-widget-travol-contact\" data-id=\"c82b368\" data-element_type=\"widget\" data-e-type=\"widget\" data-widget_type=\"travol-contact.default\">\n\t\t\t\t<div class=\"elementor-widget-container\">\n\t\t\t\t\t        \n\t\t<div class=\"phone-call mb-30\">\n\t\t            <div class=\"icon\">\n\t\t\t\t\t\t\t<span class=\"flaticon-placeholder\"><\/span>\n\t\t\t\t\t\t<\/div>\n\t\t            <div class=\"text\">\n\t\t\t\t                <p>Direcci\u00f3n<\/p>\n\t\t\t\t\t\t\t\t\t\t\t\t\t\n\t\t\t\t\t<a href=\"\" target=\"_blank\" class=\"tl-con-mail\">C\/ de las Encinas, 9, 04727, La Env\u00eda, Vicar, Almer\u00eda<\/a>\n\t\t\t\t            <\/div>\n        <\/div>\n\t\t\n        \t\t\t\t<\/div>\n\t\t\t\t<\/div>\n\t\t\t\t<div class=\"elementor-element elementor-element-df019ed elementor-shape-rounded elementor-grid-0 e-grid-align-center elementor-widget elementor-widget-social-icons\" data-id=\"df019ed\" data-element_type=\"widget\" data-e-type=\"widget\" data-widget_type=\"social-icons.default\">\n\t\t\t\t<div class=\"elementor-widget-container\">\n\t\t\t\t\t\t\t<div class=\"elementor-social-icons-wrapper elementor-grid\" role=\"list\">\n\t\t\t\t\t\t\t<span class=\"elementor-grid-item\" role=\"listitem\">\n\t\t\t\t\t<a class=\"elementor-icon elementor-social-icon elementor-social-icon-facebook elementor-repeater-item-9a306d4\" href=\"https:\/\/www.facebook.com\/profile.php?id=100086903967245\" target=\"_blank\">\n\t\t\t\t\t\t<span class=\"elementor-screen-only\">Facebook<\/span>\n\t\t\t\t\t\t<i aria-hidden=\"true\" class=\"fab fa-facebook\"><\/i>\t\t\t\t\t<\/a>\n\t\t\t\t<\/span>\n\t\t\t\t\t\t\t<span class=\"elementor-grid-item\" role=\"listitem\">\n\t\t\t\t\t<a class=\"elementor-icon elementor-social-icon elementor-social-icon-instagram elementor-repeater-item-6a9f27c\" href=\"https:\/\/www.instagram.com\/portanaviajes\/\" target=\"_blank\">\n\t\t\t\t\t\t<span class=\"elementor-screen-only\">Instagram<\/span>\n\t\t\t\t\t\t<i aria-hidden=\"true\" class=\"fab fa-instagram\"><\/i>\t\t\t\t\t<\/a>\n\t\t\t\t<\/span>\n\t\t\t\t\t\t\t<span class=\"elementor-grid-item\" role=\"listitem\">\n\t\t\t\t\t<a class=\"elementor-icon elementor-social-icon elementor-social-icon-youtube elementor-repeater-item-0081f5e\" href=\"https:\/\/www.youtube.com\/@portanaviajes\" target=\"_blank\">\n\t\t\t\t\t\t<span class=\"elementor-screen-only\">Youtube<\/span>\n\t\t\t\t\t\t<i aria-hidden=\"true\" class=\"fab fa-youtube\"><\/i>\t\t\t\t\t<\/a>\n\t\t\t\t<\/span>\n\t\t\t\t\t\t\t<span class=\"elementor-grid-item\" role=\"listitem\">\n\t\t\t\t\t<a class=\"elementor-icon elementor-social-icon elementor-social-icon- elementor-repeater-item-ecc4994\" href=\"https:\/\/www.tiktok.com\/@portanaviajes\" target=\"_blank\">\n\t\t\t\t\t\t<span class=\"elementor-screen-only\"><\/span>\n\t\t\t\t\t\t<svg xmlns=\"http:\/\/www.w3.org\/2000\/svg\" height=\"16\" width=\"14\" viewbox=\"0 0 448 512\"><path opacity=\"1\" fill=\"#1E3050\" d=\"M448 209.9a210.1 210.1 0 0 1 -122.8-39.3V349.4A162.6 162.6 0 1 1 185 188.3V278.2a74.6 74.6 0 1 0 52.2 71.2V0l88 0a121.2 121.2 0 0 0 1.9 22.2h0A122.2 122.2 0 0 0 381 102.4a121.4 121.4 0 0 0 67 20.1z\"><\/path><\/svg>\t\t\t\t\t<\/a>\n\t\t\t\t<\/span>\n\t\t\t\t\t\t\t<span class=\"elementor-grid-item\" role=\"listitem\">\n\t\t\t\t\t<a class=\"elementor-icon elementor-social-icon elementor-social-icon- elementor-repeater-item-afae432\" href=\"https:\/\/www.relive.cc\/profile\/juanfernandoortagomez\" target=\"_blank\">\n\t\t\t\t\t\t<span class=\"elementor-screen-only\"><\/span>\n\t\t\t\t\t\t<svg xmlns=\"http:\/\/www.w3.org\/2000\/svg\" xmlns:xlink=\"http:\/\/www.w3.org\/1999\/xlink\" width=\"500\" viewbox=\"0 0 375 374.999991\" height=\"500\" preserveaspectratio=\"xMidYMid meet\"><rect x=\"-37.5\" width=\"450\" fill=\"#ffffff\" y=\"-37.499999\" height=\"449.999989\" fill-opacity=\"1\"><\/rect><rect x=\"-37.5\" width=\"450\" fill=\"#ffde59\" y=\"-37.499999\" height=\"449.999989\" fill-opacity=\"1\"><\/rect><path fill=\"#000000\" d=\"M 185.878906 50.03125 C 164.941406 52.832031 145.832031 62.445312 130.128906 77.90625 C 112.84375 94.949219 103.835938 113.574219 100.914062 138.039062 C 99.332031 151.1875 100.792969 156.179688 107 159.828125 C 117.710938 166.160156 129.03125 157.761719 129.03125 143.273438 C 129.03125 130.859375 136.945312 112.113281 147.046875 100.914062 C 153.988281 93.121094 164.578125 85.941406 175.046875 81.800781 C 182.351562 78.878906 184.785156 78.636719 199.027344 78.636719 C 212.417969 78.636719 215.945312 79.003906 222.035156 81.316406 C 245.890625 90.203125 263.300781 110.164062 268.410156 134.511719 C 270.601562 145.222656 270.601562 151.796875 268.410156 162.507812 C 265.613281 175.53125 259.039062 187.949219 249.664062 197.324219 C 242.363281 204.625 230.1875 213.023438 226.902344 213.023438 C 226.171875 213.023438 217.773438 200.121094 208.15625 184.417969 C 198.539062 168.59375 189.410156 154.59375 187.585938 153.257812 C 182.835938 149.359375 173.34375 150.578125 169.445312 155.449219 C 167.863281 157.394531 145.953125 192.941406 120.875 234.449219 C 76.082031 308.582031 75.351562 309.921875 75.835938 315.277344 C 76.6875 322.703125 81.921875 327.449219 89.347656 327.449219 C 92.757812 327.449219 95.679688 326.597656 97.75 325.015625 C 99.453125 323.675781 118.199219 293.730469 139.5 258.671875 C 160.683594 223.492188 178.820312 194.765625 179.671875 194.765625 C 180.523438 194.765625 198.660156 223.617188 219.964844 258.917969 C 259.527344 324.527344 261.714844 327.449219 268.777344 327.449219 C 276.445312 327.449219 283.628906 320.511719 283.628906 313.085938 C 283.628906 310.40625 277.417969 298.964844 262.203125 273.769531 C 250.273438 254.167969 241.144531 237.980469 241.875 237.734375 C 246.136719 236.277344 259.648438 227.023438 266.21875 221.058594 C 279.609375 208.765625 289.59375 192.453125 294.828125 174.4375 C 297.140625 166.402344 297.625 162.265625 297.503906 147.292969 C 297.382812 131.46875 297.019531 128.546875 294.097656 119.292969 C 281.070312 79.125 246.378906 52.101562 204.503906 49.542969 C 198.78125 49.179688 190.382812 49.421875 185.878906 50.03125 Z M 185.878906 50.03125 \" fill-opacity=\"1\" fill-rule=\"nonzero\"><\/path><\/svg>\t\t\t\t\t<\/a>\n\t\t\t\t<\/span>\n\t\t\t\t\t<\/div>\n\t\t\t\t\t\t<\/div>\n\t\t\t\t<\/div>\n\t\t\t\t\t<\/div>\n\t\t<\/div>\n\t\t\t\t<div class=\"elementor-column elementor-col-33 elementor-inner-column elementor-element elementor-element-c970d1b\" data-id=\"c970d1b\" data-element_type=\"column\" data-e-type=\"column\">\n\t\t\t<div class=\"elementor-widget-wrap\">\n\t\t\t\t\t\t\t<\/div>\n\t\t<\/div>\n\t\t\t\t<div class=\"elementor-column elementor-col-33 elementor-inner-column elementor-element elementor-element-0e7fba3\" data-id=\"0e7fba3\" data-element_type=\"column\" data-e-type=\"column\">\n\t\t\t<div class=\"elementor-widget-wrap elementor-element-populated\">\n\t\t\t\t\t\t<div class=\"elementor-element elementor-element-7d64b17 elementor-widget__width-initial elementor-widget elementor-widget-travol-form\" data-id=\"7d64b17\" data-element_type=\"widget\" data-e-type=\"widget\" data-widget_type=\"travol-form.default\">\n\t\t\t\t<div class=\"elementor-widget-container\">\n\t\t\t\t\t\t\t<div class=\"right-sidebar\">\n\t\t\t<div class=\"right-sidebar item\">\n\t\t\t\t\t\t\t\t\t<h3><span class=\"right-sidebar item__from\">\u00a1Contacta con Nosotros!<\/span><span class=\"right-sidebar item__sale\"><\/span><\/h3>\n\t\t\t\t\t\t\t\t<div class=\"right-sidebar item-form contact__form vc_template\">\t\t\n\t\t\t\t\t\n<div class=\"wpcf7 no-js\" id=\"wpcf7-f5917-o1\" lang=\"en-US\" dir=\"ltr\" data-wpcf7-id=\"5917\">\n<div class=\"screen-reader-response\"><p role=\"status\" aria-live=\"polite\" aria-atomic=\"true\"><\/p> <ul><\/ul><\/div>\n<form action=\"\/en\/wp-json\/wp\/v2\/pages\/5845#wpcf7-f5917-o1\" method=\"post\" class=\"wpcf7-form init\" aria-label=\"Contact form\" novalidate=\"novalidate\" data-status=\"init\" data-trp-original-action=\"\/en\/wp-json\/wp\/v2\/pages\/5845#wpcf7-f5917-o1\">\n<fieldset class=\"hidden-fields-container\"><input type=\"hidden\" name=\"_wpcf7\" value=\"5917\" \/><input type=\"hidden\" name=\"_wpcf7_version\" value=\"6.1.5\" \/><input type=\"hidden\" name=\"_wpcf7_locale\" value=\"en_US\" \/><input type=\"hidden\" name=\"_wpcf7_unit_tag\" value=\"wpcf7-f5917-o1\" \/><input type=\"hidden\" name=\"_wpcf7_container_post\" value=\"0\" \/><input type=\"hidden\" name=\"_wpcf7_posted_data_hash\" value=\"\" \/><input type=\"hidden\" name=\"_wpcf7cf_hidden_group_fields\" value=\"[]\" \/><input type=\"hidden\" name=\"_wpcf7cf_hidden_groups\" value=\"[]\" \/><input type=\"hidden\" name=\"_wpcf7cf_visible_groups\" value=\"[]\" \/><input type=\"hidden\" name=\"_wpcf7cf_repeaters\" value=\"[]\" \/><input type=\"hidden\" name=\"_wpcf7cf_steps\" value=\"{}\" \/><input type=\"hidden\" name=\"_wpcf7cf_options\" value=\"{&quot;form_id&quot;:5917,&quot;conditions&quot;:[],&quot;settings&quot;:{&quot;animation&quot;:&quot;yes&quot;,&quot;animation_intime&quot;:200,&quot;animation_outtime&quot;:200,&quot;conditions_ui&quot;:&quot;normal&quot;,&quot;notice_dismissed&quot;:false,&quot;notice_dismissed_update-cf7-5.8.3&quot;:true,&quot;notice_dismissed_update-cf7-5.9.7&quot;:true}}\" \/><input type=\"hidden\" name=\"_wpcf7_recaptcha_response\" value=\"\" \/>\n<\/fieldset>\n<div class=\"row\">\n\t<div class=\"col-md-6 form-group\">\n\t\t<p>Nombre<br \/>\n<span class=\"wpcf7-form-control-wrap\" data-name=\"username\"><input size=\"40\" maxlength=\"400\" class=\"wpcf7-form-control wpcf7-text\" aria-invalid=\"false\" placeholder=\"Nombre\" value=\"\" type=\"text\" name=\"username\" \/><\/span>\n\t\t<\/p>\n\t<\/div>\n\t<div class=\"col-md-6 form-group\">\n\t\t<p>Apellidos<br \/>\n<span class=\"wpcf7-form-control-wrap\" data-name=\"apellidos\"><input size=\"40\" maxlength=\"400\" class=\"wpcf7-form-control wpcf7-text\" aria-invalid=\"false\" placeholder=\"Apellidos\" value=\"\" type=\"text\" name=\"apellidos\" \/><\/span>\n\t\t<\/p>\n\t<\/div>\n\t<div class=\"col-md-6 form-group\">\n\t\t<p>Direcci\u00f3n de email<br \/>\n<span class=\"wpcf7-form-control-wrap\" data-name=\"email\"><input size=\"40\" maxlength=\"400\" class=\"wpcf7-form-control wpcf7-email wpcf7-validates-as-required wpcf7-text wpcf7-validates-as-email\" aria-required=\"true\" aria-invalid=\"false\" placeholder=\"Correo Electr\u00f3nico (obligatorio) *\" value=\"\" type=\"email\" name=\"email\" \/><\/span>\n\t\t<\/p>\n\t<\/div>\n\t<div class=\"col-md-6 form-group\">\n\t\t<p>Tel\u00e9fono<br \/>\n<span class=\"wpcf7-form-control-wrap\" data-name=\"telefono\"><input size=\"40\" maxlength=\"400\" class=\"wpcf7-form-control wpcf7-text\" aria-invalid=\"false\" placeholder=\"Tel\u00e9fono\" value=\"\" type=\"text\" name=\"telefono\" \/><\/span>\n\t\t<\/p>\n\t<\/div>\n\t<div class=\"col-md-12 form-group\" >\n\t\t<p>Mensaje<br \/>\n<span class=\"wpcf7-form-control-wrap\" data-name=\"mensaje\"><input size=\"40\" maxlength=\"400\" class=\"wpcf7-form-control wpcf7-text\" aria-invalid=\"false\" placeholder=\"\u00bfEn qu\u00e9 podemos ayudarte?\" value=\"\" type=\"text\" name=\"mensaje\" \/><\/span>\n\t\t<\/p>\n\t<\/div>\n<\/div>\n<p><div class=\"wpcf7-form-control has-spinner wpcf7-submit\"><button class=\"butn-dark mt-15 iso-load-button\"><a ><span>ENVIAR<\/span><\/a><\/button><\/div>\n<\/p><div class=\"wpcf7-response-output\" aria-hidden=\"true\"><\/div>\n<input type=\"hidden\" name=\"trp-form-language\" value=\"en\"\/><\/form>\n<\/div>\n\t\t\t\t<\/div>\t\n\t\t\t<\/div>\t\n\t\t<\/div>\t\n\t\t\n        \t\t\t\t<\/div>\n\t\t\t\t<\/div>\n\t\t\t\t\t<\/div>\n\t\t<\/div>\n\t\t\t\t\t<\/div>\n\t\t<\/section>\n\t\t\t\t\t<\/div>\n\t\t<\/div>\n\t\t\t\t\t<\/div>\n\t\t<\/section>\n\t\t\t\t<\/div>","protected":false},"excerpt":{"rendered":"<p>Agencia de Viajes y Turismo Activo Somos una\u00a0agencia de viajes y turismo activo, creamos nuestros propios viajes y rutas de aventura ecotur\u00edsticas en veh\u00edculos todo terreno: motos, coches y bicicletas, por Espa\u00f1a, Portugal y Marruecos. Tel\u00e9fono 634 57 88 80 Direcci\u00f3n C\/ de las&#8230;<\/p>","protected":false},"author":2,"featured_media":3763,"parent":0,"menu_order":0,"comment_status":"closed","ping_status":"closed","template":"","meta":{"footnotes":""},"class_list":["post-5845","page","type-page","status-publish","has-post-thumbnail","hentry"],"meta_box":[],"_links":{"self":[{"href":"https:\/\/www.portanaviajes.com\/en\/wp-json\/wp\/v2\/pages\/5845","targetHints":{"allow":["GET"]}}],"collection":[{"href":"https:\/\/www.portanaviajes.com\/en\/wp-json\/wp\/v2\/pages"}],"about":[{"href":"https:\/\/www.portanaviajes.com\/en\/wp-json\/wp\/v2\/types\/page"}],"author":[{"embeddable":true,"href":"https:\/\/www.portanaviajes.com\/en\/wp-json\/wp\/v2\/users\/2"}],"replies":[{"embeddable":true,"href":"https:\/\/www.portanaviajes.com\/en\/wp-json\/wp\/v2\/comments?post=5845"}],"version-history":[{"count":6,"href":"https:\/\/www.portanaviajes.com\/en\/wp-json\/wp\/v2\/pages\/5845\/revisions"}],"predecessor-version":[{"id":5921,"href":"https:\/\/www.portanaviajes.com\/en\/wp-json\/wp\/v2\/pages\/5845\/revisions\/5921"}],"wp:featuredmedia":[{"embeddable":true,"href":"https:\/\/www.portanaviajes.com\/en\/wp-json\/wp\/v2\/media\/3763"}],"wp:attachment":[{"href":"https:\/\/www.portanaviajes.com\/en\/wp-json\/wp\/v2\/media?parent=5845"}],"curies":[{"name":"wp","href":"https:\/\/api.w.org\/{rel}","templated":true}]}}