{"id":5855,"date":"2024-08-31T09:37:12","date_gmt":"2024-08-31T09:37:12","guid":{"rendered":"https:\/\/www.portanaviajes.com\/?page_id=5855"},"modified":"2025-01-04T09:53:18","modified_gmt":"2025-01-04T09:53:18","slug":"portana-etapas","status":"publish","type":"page","link":"https:\/\/www.portanaviajes.com\/en\/portana-etapas\/","title":{"rendered":"PORTANA ETAPAS"},"content":{"rendered":"\t\t<div data-elementor-type=\"wp-page\" data-elementor-id=\"5855\" class=\"elementor elementor-5855\">\n\t\t\t\t\t\t<section class=\"elementor-section elementor-top-section elementor-element elementor-element-782908d elementor-section-boxed elementor-section-height-default elementor-section-height-default\" data-id=\"782908d\" data-element_type=\"section\" data-e-type=\"section\">\n\t\t\t\t\t\t<div class=\"elementor-container elementor-column-gap-default\">\n\t\t\t\t\t<div class=\"elementor-column elementor-col-100 elementor-top-column elementor-element elementor-element-5252594\" data-id=\"5252594\" data-element_type=\"column\" data-e-type=\"column\">\n\t\t\t<div class=\"elementor-widget-wrap elementor-element-populated\">\n\t\t\t\t\t\t<div class=\"elementor-element elementor-element-6f242c8 elementor-widget__width-initial elementor-widget elementor-widget-text-editor\" data-id=\"6f242c8\" data-element_type=\"widget\" data-e-type=\"widget\" data-widget_type=\"text-editor.default\">\n\t\t\t\t<div class=\"elementor-widget-container\">\n\t\t\t\t\t\t\t\t\t<p><strong><b>PORTANA ETAPAS<\/b><\/strong><b>,<\/b> Rutas ecotur\u00edsticas ideales de 5 a 15 d\u00edas con todo incluido. Estas rutas, autorizadas por las Consejer\u00edas de las distintas Comunidades Aut\u00f3nomas, est\u00e1n <a href=\"https:\/\/www.portanaviajes.com\/compromiso-y-confianza\/\"><u><b>protegidas con <\/b><b>PORTANA<\/b><\/u><\/a> lo que garantiza la cobertura de todos los seguros obligatorios de asistencia, rescate y responsabilidad civil.<\/p><div class=\"flex max-w-full flex-col flex-grow\"><div class=\"min-h-[20px] text-message flex w-full flex-col items-end gap-2 break-words [.text-message+&amp;]:mt-5 overflow-x-auto whitespace-normal\" dir=\"auto\" data-message-author-role=\"assistant\" data-message-id=\"f41fc6dd-70ef-476c-9a36-67d85224e17f\"><div class=\"flex w-full flex-col gap-1 empty:hidden first:pt-[3px]\"><div class=\"markdown prose w-full break-words dark:prose-invert light\"><p>Puedes realizar etapas de un d\u00eda y elegir cu\u00e1ntas deseas completar. Disponibles durante todo el a\u00f1o, incluso en la \u00e9poca de alto riesgo de incendios, del 1 de junio al 15 de octubre. <strong>\u00a1Explora la naturaleza con plena seguridad y sin preocupaciones!<\/strong><\/p><\/div><\/div><\/div><\/div>\t\t\t\t\t\t\t\t<\/div>\n\t\t\t\t<\/div>\n\t\t\t\t\t<\/div>\n\t\t<\/div>\n\t\t\t\t\t<\/div>\n\t\t<\/section>\n\t\t\t\t<section class=\"elementor-section elementor-top-section elementor-element elementor-element-a6456f8 elementor-section-boxed elementor-section-height-default elementor-section-height-default\" data-id=\"a6456f8\" data-element_type=\"section\" data-e-type=\"section\" data-settings=\"{&quot;background_background&quot;:&quot;classic&quot;}\">\n\t\t\t\t\t\t<div class=\"elementor-container elementor-column-gap-narrow\">\n\t\t\t\t\t<div class=\"elementor-column elementor-col-100 elementor-top-column elementor-element elementor-element-506adbf\" data-id=\"506adbf\" data-element_type=\"column\" data-e-type=\"column\">\n\t\t\t<div class=\"elementor-widget-wrap elementor-element-populated\">\n\t\t\t\t\t\t<div class=\"elementor-section elementor-inner-section elementor-element elementor-element-df38c45 elementor-section-full_width elementor-section-height-default elementor-section-height-default\" data-id=\"df38c45\" data-element_type=\"section\" data-e-type=\"section\">\n\t\t\t\t\t\t<div class=\"elementor-container elementor-column-gap-default\">\n\t\t\t\t\t<div class=\"elementor-column elementor-col-100 elementor-inner-column elementor-element elementor-element-a2b40a5\" data-id=\"a2b40a5\" data-element_type=\"column\" data-e-type=\"column\">\n\t\t\t<div class=\"elementor-widget-wrap elementor-element-populated\">\n\t\t\t\t\t\t<div class=\"elementor-element elementor-element-efb1912 elementor-widget elementor-widget-travol-sec-title\" data-id=\"efb1912\" data-element_type=\"widget\" data-e-type=\"widget\" data-widget_type=\"travol-sec-title.default\">\n\t\t\t\t<div class=\"elementor-widget-container\">\n\t\t\t\t\t\t\t<div class=\"about text-left \">\n\t\t\t\t\t\t<h3 class=\"section-subtitle\">Viajes de larga duraci\u00f3n (5 - 15 d\u00edas) puedes realizar las etapas que quieras. Flexible y adaptables a TU presupuesto.<\/h3>\n\t\t\t\t\t\t            <h2 class=\"section-title\">PORTANA<span> ETAPAS<\/span><\/h2>\n\t\t\t\t\t<\/div>\n\t\t\t\t\t\t<\/div>\n\t\t\t\t<\/div>\n\t\t\t\t<div class=\"elementor-element elementor-element-bc96cde elementor-widget elementor-widget-travol-tour-flip-box\" data-id=\"bc96cde\" data-element_type=\"widget\" data-e-type=\"widget\" data-widget_type=\"travol-tour-flip-box.default\">\n\t\t\t\t<div class=\"elementor-widget-container\">\n\t\t\t\t\t\t\t<div class=\"tours3\">\n\t\t<div class=\"container-after-flip-box\">\n\t\t\t\t\t\t<div class=\"row isotope-items-wrap  no-hide-last loadmore-wrapper-flip \" data-load-item=\"10000000\" data-button-text=\"Load More\">\n\t\t\t\t\t\t\t\t<div class=\"col-md-6 isotope-item\">\n                    <div class=\"square-flip\">\n                        <div class=\"square bg-img bg-img-d\" data-background=\"https:\/\/www.portanaviajes.com\/wp-content\/uploads\/2023\/11\/WhatsApp-Image-2023-04-16-at-11.01.05-2-1.jpeg\"> <span class=\"category\"><a>Portana Etapas  <\/a><\/span>\n                            <div class=\"square-container d-flex align-items-end justify-content-end\">\n                                <div class=\"box-title\">\n                                    <h4>DE CABO A CABO<\/h4>\n                                    \t\t\t\t\t\t\t\t\t<h6>desde \u20ac75 \/ por persona<\/h6>\n\t\t\t\t\t\t\t\t\t                                <\/div>\n                            <\/div>\n                            <div class=\"flip-overlay\"><\/div>\n                        <\/div>\n                        <div class=\"square2 bg-white\">\n                            <div class=\"square-container2\">\n                                <h4>DE CABO A CABO<\/h4>\n\t\t\t\t\t\t\t\t                                <h6>desde \u20ac75 \/ por persona<\/h6>\n\t\t\t\t\t\t\t\t                                \t\t\t\t\t\t\t\t<p>\u00a1Explora con nosotros Andaluc\u00eda y Portugal!\r\n&quot;Decide que etapas quieres hacer y enganchate al grupo d\u00f3nde quieras&quot;\r\n<\/p>\n\t\t\t\t\t\t\t\t                                <div class=\"row tour-list mb-30\">\n                                    \t\t\t\t\t\t\t\t\t<div class=\"col col-md-6\">\n                                        <ul>\n                                            \t\t\t\t\t\t\t\t\t\t\t<li><i class=\"ti-time\"><\/i> 1-2-5-7-10 d\u00edas<\/li>\n\t\t\t\t\t\t\t\t\t\t\t                                            \t\t\t\t\t\t\t\t\t\t\t<li><i class=\"ti-user\"><\/i> 10+<\/li>\n\t\t\t\t\t\t\t\t\t\t\t                                        <\/ul>\n                                    <\/div>\n\t\t\t\t\t\t\t\t\t                                    <div class=\"col col-md-6\">\n                                        <ul>\n                                            \t\t\t\t\t\t\t\t\t\t\t<li><i class=\"ti-location-pin\"><\/i> \n\t\t\t\t\t\t\t\t\t\t\t\t\t\t\t\t\t\t\t\t\t\t<a href=\"https:\/\/www.portanaviajes.com\/en\/tour_destination\/portana-etapas\/\">Portana Etapas<\/a>\n\t\t\t\t\t\t\t\t\t\t\t\t\t\t\t\t\t\t\t\t\t\t<\/li>\n\t\t\t\t\t\t\t\t\t\t\t                                            \t\t\t\t\t\t\t\t\t\t\t\t<li><i class=\"ti-face-smile\"><\/i> 9.8 Superb<\/li>\n\t\t\t\t\t\t\t\t\t\t\t                                        <\/ul>\n                                    <\/div>\n                                <\/div>\n                                <div class=\"btn-line\"><a href=\"https:\/\/www.portanaviajes.com\/en\/tour\/portana-etapas-de-cabo-a-cabo\/\">m\u00e1s informaci\u00f3n<\/a><\/div>\n                            <\/div>\n                        <\/div>\n                    <\/div>\n                <\/div>\n\t\t\t\t\t\n\t\t\t<\/div>\n\t\t<\/div>\n\t\t<\/div>\n\t\t\n\t\t\t\t\t\t<\/div>\n\t\t\t\t<\/div>\n\t\t\t\t<div class=\"elementor-element elementor-element-bbe6a3d elementor-widget elementor-widget-travol-destination-carousel\" data-id=\"bbe6a3d\" data-element_type=\"widget\" data-e-type=\"widget\" data-widget_type=\"travol-destination-carousel.default\">\n\t\t\t\t<div class=\"elementor-widget-container\">\n\t\t\t\t\t\t\t<div class=\"destination1 tour-carousel-alt\"><div class=\"owl-carousel owl-theme\" data-car-autoplay=\"false\" data-car-speed=\"500\" data-dots=\"true\"  data-nav=\"false\"data-rtl=\"false\"><\/div><\/div>\t\t\r\n        \t\t\t\t<\/div>\n\t\t\t\t<\/div>\n\t\t\t\t\t<\/div>\n\t\t<\/div>\n\t\t\t\t\t<\/div>\n\t\t<\/div>\n\t\t\t\t\t<\/div>\n\t\t<\/div>\n\t\t\t\t\t<\/div>\n\t\t<\/section>\n\t\t\t\t<section class=\"elementor-section elementor-top-section elementor-element elementor-element-7e6b6ee elementor-section-content-middle elementor-section-height-min-height elementor-section-boxed elementor-section-height-default elementor-section-items-middle\" data-id=\"7e6b6ee\" data-element_type=\"section\" data-e-type=\"section\" data-settings=\"{&quot;background_background&quot;:&quot;video&quot;,&quot;background_video_link&quot;:&quot;https:\\\/\\\/portana.artkvisual.com\\\/wp-content\\\/uploads\\\/2023\\\/09\\\/production_id_5053058-2160p.mp4&quot;,&quot;background_video_start&quot;:10,&quot;background_play_on_mobile&quot;:&quot;yes&quot;}\">\n\t\t\t\t\t\t\t\t<div class=\"elementor-background-video-container\">\n\t\t\t\t\t\t\t\t\t\t\t\t\t<video class=\"elementor-background-video-hosted\" role=\"presentation\" autoplay muted playsinline loop><\/video>\n\t\t\t\t\t\t\t\t\t\t\t<\/div>\n\t\t\t\t\t\t\t\t\t<div class=\"elementor-background-overlay\"><\/div>\n\t\t\t\t\t\t\t<div class=\"elementor-container elementor-column-gap-narrow\">\n\t\t\t\t\t<div class=\"elementor-column elementor-col-100 elementor-top-column elementor-element elementor-element-c5931bc\" data-id=\"c5931bc\" data-element_type=\"column\" data-e-type=\"column\">\n\t\t\t<div class=\"elementor-widget-wrap elementor-element-populated\">\n\t\t\t\t\t\t<div class=\"elementor-element elementor-element-dcddcac elementor-widget elementor-widget-heading\" data-id=\"dcddcac\" data-element_type=\"widget\" data-e-type=\"widget\" data-widget_type=\"heading.default\">\n\t\t\t\t<div class=\"elementor-widget-container\">\n\t\t\t\t\t<h2 class=\"elementor-heading-title elementor-size-default\">RUTAS CON RUT\u00d3METRO<\/h2>\t\t\t\t<\/div>\n\t\t\t\t<\/div>\n\t\t\t\t<div class=\"elementor-element elementor-element-ac8cb16 elementor-widget elementor-widget-spacer\" data-id=\"ac8cb16\" data-element_type=\"widget\" data-e-type=\"widget\" data-widget_type=\"spacer.default\">\n\t\t\t\t<div class=\"elementor-widget-container\">\n\t\t\t\t\t\t\t<div class=\"elementor-spacer\">\n\t\t\t<div class=\"elementor-spacer-inner\"><\/div>\n\t\t<\/div>\n\t\t\t\t\t\t<\/div>\n\t\t\t\t<\/div>\n\t\t\t\t<div class=\"elementor-element elementor-element-1671f2c elementor-shape-rounded elementor-grid-0 e-grid-align-center elementor-widget elementor-widget-social-icons\" data-id=\"1671f2c\" data-element_type=\"widget\" data-e-type=\"widget\" data-widget_type=\"social-icons.default\">\n\t\t\t\t<div class=\"elementor-widget-container\">\n\t\t\t\t\t\t\t<div class=\"elementor-social-icons-wrapper elementor-grid\" role=\"list\">\n\t\t\t\t\t\t\t<span class=\"elementor-grid-item\" role=\"listitem\">\n\t\t\t\t\t<a class=\"elementor-icon elementor-social-icon elementor-social-icon-facebook elementor-repeater-item-9a306d4\" href=\"https:\/\/www.facebook.com\/profile.php?id=100086903967245\" target=\"_blank\">\n\t\t\t\t\t\t<span class=\"elementor-screen-only\">Facebook<\/span>\n\t\t\t\t\t\t<i aria-hidden=\"true\" class=\"fab fa-facebook\"><\/i>\t\t\t\t\t<\/a>\n\t\t\t\t<\/span>\n\t\t\t\t\t\t\t<span class=\"elementor-grid-item\" role=\"listitem\">\n\t\t\t\t\t<a class=\"elementor-icon elementor-social-icon elementor-social-icon-instagram elementor-repeater-item-6a9f27c\" href=\"https:\/\/www.instagram.com\/portanaviajes\/\" target=\"_blank\">\n\t\t\t\t\t\t<span class=\"elementor-screen-only\">Instagram<\/span>\n\t\t\t\t\t\t<i aria-hidden=\"true\" class=\"fab fa-instagram\"><\/i>\t\t\t\t\t<\/a>\n\t\t\t\t<\/span>\n\t\t\t\t\t\t\t<span class=\"elementor-grid-item\" role=\"listitem\">\n\t\t\t\t\t<a class=\"elementor-icon elementor-social-icon elementor-social-icon-youtube elementor-repeater-item-0081f5e\" href=\"https:\/\/www.youtube.com\/@portanaviajes\" target=\"_blank\">\n\t\t\t\t\t\t<span class=\"elementor-screen-only\">Youtube<\/span>\n\t\t\t\t\t\t<i aria-hidden=\"true\" class=\"fab fa-youtube\"><\/i>\t\t\t\t\t<\/a>\n\t\t\t\t<\/span>\n\t\t\t\t\t\t\t<span class=\"elementor-grid-item\" role=\"listitem\">\n\t\t\t\t\t<a class=\"elementor-icon elementor-social-icon elementor-social-icon- elementor-repeater-item-ecc4994\" href=\"https:\/\/www.tiktok.com\/@portanaviajes\" target=\"_blank\">\n\t\t\t\t\t\t<span class=\"elementor-screen-only\"><\/span>\n\t\t\t\t\t\t<svg xmlns=\"http:\/\/www.w3.org\/2000\/svg\" height=\"16\" width=\"14\" viewBox=\"0 0 448 512\"><path opacity=\"1\" fill=\"#1E3050\" d=\"M448 209.9a210.1 210.1 0 0 1 -122.8-39.3V349.4A162.6 162.6 0 1 1 185 188.3V278.2a74.6 74.6 0 1 0 52.2 71.2V0l88 0a121.2 121.2 0 0 0 1.9 22.2h0A122.2 122.2 0 0 0 381 102.4a121.4 121.4 0 0 0 67 20.1z\"><\/path><\/svg>\t\t\t\t\t<\/a>\n\t\t\t\t<\/span>\n\t\t\t\t\t\t\t<span class=\"elementor-grid-item\" role=\"listitem\">\n\t\t\t\t\t<a class=\"elementor-icon elementor-social-icon elementor-social-icon- elementor-repeater-item-ee40049\" href=\"https:\/\/www.relive.cc\/profile\/juanfernandoortagomez\" target=\"_blank\">\n\t\t\t\t\t\t<span class=\"elementor-screen-only\"><\/span>\n\t\t\t\t\t\t<svg xmlns=\"http:\/\/www.w3.org\/2000\/svg\" xmlns:xlink=\"http:\/\/www.w3.org\/1999\/xlink\" width=\"500\" viewBox=\"0 0 375 374.999991\" height=\"500\" preserveAspectRatio=\"xMidYMid meet\"><rect x=\"-37.5\" width=\"450\" fill=\"#ffffff\" y=\"-37.499999\" height=\"449.999989\" fill-opacity=\"1\"><\/rect><rect x=\"-37.5\" width=\"450\" fill=\"#ffde59\" y=\"-37.499999\" height=\"449.999989\" fill-opacity=\"1\"><\/rect><path fill=\"#000000\" d=\"M 185.878906 50.03125 C 164.941406 52.832031 145.832031 62.445312 130.128906 77.90625 C 112.84375 94.949219 103.835938 113.574219 100.914062 138.039062 C 99.332031 151.1875 100.792969 156.179688 107 159.828125 C 117.710938 166.160156 129.03125 157.761719 129.03125 143.273438 C 129.03125 130.859375 136.945312 112.113281 147.046875 100.914062 C 153.988281 93.121094 164.578125 85.941406 175.046875 81.800781 C 182.351562 78.878906 184.785156 78.636719 199.027344 78.636719 C 212.417969 78.636719 215.945312 79.003906 222.035156 81.316406 C 245.890625 90.203125 263.300781 110.164062 268.410156 134.511719 C 270.601562 145.222656 270.601562 151.796875 268.410156 162.507812 C 265.613281 175.53125 259.039062 187.949219 249.664062 197.324219 C 242.363281 204.625 230.1875 213.023438 226.902344 213.023438 C 226.171875 213.023438 217.773438 200.121094 208.15625 184.417969 C 198.539062 168.59375 189.410156 154.59375 187.585938 153.257812 C 182.835938 149.359375 173.34375 150.578125 169.445312 155.449219 C 167.863281 157.394531 145.953125 192.941406 120.875 234.449219 C 76.082031 308.582031 75.351562 309.921875 75.835938 315.277344 C 76.6875 322.703125 81.921875 327.449219 89.347656 327.449219 C 92.757812 327.449219 95.679688 326.597656 97.75 325.015625 C 99.453125 323.675781 118.199219 293.730469 139.5 258.671875 C 160.683594 223.492188 178.820312 194.765625 179.671875 194.765625 C 180.523438 194.765625 198.660156 223.617188 219.964844 258.917969 C 259.527344 324.527344 261.714844 327.449219 268.777344 327.449219 C 276.445312 327.449219 283.628906 320.511719 283.628906 313.085938 C 283.628906 310.40625 277.417969 298.964844 262.203125 273.769531 C 250.273438 254.167969 241.144531 237.980469 241.875 237.734375 C 246.136719 236.277344 259.648438 227.023438 266.21875 221.058594 C 279.609375 208.765625 289.59375 192.453125 294.828125 174.4375 C 297.140625 166.402344 297.625 162.265625 297.503906 147.292969 C 297.382812 131.46875 297.019531 128.546875 294.097656 119.292969 C 281.070312 79.125 246.378906 52.101562 204.503906 49.542969 C 198.78125 49.179688 190.382812 49.421875 185.878906 50.03125 Z M 185.878906 50.03125 \" fill-opacity=\"1\" fill-rule=\"nonzero\"><\/path><\/svg>\t\t\t\t\t<\/a>\n\t\t\t\t<\/span>\n\t\t\t\t\t<\/div>\n\t\t\t\t\t\t<\/div>\n\t\t\t\t<\/div>\n\t\t\t\t\t<\/div>\n\t\t<\/div>\n\t\t\t\t\t<\/div>\n\t\t<\/section>\n\t\t\t\t<section class=\"elementor-section elementor-top-section elementor-element elementor-element-c924a5f elementor-section-boxed elementor-section-height-default elementor-section-height-default\" data-id=\"c924a5f\" data-element_type=\"section\" data-e-type=\"section\">\n\t\t\t\t\t\t<div class=\"elementor-container elementor-column-gap-default\">\n\t\t\t\t\t<div class=\"elementor-column elementor-col-100 elementor-top-column elementor-element elementor-element-6bdbebf\" data-id=\"6bdbebf\" data-element_type=\"column\" data-e-type=\"column\">\n\t\t\t<div class=\"elementor-widget-wrap\">\n\t\t\t\t\t\t\t<\/div>\n\t\t<\/div>\n\t\t\t\t\t<\/div>\n\t\t<\/section>\n\t\t\t\t<section class=\"elementor-section elementor-top-section elementor-element elementor-element-8dbe667 elementor-section-boxed elementor-section-height-default elementor-section-height-default\" data-id=\"8dbe667\" data-element_type=\"section\" data-e-type=\"section\">\n\t\t\t\t\t\t<div class=\"elementor-container elementor-column-gap-default\">\n\t\t\t\t\t<div class=\"elementor-column elementor-col-100 elementor-top-column elementor-element elementor-element-cdb4c7e\" data-id=\"cdb4c7e\" data-element_type=\"column\" data-e-type=\"column\">\n\t\t\t<div class=\"elementor-widget-wrap elementor-element-populated\">\n\t\t\t\t\t\t<div class=\"elementor-section elementor-inner-section elementor-element elementor-element-b444a4d elementor-section-full_width elementor-section-height-default elementor-section-height-default\" data-id=\"b444a4d\" data-element_type=\"section\" data-e-type=\"section\">\n\t\t\t\t\t\t<div class=\"elementor-container elementor-column-gap-default\">\n\t\t\t\t\t<div class=\"elementor-column elementor-col-100 elementor-inner-column elementor-element elementor-element-e5bd721\" data-id=\"e5bd721\" data-element_type=\"column\" data-e-type=\"column\">\n\t\t\t<div class=\"elementor-widget-wrap elementor-element-populated\">\n\t\t\t\t\t\t<div class=\"elementor-element elementor-element-6ef2987 elementor-widget elementor-widget-travol-clients\" data-id=\"6ef2987\" data-element_type=\"widget\" data-e-type=\"widget\" data-widget_type=\"travol-clients.default\">\n\t\t\t\t<div class=\"elementor-widget-container\">\n\t\t\t\t\t\n\t\t<div class=\"clients\">\n\t\t\t<div class=\"owl-carousel owl-theme\" data-clients-autoplay=\"true\" data-clients-speed=\"500\" data-rtl=\"false\">\n\t\t\t\t\t\t\t\t<div class=\"clients-logo\">\n\t\t\t\t    \t\t\t\t\t<a href=\"https:\/\/www.portanaviajes.com\/seguridad-y-transparencia\/\" target=\"_self\">\n\t\t\t\t\t\t\t\t\t\t\t\n\t\t\t\t\t<img decoding=\"async\" src=\"https:\/\/www.portanaviajes.com\/wp-content\/uploads\/2024\/01\/VIAJES-7.png\" alt=\"\">\t\t\t\t\n\t\t\t\t\t\t\t\t\t\t<\/a>\n\t\t\t\t\t\t\t\t\n\t\t\t\t<\/div>\t\n\t\t\t\t\t\t\t\t<div class=\"clients-logo\">\n\t\t\t\t    \t\t\t\t\t<a href=\"https:\/\/www.portanaviajes.com\/asistencias\/\" target=\"_self\">\n\t\t\t\t\t\t\t\t\t\t\t\n\t\t\t\t\t<img decoding=\"async\" src=\"https:\/\/www.portanaviajes.com\/wp-content\/uploads\/2024\/01\/VIAJES-4.png\" alt=\"\">\t\t\t\t\n\t\t\t\t\t\t\t\t\t\t<\/a>\n\t\t\t\t\t\t\t\t\n\t\t\t\t<\/div>\t\n\t\t\t\t\t\t\t\t<div class=\"clients-logo\">\n\t\t\t\t    \t\t\t\t\t<a href=\"https:\/\/www.portanaviajes.com\/coportamiento-responsable\/\" target=\"_self\">\n\t\t\t\t\t\t\t\t\t\t\t\n\t\t\t\t\t<img decoding=\"async\" src=\"https:\/\/www.portanaviajes.com\/wp-content\/uploads\/2024\/01\/VIAJES-6.png\" alt=\"\">\t\t\t\t\n\t\t\t\t\t\t\t\t\t\t<\/a>\n\t\t\t\t\t\t\t\t\n\t\t\t\t<\/div>\t\n\t\t\t\t\t\t\t\t<div class=\"clients-logo\">\n\t\t\t\t    \t\t\t\t\t<a href=\"https:\/\/www.portanaviajes.com\/que-necesitas\/\" target=\"_self\">\n\t\t\t\t\t\t\t\t\t\t\t\n\t\t\t\t\t<img decoding=\"async\" src=\"https:\/\/www.portanaviajes.com\/wp-content\/uploads\/2024\/01\/VIAJES-8.png\" alt=\"\">\t\t\t\t\n\t\t\t\t\t\t\t\t\t\t<\/a>\n\t\t\t\t\t\t\t\t\n\t\t\t\t<\/div>\t\n\t\t\t\t\t\t\t<\/div>\t\t\n\t\t<\/div>\t\t\n\n        \t\t\t\t<\/div>\n\t\t\t\t<\/div>\n\t\t\t\t\t<\/div>\n\t\t<\/div>\n\t\t\t\t\t<\/div>\n\t\t<\/div>\n\t\t\t\t\t<\/div>\n\t\t<\/div>\n\t\t\t\t\t<\/div>\n\t\t<\/section>\n\t\t\t\t<\/div>\n\t\t","protected":false},"excerpt":{"rendered":"<p>PORTANA ETAPAS, Rutas ecotur\u00edsticas ideales de 5 a 15 d\u00edas con todo incluido. Estas rutas, autorizadas por las Consejer\u00edas de las distintas Comunidades Aut\u00f3nomas, est\u00e1n protegidas con PORTANA lo que garantiza la cobertura de todos los seguros obligatorios de asistencia, rescate y responsabilidad civil&#8230;.<\/p>","protected":false},"author":2,"featured_media":1772,"parent":0,"menu_order":0,"comment_status":"closed","ping_status":"closed","template":"","meta":{"footnotes":""},"class_list":["post-5855","page","type-page","status-publish","has-post-thumbnail","hentry"],"meta_box":[],"_links":{"self":[{"href":"https:\/\/www.portanaviajes.com\/en\/wp-json\/wp\/v2\/pages\/5855","targetHints":{"allow":["GET"]}}],"collection":[{"href":"https:\/\/www.portanaviajes.com\/en\/wp-json\/wp\/v2\/pages"}],"about":[{"href":"https:\/\/www.portanaviajes.com\/en\/wp-json\/wp\/v2\/types\/page"}],"author":[{"embeddable":true,"href":"https:\/\/www.portanaviajes.com\/en\/wp-json\/wp\/v2\/users\/2"}],"replies":[{"embeddable":true,"href":"https:\/\/www.portanaviajes.com\/en\/wp-json\/wp\/v2\/comments?post=5855"}],"version-history":[{"count":20,"href":"https:\/\/www.portanaviajes.com\/en\/wp-json\/wp\/v2\/pages\/5855\/revisions"}],"predecessor-version":[{"id":7231,"href":"https:\/\/www.portanaviajes.com\/en\/wp-json\/wp\/v2\/pages\/5855\/revisions\/7231"}],"wp:featuredmedia":[{"embeddable":true,"href":"https:\/\/www.portanaviajes.com\/en\/wp-json\/wp\/v2\/media\/1772"}],"wp:attachment":[{"href":"https:\/\/www.portanaviajes.com\/en\/wp-json\/wp\/v2\/media?parent=5855"}],"curies":[{"name":"wp","href":"https:\/\/api.w.org\/{rel}","templated":true}]}}