{"id":8208,"date":"2025-06-12T09:20:42","date_gmt":"2025-06-12T09:20:42","guid":{"rendered":"https:\/\/www.portanaviajes.com\/?page_id=8208"},"modified":"2026-03-23T15:29:16","modified_gmt":"2026-03-23T15:29:16","slug":"que-nos-hace-diferentes","status":"publish","type":"page","link":"https:\/\/www.portanaviajes.com\/en\/que-nos-hace-diferentes\/","title":{"rendered":"\u00bfQu\u00e9 nos hace diferentes?"},"content":{"rendered":"<div data-elementor-type=\"wp-page\" data-elementor-id=\"8208\" class=\"elementor elementor-8208\">\n\t\t\t\t\t\t<section class=\"elementor-section elementor-top-section elementor-element elementor-element-3b9c4928 elementor-section-boxed elementor-section-height-default elementor-section-height-default\" data-id=\"3b9c4928\" data-element_type=\"section\" data-e-type=\"section\">\n\t\t\t\t\t\t<div class=\"elementor-container elementor-column-gap-narrow\">\n\t\t\t\t\t<div class=\"elementor-column elementor-col-100 elementor-top-column elementor-element elementor-element-2895e317\" data-id=\"2895e317\" data-element_type=\"column\" data-e-type=\"column\">\n\t\t\t<div class=\"elementor-widget-wrap elementor-element-populated\">\n\t\t\t\t\t\t<div class=\"elementor-section elementor-inner-section elementor-element elementor-element-689fa4f7 elementor-section-full_width elementor-section-height-default elementor-section-height-default\" data-id=\"689fa4f7\" data-element_type=\"section\" data-e-type=\"section\">\n\t\t\t\t\t\t<div class=\"elementor-container elementor-column-gap-default\">\n\t\t\t\t\t<div class=\"elementor-column elementor-col-100 elementor-inner-column elementor-element elementor-element-de22d15\" data-id=\"de22d15\" data-element_type=\"column\" data-e-type=\"column\" data-settings=\"{&quot;animation&quot;:&quot;none&quot;}\">\n\t\t\t<div class=\"elementor-widget-wrap elementor-element-populated\">\n\t\t\t\t\t\t<div class=\"elementor-element elementor-element-5e69a5c elementor-widget elementor-widget-heading\" data-id=\"5e69a5c\" data-element_type=\"widget\" data-e-type=\"widget\" data-widget_type=\"heading.default\">\n\t\t\t\t<div class=\"elementor-widget-container\">\n\t\t\t\t\t<h2 class=\"elementor-heading-title elementor-size-default\">\"<i>LA CALIDAD ES M\u00c1S IMPORTANTE QUE LA CANTIDAD\"<\/i><\/h2>\t\t\t\t<\/div>\n\t\t\t\t<\/div>\n\t\t\t\t<div class=\"elementor-element elementor-element-138e190 elementor-widget elementor-widget-spacer\" data-id=\"138e190\" data-element_type=\"widget\" data-e-type=\"widget\" data-widget_type=\"spacer.default\">\n\t\t\t\t<div class=\"elementor-widget-container\">\n\t\t\t\t\t\t\t<div class=\"elementor-spacer\">\n\t\t\t<div class=\"elementor-spacer-inner\"><\/div>\n\t\t<\/div>\n\t\t\t\t\t\t<\/div>\n\t\t\t\t<\/div>\n\t\t\t\t<div class=\"elementor-element elementor-element-d25f0bd elementor-widget elementor-widget-text-editor\" data-id=\"d25f0bd\" data-element_type=\"widget\" data-e-type=\"widget\" data-widget_type=\"text-editor.default\">\n\t\t\t\t<div class=\"elementor-widget-container\">\n\t\t\t\t\t\t\t\t\t<div id=\"comp-kmoup2ke1\" class=\"BaOVQ8 tz5f0K comp-kmoup2ke1 wixui-rich-text\" data-testid=\"richTextElement\"><p class=\"font_7 wixui-rich-text__text\" style=\"text-align: center;\">Esteve Jobs<\/p><\/div>\t\t\t\t\t\t\t\t<\/div>\n\t\t\t\t<\/div>\n\t\t\t\t<div class=\"elementor-element elementor-element-a067cd5 elementor-widget elementor-widget-spacer\" data-id=\"a067cd5\" data-element_type=\"widget\" data-e-type=\"widget\" data-widget_type=\"spacer.default\">\n\t\t\t\t<div class=\"elementor-widget-container\">\n\t\t\t\t\t\t\t<div class=\"elementor-spacer\">\n\t\t\t<div class=\"elementor-spacer-inner\"><\/div>\n\t\t<\/div>\n\t\t\t\t\t\t<\/div>\n\t\t\t\t<\/div>\n\t\t\t\t<div class=\"elementor-element elementor-element-4b641bee elementor-widget elementor-widget-text-editor\" data-id=\"4b641bee\" data-element_type=\"widget\" data-e-type=\"widget\" data-settings=\"{&quot;_animation&quot;:&quot;none&quot;}\" data-widget_type=\"text-editor.default\">\n\t\t\t\t<div class=\"elementor-widget-container\">\n\t\t\t\t\t\t\t\t\t<h4 style=\"text-align: justify;\">\u200bEl valor a\u00f1adido que nos hace diferentes:<\/h4><p class=\"font_8 wixui-rich-text__text\" style=\"text-align: justify;\"><span class=\"wixui-rich-text__text\">El\u00a0<strong>Road Book Portana\u00a0<\/strong>es un cuaderno de ruta en el que se reflejan todas las indicaciones y direcciones mediante vi\u00f1etas e iconos, junto con otros datos como la distancia, peligros, informaci\u00f3n tur\u00edstica, puntos GPS, etc., y cuya finalidad es que el viajero pueda realizar de forma aut\u00f3noma toda la ruta simulando a los grandes riders dakarianos.<\/span><\/p><p class=\"font_8 wixui-rich-text__text\" style=\"text-align: justify;\"><span class=\"wixui-rich-text__text\">\u200b<\/span><\/p><p class=\"font_8 wixui-rich-text__text\" style=\"text-align: justify;\"><span class=\"wixui-rich-text__text\">Nuestros\u00a0<strong>rut\u00f3metros<\/strong>\u00a0aportan informaci\u00f3n muy \u00fatil del recorrido, no s\u00f3lo de las se\u00f1ales a seguir, tambi\u00e9n es una\u00a0<strong>gu\u00eda tur\u00edstica<\/strong>\u00a0con datos relevantes sobre parques naturales, monumentos del patrimonio nacional, lugares pintorescos de inter\u00e9s tur\u00edstico cultural y en algunos casos los retos a realizar por el viajero. De ah\u00ed la importancia de la realizaci\u00f3n correcta del libro de ruta, es un trabajo minucioso e intenso que requiere mucha dedicaci\u00f3n y tiempo.<\/span><\/p><p class=\"font_8 wixui-rich-text__text\" style=\"text-align: justify;\"><span class=\"wixui-rich-text__text\">Tambi\u00e9n nuestro especial inter\u00e9s en encontrar el\u00a0<strong>equilibrio<\/strong>\u00a0perfecto\u00a0entre <strong>aventura y relax<\/strong>.\u00a0Hemos seleccionado muy cuidadosamente los servicios complementarios del viaje, que van desde la propia ruta, actividades con motos de agua, descenso de barrancos, etc&#8230; al descanso y disfrute de una extraordinaria gastronom\u00eda y alojamientos con un encanto especial, combinaci\u00f3n de aventura y lujo, una experiencia llena de momentos emocionantes con espacio para la relajaci\u00f3n f\u00edsica y ps\u00edquica.<\/span><\/p>\t\t\t\t\t\t\t\t<\/div>\n\t\t\t\t<\/div>\n\t\t\t\t\t<\/div>\n\t\t<\/div>\n\t\t\t\t\t<\/div>\n\t\t<\/div>\n\t\t\t\t<div class=\"elementor-element elementor-element-cf03366 elementor-widget elementor-widget-text-editor\" data-id=\"cf03366\" data-element_type=\"widget\" data-e-type=\"widget\" data-widget_type=\"text-editor.default\">\n\t\t\t\t<div class=\"elementor-widget-container\">\n\t\t\t\t\t\t\t\t\t<div id=\"comp-kmoup2jz1\" class=\"KcpHeO tz5f0K comp-kmoup2jz1 wixui-rich-text\" data-testid=\"richTextElement\"><h6 class=\"font_6 wixui-rich-text__text\" dir=\"ltr\" style=\"text-align: center;\"><span class=\"wixui-rich-text__text\" style=\"color: #000000;\">Todos nuestros viajes se hacen con rut\u00f3metro, es decir el viajero decide si quiere hacer el recorrido individualmente o con el grupo.<\/span><\/h6><\/div>\t\t\t\t\t\t\t\t<\/div>\n\t\t\t\t<\/div>\n\t\t\t\t\t<\/div>\n\t\t<\/div>\n\t\t\t\t\t<\/div>\n\t\t<\/section>\n\t\t\t\t<\/div>","protected":false},"excerpt":{"rendered":"<p>&#8220;LA CALIDAD ES M\u00c1S IMPORTANTE QUE LA CANTIDAD&#8221; Esteve Jobs \u200bEl valor a\u00f1adido que nos hace diferentes: El\u00a0Road Book Portana\u00a0es un cuaderno de ruta en el que se reflejan todas las indicaciones y direcciones mediante vi\u00f1etas e iconos, junto con otros datos como la&#8230;<\/p>","protected":false},"author":2,"featured_media":0,"parent":0,"menu_order":0,"comment_status":"closed","ping_status":"closed","template":"","meta":{"footnotes":""},"class_list":["post-8208","page","type-page","status-publish","hentry"],"meta_box":[],"_links":{"self":[{"href":"https:\/\/www.portanaviajes.com\/en\/wp-json\/wp\/v2\/pages\/8208","targetHints":{"allow":["GET"]}}],"collection":[{"href":"https:\/\/www.portanaviajes.com\/en\/wp-json\/wp\/v2\/pages"}],"about":[{"href":"https:\/\/www.portanaviajes.com\/en\/wp-json\/wp\/v2\/types\/page"}],"author":[{"embeddable":true,"href":"https:\/\/www.portanaviajes.com\/en\/wp-json\/wp\/v2\/users\/2"}],"replies":[{"embeddable":true,"href":"https:\/\/www.portanaviajes.com\/en\/wp-json\/wp\/v2\/comments?post=8208"}],"version-history":[{"count":9,"href":"https:\/\/www.portanaviajes.com\/en\/wp-json\/wp\/v2\/pages\/8208\/revisions"}],"predecessor-version":[{"id":8718,"href":"https:\/\/www.portanaviajes.com\/en\/wp-json\/wp\/v2\/pages\/8208\/revisions\/8718"}],"wp:attachment":[{"href":"https:\/\/www.portanaviajes.com\/en\/wp-json\/wp\/v2\/media?parent=8208"}],"curies":[{"name":"wp","href":"https:\/\/api.w.org\/{rel}","templated":true}]}}