{"id":957,"date":"2023-09-18T10:12:05","date_gmt":"2023-09-18T10:12:05","guid":{"rendered":"https:\/\/portana.artkvisual.com\/?page_id=957"},"modified":"2024-01-03T16:19:27","modified_gmt":"2024-01-03T16:19:27","slug":"que-necesitas","status":"publish","type":"page","link":"https:\/\/www.portanaviajes.com\/en\/que-necesitas\/","title":{"rendered":"\u00bfQu\u00e9 necesitas?"},"content":{"rendered":"<div data-elementor-type=\"wp-page\" data-elementor-id=\"957\" class=\"elementor elementor-957\">\n\t\t\t\t\t\t<section class=\"elementor-section elementor-top-section elementor-element elementor-element-4d01c3e elementor-section-boxed elementor-section-height-default elementor-section-height-default\" data-id=\"4d01c3e\" data-element_type=\"section\" data-e-type=\"section\">\n\t\t\t\t\t\t<div class=\"elementor-container elementor-column-gap-default\">\n\t\t\t\t\t<div class=\"elementor-column elementor-col-50 elementor-top-column elementor-element elementor-element-e1afc4f\" data-id=\"e1afc4f\" data-element_type=\"column\" data-e-type=\"column\">\n\t\t\t<div class=\"elementor-widget-wrap elementor-element-populated\">\n\t\t\t\t\t\t<div class=\"elementor-element elementor-element-4b641bee elementor-widget elementor-widget-text-editor\" data-id=\"4b641bee\" data-element_type=\"widget\" data-e-type=\"widget\" data-settings=\"{&quot;_animation&quot;:&quot;none&quot;}\" data-widget_type=\"text-editor.default\">\n\t\t\t\t<div class=\"elementor-widget-container\">\n\t\t\t\t\t\t\t\t\t<p>Todos los recorridos se pueden realizar con coches todo terreno y motos de serie <strong>trail o maxitrail<\/strong>, siempre habr\u00e1 una alternativa de las zonas m\u00e1s t\u00e9cnicas.<\/p><p>\u200bSi quieres iniciarte en la navegaci\u00f3n con rut\u00f3metro puedes hacerlo con una aplicaci\u00f3n que visualiza archivos en pdf, descargandola en tu m\u00f3vil o tablet, te recomiendo\u00a0<strong>Roadbook Reader:<\/strong><\/p>\t\t\t\t\t\t\t\t<\/div>\n\t\t\t\t<\/div>\n\t\t\t\t<section class=\"elementor-section elementor-inner-section elementor-element elementor-element-49d6d56 elementor-section-boxed elementor-section-height-default elementor-section-height-default\" data-id=\"49d6d56\" data-element_type=\"section\" data-e-type=\"section\">\n\t\t\t\t\t\t<div class=\"elementor-container elementor-column-gap-default\">\n\t\t\t\t\t<div class=\"elementor-column elementor-col-50 elementor-inner-column elementor-element elementor-element-e5c2724\" data-id=\"e5c2724\" data-element_type=\"column\" data-e-type=\"column\">\n\t\t\t<div class=\"elementor-widget-wrap elementor-element-populated\">\n\t\t\t\t\t\t<div class=\"elementor-element elementor-element-272f12f elementor-widget elementor-widget-image\" data-id=\"272f12f\" data-element_type=\"widget\" data-e-type=\"widget\" data-widget_type=\"image.default\">\n\t\t\t\t<div class=\"elementor-widget-container\">\n\t\t\t\t\t\t\t\t\t\t\t\t\t\t\t\t<a href=\"https:\/\/play.google.com\/store\/apps\/details?id=com.rallynavigator.rallyroadbookreader&#038;rdid=com.rallynavigator.rallyroadbookreader\">\n\t\t\t\t\t\t\t<img fetchpriority=\"high\" decoding=\"async\" width=\"480\" height=\"143\" src=\"https:\/\/www.portanaviajes.com\/wp-content\/uploads\/2023\/09\/download-on-app-store.png\" class=\"attachment-large size-large wp-image-963\" alt=\"\" srcset=\"https:\/\/www.portanaviajes.com\/wp-content\/uploads\/2023\/09\/download-on-app-store.png 480w, https:\/\/www.portanaviajes.com\/wp-content\/uploads\/2023\/09\/download-on-app-store-300x89.png 300w, https:\/\/www.portanaviajes.com\/wp-content\/uploads\/2023\/09\/download-on-app-store-18x5.png 18w\" sizes=\"(max-width: 480px) 100vw, 480px\" \/>\t\t\t\t\t\t\t\t<\/a>\n\t\t\t\t\t\t\t\t\t\t\t\t\t\t\t<\/div>\n\t\t\t\t<\/div>\n\t\t\t\t\t<\/div>\n\t\t<\/div>\n\t\t\t\t<div class=\"elementor-column elementor-col-50 elementor-inner-column elementor-element elementor-element-81575f0\" data-id=\"81575f0\" data-element_type=\"column\" data-e-type=\"column\">\n\t\t\t<div class=\"elementor-widget-wrap elementor-element-populated\">\n\t\t\t\t\t\t<div class=\"elementor-element elementor-element-ee729c4 elementor-widget elementor-widget-image\" data-id=\"ee729c4\" data-element_type=\"widget\" data-e-type=\"widget\" data-widget_type=\"image.default\">\n\t\t\t\t<div class=\"elementor-widget-container\">\n\t\t\t\t\t\t\t\t\t\t\t\t\t\t\t\t<a href=\"https:\/\/apps.apple.com\/us\/app\/rally-roadbook-reader\/id1440988194\">\n\t\t\t\t\t\t\t<img decoding=\"async\" width=\"480\" height=\"143\" src=\"https:\/\/www.portanaviajes.com\/wp-content\/uploads\/2023\/09\/download-google-play.png\" class=\"attachment-large size-large wp-image-962\" alt=\"\" srcset=\"https:\/\/www.portanaviajes.com\/wp-content\/uploads\/2023\/09\/download-google-play.png 480w, https:\/\/www.portanaviajes.com\/wp-content\/uploads\/2023\/09\/download-google-play-300x89.png 300w, https:\/\/www.portanaviajes.com\/wp-content\/uploads\/2023\/09\/download-google-play-18x5.png 18w\" sizes=\"(max-width: 480px) 100vw, 480px\" \/>\t\t\t\t\t\t\t\t<\/a>\n\t\t\t\t\t\t\t\t\t\t\t\t\t\t\t<\/div>\n\t\t\t\t<\/div>\n\t\t\t\t\t<\/div>\n\t\t<\/div>\n\t\t\t\t\t<\/div>\n\t\t<\/section>\n\t\t\t\t<div class=\"elementor-element elementor-element-fd4e2be elementor-widget elementor-widget-text-editor\" data-id=\"fd4e2be\" data-element_type=\"widget\" data-e-type=\"widget\" data-settings=\"{&quot;_animation&quot;:&quot;none&quot;}\" data-widget_type=\"text-editor.default\">\n\t\t\t\t<div class=\"elementor-widget-container\">\n\t\t\t\t\t\t\t\t\t<p>Si s\u00f3lo quieres seguir el track, tienes aplicaciones para todos los gustos, que se pueden descargar en tu m\u00f3vil o tablet, las m\u00e1s utilizadas son:\u00a0<strong>Google Maps, Wikiloc, Oruxmaps,OsmAnd..\u200b<\/strong><\/p>\t\t\t\t\t\t\t\t<\/div>\n\t\t\t\t<\/div>\n\t\t\t\t<div class=\"elementor-element elementor-element-8e7b2a5 elementor-widget elementor-widget-travol-list-icon\" data-id=\"8e7b2a5\" data-element_type=\"widget\" data-e-type=\"widget\" data-widget_type=\"travol-list-icon.default\">\n\t\t\t\t<div class=\"elementor-widget-container\">\n\t\t\t\t\t\t\t\n         <div class=\"about\">\t\n         <ul class=\"list-unstyled about-list mb-30\">\t\n\t\t\t\t\t\t\t<li>\n                    \t\t\t\t\t<div class=\"about-list-icon\"> \n\t\t\t\t\t\t\t\t\t\t<span class=\"ti-check\"><\/span>\n\t\t\t\t\t\t\t\t\t\t<\/div>\n\t\t\t\t\t                    <div class=\"about-list-text\">\n                        <p>Si dispones de GPS, (garmin, twonav\u2026) compartiremos la ruta en formato GPX o KML para que puedas seguirla a trav\u00e9s de tu dispositivo.<\/p>\n                    <\/div>\n                <\/li>\n\t\t\t\t\t\t\t<li>\n                    \t\t\t\t\t<div class=\"about-list-icon\"> \n\t\t\t\t\t\t\t\t\t\t<span class=\"ti-check\"><\/span>\n\t\t\t\t\t\t\t\t\t\t<\/div>\n\t\t\t\t\t                    <div class=\"about-list-text\">\n                        <p>Equipaci\u00f3n adecuada para la pr\u00e1ctica de enduro, obligatorio casco, botas y guantes.\n\n<\/p>\n                    <\/div>\n                <\/li>\n\t\t\t\t\t\t\t<li>\n                    \t\t\t\t\t<div class=\"about-list-icon\"> \n\t\t\t\t\t\t\t\t\t\t<span class=\"ti-check\"><\/span>\n\t\t\t\t\t\t\t\t\t\t<\/div>\n\t\t\t\t\t                    <div class=\"about-list-text\">\n                        <p>Debes llevar m\u00ednimo 2 litros de agua.\n\n\n<\/p>\n                    <\/div>\n                <\/li>\n\t\t\t\t\t\t\t<li>\n                    \t\t\t\t\t<div class=\"about-list-icon\"> \n\t\t\t\t\t\t\t\t\t\t<span class=\"ti-check\"><\/span>\n\t\t\t\t\t\t\t\t\t\t<\/div>\n\t\t\t\t\t                    <div class=\"about-list-text\">\n                        <p>Peque\u00f1a bolsa de herramientas.\n\n<\/p>\n                    <\/div>\n                <\/li>\n\t\t\t\t\t\t\t<li>\n                    \t\t\t\t\t<div class=\"about-list-icon\"> \n\t\t\t\t\t\t\t\t\t\t<span class=\"ti-check\"><\/span>\n\t\t\t\t\t\t\t\t\t\t<\/div>\n\t\t\t\t\t                    <div class=\"about-list-text\">\n                        <p>Bolsa o mochila de avituallamiento.\n\n\n<\/p>\n                    <\/div>\n                <\/li>\n\t\t\t\t\t\n\t\t<\/ul>\n\t\t<\/div>\n\t\t\t\n        \t\t\t\t<\/div>\n\t\t\t\t<\/div>\n\t\t\t\t<div class=\"elementor-element elementor-element-56c53c8 elementor-widget__width-initial elementor-widget elementor-widget-text-editor\" data-id=\"56c53c8\" data-element_type=\"widget\" data-e-type=\"widget\" data-settings=\"{&quot;_animation&quot;:&quot;none&quot;}\" data-widget_type=\"text-editor.default\">\n\t\t\t\t<div class=\"elementor-widget-container\">\n\t\t\t\t\t\t\t\t\t<p class=\"font_8 wixui-rich-text__text\"><span class=\"wixui-rich-text__text\">Nuestras\u00a0rutas <strong>no son competitivas<\/strong>, os pedimos una\u00a0<strong>actitud colaborativa, de camarader\u00eda y de compa\u00f1erismo<\/strong>, en cualquier momento la organizaci\u00f3n se reserva el\u00a0<strong>derecho de admisi\u00f3n<\/strong>.\u00a0<\/span><\/p>\t\t\t\t\t\t\t\t<\/div>\n\t\t\t\t<\/div>\n\t\t\t\t\t<\/div>\n\t\t<\/div>\n\t\t\t\t<div class=\"elementor-column elementor-col-50 elementor-top-column elementor-element elementor-element-57579fc\" data-id=\"57579fc\" data-element_type=\"column\" data-e-type=\"column\">\n\t\t\t<div class=\"elementor-widget-wrap elementor-element-populated\">\n\t\t\t\t\t\t<div class=\"elementor-element elementor-element-e992721 elementor-widget elementor-widget-travol-image\" data-id=\"e992721\" data-element_type=\"widget\" data-e-type=\"widget\" data-widget_type=\"travol-image.default\">\n\t\t\t\t<div class=\"elementor-widget-container\">\n\t\t\t\t\t\t\t<div class=\"about\">\r\n\t\t\t<div class=\"img-exp\">\r\n\t\t\t\t<div class=\"about-img\">\r\n\t\t\t\t\t<div class=\"img\"> <img decoding=\"async\" src=\"https:\/\/www.portanaviajes.com\/wp-content\/uploads\/2024\/01\/RUTOMETRO-EL-ALMIREZ.jpg\" class=\"img-fluid\" alt=\"\"> <\/div>\r\n\t\t\t\t<\/div>\r\n\t\t\t\t\t\t\t\t<div id=\"circle\">\r\n\t\t\t\t\t<svg version=\"1.1\" xmlns=\"http:\/\/www.w3.org\/2000\/svg\" xmlns:xlink=\"http:\/\/www.w3.org\/1999\/xlink\" x=\"0px\" y=\"0px\" width=\"300px\" height=\"300px\" viewbox=\"0 0 300 300\" enable-background=\"new 0 0 300 300\" xml:space=\"preserve\">\r\n\t\t\t\t\t\t<defs>\r\n\t\t\t\t\t\t\t<path id=\"circlePath\" d=\" M 150, 150 m -60, 0 a 60,60 0 0,1 120,0 a 60,60 0 0,1 -120,0 \" \/>\r\n\t\t\t\t\t\t<\/defs>\r\n\t\t\t\t\t\t<circle cx=\"150\" cy=\"100\" r=\"75\" fill=\"none\" \/>\r\n\t\t\t\t\t\t\t<g>\r\n\t\t\t\t\t\t\t\t<use xlink:href=\"#circlePath\" fill=\"none\" \/>\r\n\t\t\t\t\t\t\t\t<text fill=\"#0f2454\">\r\n\t\t\t\t\t\t\t\t\t<textpath xlink:href=\"#circlePath\"> . RUTOMETRO RUTOMETRO . RUTOMETRO RUTOMETRO <\/textpath>\r\n\t\t\t\t\t\t\t\t<\/text>\r\n\t\t\t\t\t\t\t<\/g>\r\n\t\t\t\t\t<\/svg>\r\n\t\t\t\t<\/div>\r\n\t\t\t\t\t\t\t<\/div>\r\n        <\/div>\r\n\t\t\r\n\t\t\r\n        \t\t\t\t<\/div>\n\t\t\t\t<\/div>\n\t\t\t\t\t<\/div>\n\t\t<\/div>\n\t\t\t\t\t<\/div>\n\t\t<\/section>\n\t\t\t\t<\/div>","protected":false},"excerpt":{"rendered":"<p>Todos los recorridos se pueden realizar con coches todo terreno y motos de serie trail o maxitrail, siempre habr\u00e1 una alternativa de las zonas m\u00e1s t\u00e9cnicas. \u200bSi quieres iniciarte en la navegaci\u00f3n con rut\u00f3metro puedes hacerlo con una aplicaci\u00f3n que visualiza archivos en pdf,&#8230;<\/p>","protected":false},"author":2,"featured_media":0,"parent":0,"menu_order":0,"comment_status":"closed","ping_status":"closed","template":"","meta":{"footnotes":""},"class_list":["post-957","page","type-page","status-publish","hentry"],"meta_box":[],"_links":{"self":[{"href":"https:\/\/www.portanaviajes.com\/en\/wp-json\/wp\/v2\/pages\/957","targetHints":{"allow":["GET"]}}],"collection":[{"href":"https:\/\/www.portanaviajes.com\/en\/wp-json\/wp\/v2\/pages"}],"about":[{"href":"https:\/\/www.portanaviajes.com\/en\/wp-json\/wp\/v2\/types\/page"}],"author":[{"embeddable":true,"href":"https:\/\/www.portanaviajes.com\/en\/wp-json\/wp\/v2\/users\/2"}],"replies":[{"embeddable":true,"href":"https:\/\/www.portanaviajes.com\/en\/wp-json\/wp\/v2\/comments?post=957"}],"version-history":[{"count":48,"href":"https:\/\/www.portanaviajes.com\/en\/wp-json\/wp\/v2\/pages\/957\/revisions"}],"predecessor-version":[{"id":3441,"href":"https:\/\/www.portanaviajes.com\/en\/wp-json\/wp\/v2\/pages\/957\/revisions\/3441"}],"wp:attachment":[{"href":"https:\/\/www.portanaviajes.com\/en\/wp-json\/wp\/v2\/media?parent=957"}],"curies":[{"name":"wp","href":"https:\/\/api.w.org\/{rel}","templated":true}]}}