{"id":986,"date":"2023-09-19T06:32:25","date_gmt":"2023-09-19T06:32:25","guid":{"rendered":"https:\/\/portana.artkvisual.com\/?page_id=986"},"modified":"2024-06-07T10:00:49","modified_gmt":"2024-06-07T10:00:49","slug":"coportamiento-responsable","status":"publish","type":"page","link":"https:\/\/www.portanaviajes.com\/en\/coportamiento-responsable\/","title":{"rendered":"COMPORTAMIENTO RESPONSABLE"},"content":{"rendered":"<div data-elementor-type=\"wp-page\" data-elementor-id=\"986\" class=\"elementor elementor-986\">\n\t\t\t\t\t\t<section class=\"elementor-section elementor-top-section elementor-element elementor-element-4d01c3e elementor-section-boxed elementor-section-height-default elementor-section-height-default\" data-id=\"4d01c3e\" data-element_type=\"section\" data-e-type=\"section\">\n\t\t\t\t\t\t<div class=\"elementor-container elementor-column-gap-default\">\n\t\t\t\t\t<div class=\"elementor-column elementor-col-100 elementor-top-column elementor-element elementor-element-e1afc4f\" data-id=\"e1afc4f\" data-element_type=\"column\" data-e-type=\"column\">\n\t\t\t<div class=\"elementor-widget-wrap elementor-element-populated\">\n\t\t\t\t\t\t<div class=\"elementor-element elementor-element-f43eda4 elementor-widget elementor-widget-heading\" data-id=\"f43eda4\" data-element_type=\"widget\" data-e-type=\"widget\" data-widget_type=\"heading.default\">\n\t\t\t\t<div class=\"elementor-widget-container\">\n\t\t\t\t\t<h2 class=\"elementor-heading-title elementor-size-default\">CONDICIONADO PARA LA REALIZACI\u00d3N DE LA ACTIVIDAD EN TODO TIPO DE V\u00cdAS, INCLUSO DURANTE EL PERIODO DE ALTO RIESGO DE INCENDIOS PLAN INFOCA del 1 de junio al 15 de octubre<\/h2>\t\t\t\t<\/div>\n\t\t\t\t<\/div>\n\t\t\t\t<div class=\"elementor-element elementor-element-8e7b2a5 elementor-widget elementor-widget-travol-list-icon\" data-id=\"8e7b2a5\" data-element_type=\"widget\" data-e-type=\"widget\" data-widget_type=\"travol-list-icon.default\">\n\t\t\t\t<div class=\"elementor-widget-container\">\n\t\t\t\t\t\t\t\n         <div class=\"about\">\t\n         <ul class=\"list-unstyled about-list mb-30\">\t\n\t\t\t\t\t\t\t<li>\n                    \t\t\t\t\t<div class=\"about-list-icon\"> \n\t\t\t\t\t\t\t\t\t\t<i aria-hidden=\"true\" class=\"ti-check\"><\/i> \n\t\t\t\t\t\t\t\t\t\t<\/div>\n\t\t\t\t\t                    <div class=\"about-list-text\">\n                        <p>Conducir en regla con la legislaci\u00f3n vigente (carnet, seguro obligatorio, espejos, intermitentes\u2026.)<\/p>\n                    <\/div>\n                <\/li>\n\t\t\t\t\t\t\t<li>\n                    \t\t\t\t\t<div class=\"about-list-icon\"> \n\t\t\t\t\t\t\t\t\t\t<i aria-hidden=\"true\" class=\"ti-check\"><\/i> \n\t\t\t\t\t\t\t\t\t\t<\/div>\n\t\t\t\t\t                    <div class=\"about-list-text\">\n                        <p>No obligatorio pero si recomendable llevar asistencia en viaje para el veh\u00edculo.<\/p>\n                    <\/div>\n                <\/li>\n\t\t\t\t\t\t\t<li>\n                    \t\t\t\t\t<div class=\"about-list-icon\"> \n\t\t\t\t\t\t\t\t\t\t<i aria-hidden=\"true\" class=\"ti-check\"><\/i> \n\t\t\t\t\t\t\t\t\t\t<\/div>\n\t\t\t\t\t                    <div class=\"about-list-text\">\n                        <p>Respetar la preferencia de peatones, animales y ganado.<\/p>\n                    <\/div>\n                <\/li>\n\t\t\t\t\t\t\t<li>\n                    \t\t\t\t\t<div class=\"about-list-icon\"> \n\t\t\t\t\t\t\t\t\t\t<i aria-hidden=\"true\" class=\"ti-check\"><\/i> \n\t\t\t\t\t\t\t\t\t\t<\/div>\n\t\t\t\t\t                    <div class=\"about-list-text\">\n                        <p>Respetar la normativa auton\u00f3mica y local, prohibido la circulaci\u00f3n campo a trav\u00e9s, respetando la propiedad privada.<\/p>\n                    <\/div>\n                <\/li>\n\t\t\t\t\t\t\t<li>\n                    \t\t\t\t\t<div class=\"about-list-icon\"> \n\t\t\t\t\t\t\t\t\t\t<span class=\"ti-check\"><\/span>\n\t\t\t\t\t\t\t\t\t\t<\/div>\n\t\t\t\t\t                    <div class=\"about-list-text\">\n                        <p>El recorrido ser\u00e1 exclusivamente por pistas forestales de libre tr\u00e1nsito dentro de los espacios protegidos evitando aglomeraciones.<\/p>\n                    <\/div>\n                <\/li>\n\t\t\t\t\t\t\t<li>\n                    \t\t\t\t\t<div class=\"about-list-icon\"> \n\t\t\t\t\t\t\t\t\t\t<span class=\"ti-check\"><\/span>\n\t\t\t\t\t\t\t\t\t\t<\/div>\n\t\t\t\t\t                    <div class=\"about-list-text\">\n                        <p>En las pistas forestales circular\u00e1 separado por una distancia de 200 m. (para evitar molestias y polvo) y a una velocidad m\u00e1xima de 30 Km\/h dentro del parque natural.\n\n\n<\/p>\n                    <\/div>\n                <\/li>\n\t\t\t\t\t\t\t<li>\n                    \t\t\t\t\t<div class=\"about-list-icon\"> \n\t\t\t\t\t\t\t\t\t\t<span class=\"ti-check\"><\/span>\n\t\t\t\t\t\t\t\t\t\t<\/div>\n\t\t\t\t\t                    <div class=\"about-list-text\">\n                        <p>Prohibido circular a velocidad superior a 50 Km\/h en v\u00edas libres de circulaci\u00f3n y de 40 Km\/h por pistas y caminos en montes p\u00fablicos.\n\n\n\n<\/p>\n                    <\/div>\n                <\/li>\n\t\t\t\t\t\t\t<li>\n                    \t\t\t\t\t<div class=\"about-list-icon\"> \n\t\t\t\t\t\t\t\t\t\t<span class=\"ti-check\"><\/span>\n\t\t\t\t\t\t\t\t\t\t<\/div>\n\t\t\t\t\t                    <div class=\"about-list-text\">\n                        <p>Prohibido circular molestando intencionadamente o persiguiendo la fauna.\n\n\n<\/p>\n                    <\/div>\n                <\/li>\n\t\t\t\t\t\t\t<li>\n                    \t\t\t\t\t<div class=\"about-list-icon\"> \n\t\t\t\t\t\t\t\t\t\t<i aria-hidden=\"true\" class=\"ti-check\"><\/i> \n\t\t\t\t\t\t\t\t\t\t<\/div>\n\t\t\t\t\t                    <div class=\"about-list-text\">\n                        <p>Los veh\u00edculos deber\u00e1n llevar un extintor para paliar posibles incidencias sobre los terrenos circundantes derivadas de la combusti\u00f3n del motor.<\/p>\n                    <\/div>\n                <\/li>\n\t\t\t\t\t\t\t<li>\n                    \t\t\t\t\t<div class=\"about-list-icon\"> \n\t\t\t\t\t\t\t\t\t\t<span class=\"ti-check\"><\/span>\n\t\t\t\t\t\t\t\t\t\t<\/div>\n\t\t\t\t\t                    <div class=\"about-list-text\">\n                        <p>Prohibido hacer uso de altavoces o claxon salvo por motivos de seguridad vial o razones de fuerza mayor.\n\n<\/p>\n                    <\/div>\n                <\/li>\n\t\t\t\t\t\t\t<li>\n                    \t\t\t\t\t<div class=\"about-list-icon\"> \n\t\t\t\t\t\t\t\t\t\t<span class=\"ti-check\"><\/span>\n\t\t\t\t\t\t\t\t\t\t<\/div>\n\t\t\t\t\t                    <div class=\"about-list-text\">\n                        <p>Prohibido hacer uso de focos luminosos diferentes a los permitidos por la legislaci\u00f3n de tr\u00e1fico para cada tipo de veh\u00edculo.\n\n<\/p>\n                    <\/div>\n                <\/li>\n\t\t\t\t\t\t\t<li>\n                    \t\t\t\t\t<div class=\"about-list-icon\"> \n\t\t\t\t\t\t\t\t\t\t<span class=\"ti-check\"><\/span>\n\t\t\t\t\t\t\t\t\t\t<\/div>\n\t\t\t\t\t                    <div class=\"about-list-text\">\n                        <p>Prohibido arrojar desde los veh\u00edculos cualquier tipo de residuo o contaminante al medio natural, as\u00ed como cerillas, colillas, cigarros u otros objetos en combusti\u00f3n.\n\n<\/p>\n                    <\/div>\n                <\/li>\n\t\t\t\t\t\t\t<li>\n                    \t\t\t\t\t<div class=\"about-list-icon\"> \n\t\t\t\t\t\t\t\t\t\t<span class=\"ti-check\"><\/span>\n\t\t\t\t\t\t\t\t\t\t<\/div>\n\t\t\t\t\t                    <div class=\"about-list-text\">\n                        <p>Prohibido atropellar o colisionar con animales de forma intencionada.\n\n<\/p>\n                    <\/div>\n                <\/li>\n\t\t\t\t\t\t\t<li>\n                    \t\t\t\t\t<div class=\"about-list-icon\"> \n\t\t\t\t\t\t\t\t\t\t<span class=\"ti-check\"><\/span>\n\t\t\t\t\t\t\t\t\t\t<\/div>\n\t\t\t\t\t                    <div class=\"about-list-text\">\n                        <p>Prohibido verter aceites u otros residuos l\u00edquidos procedentes del veh\u00edculo.\n\n\n<\/p>\n                    <\/div>\n                <\/li>\n\t\t\t\t\t\t\t<li>\n                    \t\t\t\t\t<div class=\"about-list-icon\"> \n\t\t\t\t\t\t\t\t\t\t<span class=\"ti-check\"><\/span>\n\t\t\t\t\t\t\t\t\t\t<\/div>\n\t\t\t\t\t                    <div class=\"about-list-text\">\n                        <p>No producir alteraciones de los procesos y funcionamiento natural de los ecosistemas y de los patrones de comportamiento de los seres vivos.\n\n<\/p>\n                    <\/div>\n                <\/li>\n\t\t\t\t\t\t\t<li>\n                    \t\t\t\t\t<div class=\"about-list-icon\"> \n\t\t\t\t\t\t\t\t\t\t<span class=\"ti-check\"><\/span>\n\t\t\t\t\t\t\t\t\t\t<\/div>\n\t\t\t\t\t                    <div class=\"about-list-text\">\n                        <p>El viajero ser\u00e1 responsable en todo momento del incumplimiento o circunstancia adversa que se pudiera derivar sobre el medio ambiente y se har\u00e1 responsable de la correcci\u00f3n y restauraci\u00f3n de los posibles impactos negativos resultantes de la realizaci\u00f3n de la actividad, debiendo informar, si los hubiere a la organizaci\u00f3n de Portana Viajes.\n\n\n<\/p>\n                    <\/div>\n                <\/li>\n\t\t\t\t\t\t\t<li>\n                    \t\t\t\t\t<div class=\"about-list-icon\"> \n\t\t\t\t\t\t\t\t\t\t<span class=\"ti-check\"><\/span>\n\t\t\t\t\t\t\t\t\t\t<\/div>\n\t\t\t\t\t                    <div class=\"about-list-text\">\n                        <p>Se deber\u00e1n atender en todo momento las indicaciones de los Agentes de la Autoridad de los Espacios Naturales para facilitar sobre el terreno el cumplimiento de los objetivos de los Espacios Protegidos y la legislaci\u00f3n ambiental vigente.\n\n<\/p>\n                    <\/div>\n                <\/li>\n\t\t\t\t\t\t\t<li>\n                    \t\t\t\t\t<div class=\"about-list-icon\"> \n\t\t\t\t\t\t\t\t\t\t<i aria-hidden=\"true\" class=\"ti-check\"><\/i> \n\t\t\t\t\t\t\t\t\t\t<\/div>\n\t\t\t\t\t                    <div class=\"about-list-text\">\n                        <p>Deja todo como lo encuentras, recoge la basura, residuos y denuncia actos delictivos.<\/p>\n                    <\/div>\n                <\/li>\n\t\t\t\t\t\n\t\t<\/ul>\n\t\t<\/div>\n\t\t\t\n        \t\t\t\t<\/div>\n\t\t\t\t<\/div>\n\t\t\t\t\t<\/div>\n\t\t<\/div>\n\t\t\t\t\t<\/div>\n\t\t<\/section>\n\t\t\t\t<section class=\"elementor-section elementor-top-section elementor-element elementor-element-541b9c9 elementor-section-boxed elementor-section-height-default elementor-section-height-default\" data-id=\"541b9c9\" data-element_type=\"section\" data-e-type=\"section\">\n\t\t\t\t\t\t<div class=\"elementor-container elementor-column-gap-default\">\n\t\t\t\t\t<div class=\"elementor-column elementor-col-100 elementor-top-column elementor-element elementor-element-9902994\" data-id=\"9902994\" data-element_type=\"column\" data-e-type=\"column\">\n\t\t\t<div class=\"elementor-widget-wrap elementor-element-populated\">\n\t\t\t\t\t\t<div class=\"elementor-element elementor-element-a9f38fb elementor-widget elementor-widget-heading\" data-id=\"a9f38fb\" data-element_type=\"widget\" data-e-type=\"widget\" data-widget_type=\"heading.default\">\n\t\t\t\t<div class=\"elementor-widget-container\">\n\t\t\t\t\t<h2 class=\"elementor-heading-title elementor-size-default\">S\u00d3LO DE NUESTRAS ACTUACIONES DEPENDER\u00c1 PODER SEGUIR DISFRUTANDO DE UN ACTIVIDAD QUE TANTO NOS APASIONA Y AMAMOS, PORTANA COMO AGENCIA DE VIAJES Y TURISMO ACTIVO CUMPLE CON TODOS LOS REQUISITOS LEGALES, POR FAVOR CUMPLE CON TU RESPONSABILIDAD COMO PARTICIPANTE.<\/h2>\t\t\t\t<\/div>\n\t\t\t\t<\/div>\n\t\t\t\t\t<\/div>\n\t\t<\/div>\n\t\t\t\t\t<\/div>\n\t\t<\/section>\n\t\t\t\t<section class=\"elementor-section elementor-top-section elementor-element elementor-element-c760d39 elementor-section-boxed elementor-section-height-default elementor-section-height-default\" data-id=\"c760d39\" data-element_type=\"section\" data-e-type=\"section\">\n\t\t\t\t\t\t<div class=\"elementor-container elementor-column-gap-default\">\n\t\t\t\t\t<div class=\"elementor-column elementor-col-100 elementor-top-column elementor-element elementor-element-8ab5262\" data-id=\"8ab5262\" data-element_type=\"column\" data-e-type=\"column\">\n\t\t\t<div class=\"elementor-widget-wrap elementor-element-populated\">\n\t\t\t\t\t\t<div class=\"elementor-element elementor-element-390b2e2 elementor-widget elementor-widget-spacer\" data-id=\"390b2e2\" data-element_type=\"widget\" data-e-type=\"widget\" data-widget_type=\"spacer.default\">\n\t\t\t\t<div class=\"elementor-widget-container\">\n\t\t\t\t\t\t\t<div class=\"elementor-spacer\">\n\t\t\t<div class=\"elementor-spacer-inner\"><\/div>\n\t\t<\/div>\n\t\t\t\t\t\t<\/div>\n\t\t\t\t<\/div>\n\t\t\t\t\t<\/div>\n\t\t<\/div>\n\t\t\t\t\t<\/div>\n\t\t<\/section>\n\t\t\t\t<\/div>","protected":false},"excerpt":{"rendered":"<p>CONDICIONADO PARA LA REALIZACI\u00d3N DE LA ACTIVIDAD EN TODO TIPO DE V\u00cdAS, INCLUSO DURANTE EL PERIODO DE ALTO RIESGO DE INCENDIOS PLAN INFOCA del 1 de junio al 15 de octubre Conducir en regla con la legislaci\u00f3n vigente (carnet, seguro obligatorio, espejos, intermitentes\u2026.) No&#8230;<\/p>","protected":false},"author":2,"featured_media":0,"parent":0,"menu_order":0,"comment_status":"closed","ping_status":"closed","template":"","meta":{"footnotes":""},"class_list":["post-986","page","type-page","status-publish","hentry"],"meta_box":[],"_links":{"self":[{"href":"https:\/\/www.portanaviajes.com\/en\/wp-json\/wp\/v2\/pages\/986","targetHints":{"allow":["GET"]}}],"collection":[{"href":"https:\/\/www.portanaviajes.com\/en\/wp-json\/wp\/v2\/pages"}],"about":[{"href":"https:\/\/www.portanaviajes.com\/en\/wp-json\/wp\/v2\/types\/page"}],"author":[{"embeddable":true,"href":"https:\/\/www.portanaviajes.com\/en\/wp-json\/wp\/v2\/users\/2"}],"replies":[{"embeddable":true,"href":"https:\/\/www.portanaviajes.com\/en\/wp-json\/wp\/v2\/comments?post=986"}],"version-history":[{"count":42,"href":"https:\/\/www.portanaviajes.com\/en\/wp-json\/wp\/v2\/pages\/986\/revisions"}],"predecessor-version":[{"id":4653,"href":"https:\/\/www.portanaviajes.com\/en\/wp-json\/wp\/v2\/pages\/986\/revisions\/4653"}],"wp:attachment":[{"href":"https:\/\/www.portanaviajes.com\/en\/wp-json\/wp\/v2\/media?parent=986"}],"curies":[{"name":"wp","href":"https:\/\/api.w.org\/{rel}","templated":true}]}}