{"id":998,"date":"2023-09-19T06:41:22","date_gmt":"2023-09-19T06:41:22","guid":{"rendered":"https:\/\/portana.artkvisual.com\/?page_id=998"},"modified":"2026-03-23T15:26:15","modified_gmt":"2026-03-23T15:26:15","slug":"que-es-portana","status":"publish","type":"page","link":"https:\/\/www.portanaviajes.com\/en\/que-es-portana\/","title":{"rendered":"\u00bfQu\u00e9 es portana?"},"content":{"rendered":"\t\t<div data-elementor-type=\"wp-page\" data-elementor-id=\"998\" class=\"elementor elementor-998\">\n\t\t\t\t\t\t<section class=\"elementor-section elementor-top-section elementor-element elementor-element-3b9c4928 elementor-section-boxed elementor-section-height-default elementor-section-height-default\" data-id=\"3b9c4928\" data-element_type=\"section\" data-e-type=\"section\" data-settings=\"{&quot;background_background&quot;:&quot;classic&quot;}\">\n\t\t\t\t\t\t<div class=\"elementor-container elementor-column-gap-narrow\">\n\t\t\t\t\t<div class=\"elementor-column elementor-col-100 elementor-top-column elementor-element elementor-element-2895e317\" data-id=\"2895e317\" data-element_type=\"column\" data-e-type=\"column\">\n\t\t\t<div class=\"elementor-widget-wrap elementor-element-populated\">\n\t\t\t\t\t\t<div class=\"elementor-section elementor-inner-section elementor-element elementor-element-689fa4f7 elementor-section-full_width elementor-section-height-default elementor-section-height-default\" data-id=\"689fa4f7\" data-element_type=\"section\" data-e-type=\"section\">\n\t\t\t\t\t\t<div class=\"elementor-container elementor-column-gap-default\">\n\t\t\t\t\t<div class=\"elementor-column elementor-col-100 elementor-inner-column elementor-element elementor-element-de22d15\" data-id=\"de22d15\" data-element_type=\"column\" data-e-type=\"column\" data-settings=\"{&quot;animation&quot;:&quot;none&quot;}\">\n\t\t\t<div class=\"elementor-widget-wrap elementor-element-populated\">\n\t\t\t\t\t\t<div class=\"elementor-element elementor-element-5e69a5c elementor-widget elementor-widget-heading\" data-id=\"5e69a5c\" data-element_type=\"widget\" data-e-type=\"widget\" data-widget_type=\"heading.default\">\n\t\t\t\t<div class=\"elementor-widget-container\">\n\t\t\t\t\t<h2 class=\"elementor-heading-title elementor-size-default\"><i>\"NO HE IDO A\u00daN A TODAS PARTES, \nPERO EST\u00c1 EN MI LISTA\"<\/i><\/h2>\t\t\t\t<\/div>\n\t\t\t\t<\/div>\n\t\t\t\t<div class=\"elementor-element elementor-element-138e190 elementor-widget elementor-widget-spacer\" data-id=\"138e190\" data-element_type=\"widget\" data-e-type=\"widget\" data-widget_type=\"spacer.default\">\n\t\t\t\t<div class=\"elementor-widget-container\">\n\t\t\t\t\t\t\t<div class=\"elementor-spacer\">\n\t\t\t<div class=\"elementor-spacer-inner\"><\/div>\n\t\t<\/div>\n\t\t\t\t\t\t<\/div>\n\t\t\t\t<\/div>\n\t\t\t\t<div class=\"elementor-element elementor-element-d25f0bd elementor-widget elementor-widget-text-editor\" data-id=\"d25f0bd\" data-element_type=\"widget\" data-e-type=\"widget\" data-widget_type=\"text-editor.default\">\n\t\t\t\t<div class=\"elementor-widget-container\">\n\t\t\t\t\t\t\t\t\t<p style=\"text-align: center;\"><span style=\"color: #000000;\">Susana Sontag<\/span><\/p>\t\t\t\t\t\t\t\t<\/div>\n\t\t\t\t<\/div>\n\t\t\t\t<div class=\"elementor-element elementor-element-a067cd5 elementor-widget elementor-widget-spacer\" data-id=\"a067cd5\" data-element_type=\"widget\" data-e-type=\"widget\" data-widget_type=\"spacer.default\">\n\t\t\t\t<div class=\"elementor-widget-container\">\n\t\t\t\t\t\t\t<div class=\"elementor-spacer\">\n\t\t\t<div class=\"elementor-spacer-inner\"><\/div>\n\t\t<\/div>\n\t\t\t\t\t\t<\/div>\n\t\t\t\t<\/div>\n\t\t\t\t<div class=\"elementor-element elementor-element-4b641bee elementor-widget elementor-widget-text-editor\" data-id=\"4b641bee\" data-element_type=\"widget\" data-e-type=\"widget\" data-settings=\"{&quot;_animation&quot;:&quot;none&quot;}\" data-widget_type=\"text-editor.default\">\n\t\t\t\t<div class=\"elementor-widget-container\">\n\t\t\t\t\t\t\t\t\t<h3 style=\"text-align: justify;\">AGENCIA DE VIAJES Y TURISMO ACTIVO PORTANA<\/h3><h4 style=\"text-align: justify;\"><em>&#8220;Es tiempo de aventuras&#8221;<\/em><\/h4><h4 style=\"text-align: justify;\">Nuestros viajes son \u00fanicos y exclusivos, creados y desarrollados por nosotros, contando con la infraestructura necesaria para conseguir sorprender, disfrutar y hacer realidad sue\u00f1os, con especial atenci\u00f3n a la seguridad y respeto por la naturaleza.<\/h4><div>\u00a0<\/div><h3>Actividad:<\/h3><p class=\"font_8 wixui-rich-text__text\" style=\"text-align: justify;\"><span class=\"wixui-rich-text__text\">Portana es una\u00a0agencia de viajes minorista y de turismo activo\u00a0especializada, productora y comercializadora de sus propios viajes, nuestra intenci\u00f3n es despertar el inter\u00e9s de personas de cualquier parte del mundo que quieran conocer\u00a0Andaluc\u00eda, Portugal y el Norte de \u00c1frica\u00a0desde una visi\u00f3n diferente, ya sea de forma individual, grupal o en familia.<\/span><\/p><p>\u00a0<\/p><h3 style=\"text-align: justify;\">A qui\u00e9nes va dirigido:<\/h3><p class=\"font_8 wixui-rich-text__text\" style=\"text-align: justify;\"><span class=\"wixui-rich-text__text\">Viajeros que quieran disfrutar de\u00a0aventura, tradici\u00f3n, cultura, gastronom\u00eda\u00a0en un entorno personalizado, activo y sostenible.<\/span><\/p><p>\u00a0<\/p><h3 style=\"text-align: justify;\">Propuesta de valor:<\/h3><p class=\"font_8 wixui-rich-text__text\" style=\"text-align: justify;\"><span class=\"wixui-rich-text__text\">Generalmente, el viajero aventurero busca vivir experiencias inolvidables que despu\u00e9s pueda compartir con su familia y\/o amistades. Nosotros creamos viajes que re\u00fanan\u00a0sensaciones de competici\u00f3n pero sin el ritmo de las carreras,\u00a0activos\u00a0pero con momentos para la relajaci\u00f3n y el placer,\u00a0participativos\u00a0entre toda los miembros de una familia y que se animen a superar retos de forma conjunta, conocer la\u00a0cultura\u00a0y tradiciones locales, saboreando su\u00a0gastronom\u00eda, visitando bodegas y disfrutando de sus caldos, jugando y participando en actividades de turismo activo, conjugar aventura, juegos y placer seleccionando los mejores proveedores locales. Adem\u00e1s todo recogido en una pel\u00edcula que visualice desde su origen hasta la finalizaci\u00f3n del viaje, con comentarios, entrevistas y recuerdos de cada rinc\u00f3n que visitemos.<\/span><\/p>\t\t\t\t\t\t\t\t<\/div>\n\t\t\t\t<\/div>\n\t\t\t\t\t<\/div>\n\t\t<\/div>\n\t\t\t\t\t<\/div>\n\t\t<\/div>\n\t\t\t\t\t<\/div>\n\t\t<\/div>\n\t\t\t\t\t<\/div>\n\t\t<\/section>\n\t\t\t\t<section class=\"elementor-section elementor-top-section elementor-element elementor-element-122eb38 elementor-section-full_width elementor-section-height-default elementor-section-height-default\" data-id=\"122eb38\" data-element_type=\"section\" data-e-type=\"section\">\n\t\t\t\t\t\t<div class=\"elementor-container elementor-column-gap-default\">\n\t\t\t\t\t<div class=\"elementor-column elementor-col-100 elementor-top-column elementor-element elementor-element-080a233\" data-id=\"080a233\" data-element_type=\"column\" data-e-type=\"column\">\n\t\t\t<div class=\"elementor-widget-wrap elementor-element-populated\">\n\t\t\t\t\t\t<div class=\"elementor-element elementor-element-6d11ec3 elementor-widget elementor-widget-text-editor\" data-id=\"6d11ec3\" data-element_type=\"widget\" data-e-type=\"widget\" data-widget_type=\"text-editor.default\">\n\t\t\t\t<div class=\"elementor-widget-container\">\n\t\t\t\t\t\t\t\t\t<p><div  id=\"jtg-1010\" class=\"modula modula-gallery modula-custom-grid\" data-config=\"{&quot;height&quot;:0,&quot;tabletHeight&quot;:0,&quot;mobileHeight&quot;:0,&quot;desktopHeight&quot;:0,&quot;enableTwitter&quot;:false,&quot;enableWhatsapp&quot;:false,&quot;enableFacebook&quot;:false,&quot;enablePinterest&quot;:false,&quot;enableLinkedin&quot;:false,&quot;enableEmail&quot;:false,&quot;randomFactor&quot;:0,&quot;type&quot;:&quot;custom-grid&quot;,&quot;columns&quot;:12,&quot;gutter&quot;:0,&quot;mobileGutter&quot;:0,&quot;tabletGutter&quot;:0,&quot;desktopGutter&quot;:0,&quot;enableResponsive&quot;:&quot;0&quot;,&quot;tabletColumns&quot;:&quot;2&quot;,&quot;mobileColumns&quot;:&quot;1&quot;,&quot;lazyLoad&quot;:0,&quot;lightboxOpts&quot;:{&quot;animated&quot;:true,&quot;Thumbs&quot;:{&quot;type&quot;:&quot;modern&quot;,&quot;showOnStart&quot;:false},&quot;Toolbar&quot;:{&quot;display&quot;:{&quot;right&quot;:[&quot;close&quot;]},&quot;enabled&quot;:true},&quot;Carousel&quot;:{&quot;Panzoom&quot;:{&quot;touch&quot;:true},&quot;infinite&quot;:false},&quot;keyboard&quot;:{&quot;Escape&quot;:&quot;close&quot;,&quot;Delete&quot;:&quot;close&quot;,&quot;Backspace&quot;:&quot;close&quot;,&quot;PageUp&quot;:false,&quot;PageDown&quot;:false,&quot;ArrowUp&quot;:false,&quot;ArrowDown&quot;:false,&quot;ArrowRight&quot;:false,&quot;ArrowLeft&quot;:false},&quot;touch&quot;:false,&quot;backdropClick&quot;:false,&quot;l10n&quot;:{&quot;CLOSE&quot;:&quot;Close&quot;,&quot;NEXT&quot;:&quot;Next&quot;,&quot;PREV&quot;:&quot;Previous&quot;,&quot;Error&quot;:&quot;The requested content cannot be loaded. Please try again later.&quot;,&quot;PLAY_START&quot;:&quot;Start slideshow&quot;,&quot;PLAY_STOP&quot;:&quot;Pause slideshow&quot;,&quot;FULL_SCREEN&quot;:&quot;Full screen&quot;,&quot;THUMBS&quot;:&quot;Thumbnails&quot;,&quot;DOWNLOAD&quot;:&quot;Download&quot;,&quot;SHARE&quot;:&quot;Share&quot;,&quot;ZOOM&quot;:&quot;Zoom&quot;,&quot;EMAIL&quot;:&quot;Here is the link to the image : %%image_link%% and this is the link to the gallery : %%gallery_link%%&quot;,&quot;MODAL&quot;:&quot;You can close this modal content with the ESC key&quot;,&quot;ERROR&quot;:&quot;Something Went Wrong, Please Try Again Later&quot;,&quot;IMAGE_ERROR&quot;:&quot;Image Not Found&quot;,&quot;ELEMENT_NOT_FOUND&quot;:&quot;HTML Element Not Found&quot;,&quot;AJAX_NOT_FOUND&quot;:&quot;Error Loading AJAX : Not Found&quot;,&quot;AJAX_FORBIDDEN&quot;:&quot;Error Loading AJAX : Forbidden&quot;,&quot;IFRAME_ERROR&quot;:&quot;Error Loading Page&quot;,&quot;TOGGLE_ZOOM&quot;:&quot;Toggle zoom level&quot;,&quot;TOGGLE_THUMBS&quot;:&quot;Toggle thumbnails&quot;,&quot;TOGGLE_SLIDESHOW&quot;:&quot;Toggle slideshow&quot;,&quot;TOGGLE_FULLSCREEN&quot;:&quot;Toggle full-screen mode&quot;},&quot;Images&quot;:{&quot;Panzoom&quot;:{&quot;maxScale&quot;:2}},&quot;mainClass&quot;:&quot;modula-fancybox-container modula-lightbox-jtg-1010&quot;,&quot;Html&quot;:{&quot;videoAutoplay&quot;:0,&quot;videoTpl&quot;:&quot;&lt;video class=\\&quot;fancybox__html5video\\&quot; controls muted playsinline controlsList controlsList=\\&quot;nodownload\\&quot; poster=\\&quot;{{poster}}\\&quot; src=\\&quot;{{src}}\\&quot; type=\\&quot;{{format}}\\&quot; &gt;  Sorry, your browser doesn&#039;t support embedded videos, &lt;a href=\\&quot;{{src}}\\&quot;&gt; download &lt;\\\/a&gt; and watch with your favorite video player! &lt;\\\/video&gt;&quot;}},&quot;inView&quot;:false,&quot;email_subject&quot;:&quot;Check out this awesome image !!&quot;,&quot;email_message&quot;:&quot;Here is the link to the image : %%image_link%% and this is the link to the gallery : %%gallery_link%%&quot;,&quot;lightbox&quot;:&quot;fancybox&quot;}\">\n\n\t\n\t<div  class=\"modula-items\">\n\t\t<div class=\"modula-item\" data-width=\"3\" data-height=\"3\" >\n\t<div class=\"modula-item-content\">\n\t\t\n\t\t\t\t\t<a data-image-id=\"4261\" role=\"button\" data-elementor-open-lightbox=\"no\" tabindex=\"0\" rel=\"jtg-1010\" data-caption=\"R\u00cdO DE ARENA\" aria-label=\"Open image in lightbox\" class=\"tile-inner modula-item-link\"><\/a>\n\t\t\n\t\t<img fetchpriority=\"high\" decoding=\"async\" class=\"pic wp-image-4261\"  data-valign=\"middle\" data-halign=\"center\" alt=\"Yamaha enterrada en la arena del desierto\" data-full=\"https:\/\/www.portanaviajes.com\/wp-content\/uploads\/2024\/03\/MD-87.jpg\" title=\"YAMAHA WORLD RAID\" crop=\"\" width=\"1200\" height=\"1252\" src=\"https:\/\/www.portanaviajes.com\/wp-content\/uploads\/2024\/03\/MD-87.jpg\" data-src=\"https:\/\/www.portanaviajes.com\/wp-content\/uploads\/2024\/03\/MD-87.jpg\" data-caption=\"R\u00cdO DE ARENA\" srcset=\"https:\/\/www.portanaviajes.com\/wp-content\/uploads\/2024\/03\/MD-87.jpg 1200w, https:\/\/www.portanaviajes.com\/wp-content\/uploads\/2024\/03\/MD-87-288x300.jpg 288w, https:\/\/www.portanaviajes.com\/wp-content\/uploads\/2024\/03\/MD-87-981x1024.jpg 981w, https:\/\/www.portanaviajes.com\/wp-content\/uploads\/2024\/03\/MD-87-768x801.jpg 768w, https:\/\/www.portanaviajes.com\/wp-content\/uploads\/2024\/03\/MD-87-12x12.jpg 12w\" sizes=\"(max-width: 1200px) 100vw, 1200px\" \/>\n\t<\/div>\n\n<\/div><div class=\"modula-item\" data-width=\"3\" data-height=\"3\" >\n\t<div class=\"modula-item-content\">\n\t\t\n\t\t\t\t\t<a data-image-id=\"1334\" role=\"button\" data-elementor-open-lightbox=\"no\" tabindex=\"0\" rel=\"jtg-1010\" data-caption=\"\" aria-label=\"Open image in lightbox\" class=\"tile-inner modula-item-link\"><\/a>\n\t\t\n\t\t<img decoding=\"async\" class=\"pic wp-image-1334\"  data-valign=\"middle\" data-halign=\"center\" alt=\"\" data-full=\"https:\/\/www.portanaviajes.com\/wp-content\/uploads\/2023\/10\/FERNAN-PEREZ-1.jpeg\" title=\"FERNAN PEREZ 1\" crop=\"\" width=\"2000\" height=\"1500\" src=\"https:\/\/www.portanaviajes.com\/wp-content\/uploads\/2023\/10\/FERNAN-PEREZ-1.jpeg\" data-src=\"https:\/\/www.portanaviajes.com\/wp-content\/uploads\/2023\/10\/FERNAN-PEREZ-1.jpeg\" data-caption=\"\" srcset=\"https:\/\/www.portanaviajes.com\/wp-content\/uploads\/2023\/10\/FERNAN-PEREZ-1.jpeg 2000w, https:\/\/www.portanaviajes.com\/wp-content\/uploads\/2023\/10\/FERNAN-PEREZ-1-300x225.jpeg 300w, https:\/\/www.portanaviajes.com\/wp-content\/uploads\/2023\/10\/FERNAN-PEREZ-1-1024x768.jpeg 1024w, https:\/\/www.portanaviajes.com\/wp-content\/uploads\/2023\/10\/FERNAN-PEREZ-1-768x576.jpeg 768w, https:\/\/www.portanaviajes.com\/wp-content\/uploads\/2023\/10\/FERNAN-PEREZ-1-1536x1152.jpeg 1536w, https:\/\/www.portanaviajes.com\/wp-content\/uploads\/2023\/10\/FERNAN-PEREZ-1-16x12.jpeg 16w\" sizes=\"(max-width: 2000px) 100vw, 2000px\" \/>\n\t<\/div>\n\n<\/div><div class=\"modula-item\" data-width=\"3\" data-height=\"3\" >\n\t<div class=\"modula-item-content\">\n\t\t\n\t\t\t\t\t<a data-image-id=\"4201\" role=\"button\" data-elementor-open-lightbox=\"no\" tabindex=\"0\" rel=\"jtg-1010\" data-caption=\"ERG CHEBBI\" aria-label=\"Open image in lightbox\" class=\"tile-inner modula-item-link\"><\/a>\n\t\t\n\t\t<img decoding=\"async\" class=\"pic wp-image-4201\"  data-valign=\"middle\" data-halign=\"center\" alt=\"RUTA EN DROMEDARIO\" data-full=\"https:\/\/www.portanaviajes.com\/wp-content\/uploads\/2024\/03\/MD-23-e1709804821428.jpg\" title=\"DROMEDARIOS\" crop=\"\" width=\"2040\" height=\"1077\" src=\"https:\/\/www.portanaviajes.com\/wp-content\/uploads\/2024\/03\/MD-23-e1709804821428.jpg\" data-src=\"https:\/\/www.portanaviajes.com\/wp-content\/uploads\/2024\/03\/MD-23-e1709804821428.jpg\" data-caption=\"ERG CHEBBI\" srcset=\"https:\/\/www.portanaviajes.com\/wp-content\/uploads\/2024\/03\/MD-23-e1709804821428.jpg 2040w, https:\/\/www.portanaviajes.com\/wp-content\/uploads\/2024\/03\/MD-23-e1709804821428-300x158.jpg 300w, https:\/\/www.portanaviajes.com\/wp-content\/uploads\/2024\/03\/MD-23-e1709804821428-1024x541.jpg 1024w, https:\/\/www.portanaviajes.com\/wp-content\/uploads\/2024\/03\/MD-23-e1709804821428-768x405.jpg 768w, https:\/\/www.portanaviajes.com\/wp-content\/uploads\/2024\/03\/MD-23-e1709804821428-1536x811.jpg 1536w, https:\/\/www.portanaviajes.com\/wp-content\/uploads\/2024\/03\/MD-23-e1709804821428-18x10.jpg 18w\" sizes=\"(max-width: 2040px) 100vw, 2040px\" \/>\n\t<\/div>\n\n<\/div><div class=\"modula-item\" data-width=\"3\" data-height=\"3\" >\n\t<div class=\"modula-item-content\">\n\t\t\n\t\t\t\t\t<a data-image-id=\"4047\" role=\"button\" data-elementor-open-lightbox=\"no\" tabindex=\"0\" rel=\"jtg-1010\" data-caption=\"\" aria-label=\"Open image in lightbox\" class=\"tile-inner modula-item-link\"><\/a>\n\t\t\n\t\t<img loading=\"lazy\" decoding=\"async\" class=\"pic wp-image-4047\"  data-valign=\"middle\" data-halign=\"center\" alt=\"\" data-full=\"https:\/\/www.portanaviajes.com\/wp-content\/uploads\/2024\/01\/Diseno-sin-titulo-96-e1705942877964.png\" title=\"Dise\u00f1o sin t\u00edtulo (96)\" crop=\"\" width=\"1536\" height=\"591\" src=\"https:\/\/www.portanaviajes.com\/wp-content\/uploads\/2024\/01\/Diseno-sin-titulo-96-e1705942877964.png\" data-src=\"https:\/\/www.portanaviajes.com\/wp-content\/uploads\/2024\/01\/Diseno-sin-titulo-96-e1705942877964.png\" data-caption=\"\" srcset=\"https:\/\/www.portanaviajes.com\/wp-content\/uploads\/2024\/01\/Diseno-sin-titulo-96-e1705942877964.png 1536w, https:\/\/www.portanaviajes.com\/wp-content\/uploads\/2024\/01\/Diseno-sin-titulo-96-e1705942877964-300x115.png 300w, https:\/\/www.portanaviajes.com\/wp-content\/uploads\/2024\/01\/Diseno-sin-titulo-96-e1705942877964-1024x394.png 1024w, https:\/\/www.portanaviajes.com\/wp-content\/uploads\/2024\/01\/Diseno-sin-titulo-96-e1705942877964-768x296.png 768w, https:\/\/www.portanaviajes.com\/wp-content\/uploads\/2024\/01\/Diseno-sin-titulo-96-e1705942877964-18x7.png 18w\" sizes=\"(max-width: 1536px) 100vw, 1536px\" \/>\n\t<\/div>\n\n<\/div>\t\t\n\t<\/div>\n\n\t\n\t\n\t<script type=\"application\/ld+json\">\n\t{\n\t\t\"@context\": \"http:\/\/schema.org\",\n\t\t\"@type\"   : \"ImageGallery\",\n\t\t\"id\"      : \"https:\/\/www.portanaviajes.com\/en\/que-es-portana\/\",\n\t\t\"url\"     : \"https:\/\/www.portanaviajes.com\/en\/que-es-portana\/\"\n\t}\n\n\t<\/script>\n\n\t\n<\/div>\n<\/p>\t\t\t\t\t\t\t\t<\/div>\n\t\t\t\t<\/div>\n\t\t\t\t\t<\/div>\n\t\t<\/div>\n\t\t\t\t\t<\/div>\n\t\t<\/section>\n\t\t\t\t<\/div>\n\t\t","protected":false},"excerpt":{"rendered":"<p>&#8220;NO HE IDO A\u00daN A TODAS PARTES, PERO EST\u00c1 EN MI LISTA&#8221; Susana Sontag AGENCIA DE VIAJES Y TURISMO ACTIVO PORTANA &#8220;Es tiempo de aventuras&#8221; Nuestros viajes son \u00fanicos y exclusivos, creados y desarrollados por nosotros, contando con la infraestructura necesaria para conseguir sorprender,&#8230;<\/p>","protected":false},"author":2,"featured_media":0,"parent":0,"menu_order":0,"comment_status":"closed","ping_status":"closed","template":"","meta":{"footnotes":""},"class_list":["post-998","page","type-page","status-publish","hentry"],"meta_box":[],"_links":{"self":[{"href":"https:\/\/www.portanaviajes.com\/en\/wp-json\/wp\/v2\/pages\/998","targetHints":{"allow":["GET"]}}],"collection":[{"href":"https:\/\/www.portanaviajes.com\/en\/wp-json\/wp\/v2\/pages"}],"about":[{"href":"https:\/\/www.portanaviajes.com\/en\/wp-json\/wp\/v2\/types\/page"}],"author":[{"embeddable":true,"href":"https:\/\/www.portanaviajes.com\/en\/wp-json\/wp\/v2\/users\/2"}],"replies":[{"embeddable":true,"href":"https:\/\/www.portanaviajes.com\/en\/wp-json\/wp\/v2\/comments?post=998"}],"version-history":[{"count":46,"href":"https:\/\/www.portanaviajes.com\/en\/wp-json\/wp\/v2\/pages\/998\/revisions"}],"predecessor-version":[{"id":8712,"href":"https:\/\/www.portanaviajes.com\/en\/wp-json\/wp\/v2\/pages\/998\/revisions\/8712"}],"wp:attachment":[{"href":"https:\/\/www.portanaviajes.com\/en\/wp-json\/wp\/v2\/media?parent=998"}],"curies":[{"name":"wp","href":"https:\/\/api.w.org\/{rel}","templated":true}]}}